{"id":15503,"date":"2021-02-13T14:07:15","date_gmt":"2021-02-13T14:07:15","guid":{"rendered":"https:\/\/palaceostromecko.pl\/kontakt-2\/"},"modified":"2026-05-15T14:22:30","modified_gmt":"2026-05-15T14:22:30","slug":"kontakt-2","status":"publish","type":"page","link":"https:\/\/palaceostromecko.pl\/de\/kontakt-2\/","title":{"rendered":"Kontakt"},"content":{"rendered":"\n<h1 class=\"wp-block-heading has-text-align-left\">Kontakt<\/h1>\n\n<div class=\"wp-block-columns is-layout-flex wp-container-core-columns-is-layout-9d6595d7 wp-block-columns-is-layout-flex\">\n<div class=\"wp-block-column is-layout-flow wp-block-column-is-layout-flow\">\n<p class=\"has-medium-font-size\">Der Schloss- und Parkkomplex in Ostromecko<\/p>\n\n\n\n<p class=\"has-medium-font-size\">ul. Bydgoska 9, Ostromecko, 86-070 D\u0105browa Che\u0142mi\u0144ska<br \/><br \/><strong>Jadalnie Pa\u0142acowe zapraszaj\u0105 od poniedzia\u0142ku do pi\u0105tku, w godz. 12:00 \u2013 20:00, a w weekendy w godz. 10:00 \u2013 20:00. Rezerwacje pokoi go\u015bcinnych prowadzone s\u0105 przez wszystkie dni tygodnia w godz. 10:00-20:00. Wi\u0119cej informacji odno\u015bnie oferty i zwiedzania pa\u0142ac\u00f3w znajd\u0105 Pa\u0144stwo <a href=\"https:\/\/palaceostromecko.pl\/informacje-praktyczne\/\">tutaj<\/a>.<\/strong><\/p>\n<\/div>\n<\/div>\n\n<div style=\"height:100px\" aria-hidden=\"true\" class=\"wp-block-spacer\"><\/div>\n\n<div class=\"wp-block-columns is-layout-flex wp-container-core-columns-is-layout-9d6595d7 wp-block-columns-is-layout-flex\">\n<div class=\"wp-block-column is-layout-flow wp-block-column-is-layout-flow\">\n<h2 class=\"wp-block-heading\">Organisation von Feierlichkeiten<\/h2>\n\n\n\n<p><strong>Dominika Mirus<\/strong><br \/>+48 519 346 570<br \/><a href=\"mailto:dominika.mirus@mck-bydgoszcz.pl\">dominika.mirus@mck-bydgoszcz.pl<\/a><\/p>\n\n\n\n<h2 class=\"wp-block-heading\">Recepcja &#8211; informacja turystyczna, rezerwacja bilet\u00f3w i pokoi go\u015bcinnych<\/h2>\n\n\n\n<p>+48 785 250 182<br \/><a href=\"mailto:recepcja@palaceostromecko.pl\">recepcja@palaceostromecko.pl<\/a><br \/><br \/><a data-type=\"URL\" data-id=\"https:\/\/www.booking.com\/hotel\/pl\/zespol-palacowo-parkowy-w-ostromecku.pl.html\" href=\"https:\/\/www.booking.com\/hotel\/pl\/zespol-palacowo-parkowy-w-ostromecku.pl.html\">Zarezerwuj przez Booking.com  &gt;<\/a><\/p>\n\n\n\n<p><\/p>\n\n\n\n<h2 class=\"wp-block-heading\">Sekcja Dziedzictwa Kulturowego <\/h2>\n\n\n\n<p>Kurator\/Kierownik<strong> <\/strong>&#8211;<strong> Andrzej Gawro\u0144ski<\/strong><br \/>+48 519 346 578<\/p>\n\n\n\n<p>+48 52 364 64 41<br \/><a href=\"mailto:andrzej.gawronski@mck-bydgoszcz.pl\">andrzej.gawronski@mck-bydgoszcz.pl<\/a><\/p>\n\n\n\n<p>Specjalista\/koordynator ds. edukacji i popularyzacji dziedzictwa ZPP Ostromecko<strong> &#8211; Pawe\u0142 \u015awieca<\/strong><\/p>\n\n\n\n<p><a href=\"mailto:pawel.swieca@mck-bydgoszcz.pl\">pawel.swieca@mck-bydgoszcz.pl<\/a><\/p>\n\n\n\n<p>Specjalistka ds. promocji &#8211; <strong>Marta M\u0142odzikowska<\/strong><br \/><a href=\"mailto:marta.mlodzikowska@mck-bydgoszcz.pl\">marta.mlodzikowska@mck-bydgoszcz.pl<\/a><\/p>\n\n\n\n<p>Specjalista ds. Obs\u0142ugi Ruchu Turystycznego &#8211; <strong>Ewelina Bukolt<\/strong><\/p>\n\n\n\n<p>+48 519 346 572<\/p>\n\n\n\n<p><a href=\"mailto:ewelina.bukolt@mck-bydgoszcz.pl\">ewelina.bukolt@mck-bydgoszcz.pl<\/a><\/p>\n<\/div>\n\n\n\n<div class=\"wp-block-column is-layout-flow wp-block-column-is-layout-flow\">\n<h2 class=\"wp-block-heading\">Rezerwacja stolik\u00f3w restauracyjnych \/ koszy piknikowych<\/h2>\n\n\n\n<p>+48 785 251 162<br \/>Zam\u00f3wienia na kosze przyjmujemy do godziny 18:00 dnia poprzedzaj\u0105cego wizyt\u0119.<br \/><a href=\"mailto:recepcja@palacestromecko.pl\">restauracja@palaceostromecko.pl<\/a><\/p>\n\n\n\n<h2 class=\"wp-block-heading\"><\/h2>\n\n\n\n<h2 class=\"wp-block-heading\">Konto bankowe<\/h2>\n\n\n\n<p><strong><strong>BANK BNP PARIBAS\u2002\u2002\u00a0 \u00a0 \u00a0 \u00a0<\/strong><\/strong><br \/>92 1600 1462 1742 7185 8000 0002<\/p>\n<\/div>\n<\/div>\n\n<div style=\"height:58px\" aria-hidden=\"true\" class=\"wp-block-spacer\"><\/div>\n<div class=\"wp-block-image\">\n<figure class=\"aligncenter size-large\"><a href=\"https:\/\/palaceostromecko.pl\/wp-content\/uploads\/2021\/03\/plan-zpp-w-ostromecku.png\"><img data-dominant-color=\"b9cd9e\" data-has-transparency=\"true\" style=\"--dominant-color: #b9cd9e;\" loading=\"lazy\" decoding=\"async\" width=\"1105\" height=\"599\" src=\"https:\/\/palaceostromecko.pl\/wp-content\/uploads\/2021\/03\/plan-zpp-w-ostromecku.png\" alt=\"Plan des IPP in Ostromecko\" class=\"wp-image-11107 has-transparency\" \/><\/a><figcaption class=\"wp-element-caption\">Plan des IPP in Ostromeck&gt;<\/figcaption><\/figure>\n<\/div>\n<p><\/p>\n","protected":false},"excerpt":{"rendered":"<p>Kontakt Der Schloss- und Parkkomplex in Ostromecko ul. Bydgoska 9, Ostromecko, 86-070 D\u0105browa Che\u0142mi\u0144ska Jadalnie Pa\u0142acowe zapraszaj\u0105 od poniedzia\u0142ku do pi\u0105tku, w godz. 12:00 \u2013 20:00, [&hellip;]<\/p>\n","protected":false},"author":6,"featured_media":0,"parent":0,"menu_order":0,"comment_status":"closed","ping_status":"closed","template":"","meta":{"footnotes":""},"class_list":["post-15503","page","type-page","status-publish","hentry"],"yoast_head":"<!-- This site is optimized with the Yoast SEO plugin v27.5 - https:\/\/yoast.com\/product\/yoast-seo-wordpress\/ -->\n<title>Kontakt - ZPP Ostromecko<\/title>\n<meta name=\"robots\" content=\"index, follow, max-snippet:-1, max-image-preview:large, max-video-preview:-1\" \/>\n<link rel=\"canonical\" href=\"https:\/\/palaceostromecko.pl\/de\/kontakt-2\/\" \/>\n<meta property=\"og:locale\" content=\"de_DE\" \/>\n<meta property=\"og:type\" content=\"article\" \/>\n<meta property=\"og:title\" content=\"Kontakt - ZPP Ostromecko\" \/>\n<meta property=\"og:description\" content=\"Kontakt Der Schloss- und Parkkomplex in Ostromecko ul. Bydgoska 9, Ostromecko, 86-070 D\u0105browa Che\u0142mi\u0144ska Jadalnie Pa\u0142acowe zapraszaj\u0105 od poniedzia\u0142ku do pi\u0105tku, w godz. 12:00 \u2013 20:00, [&hellip;]\" \/>\n<meta property=\"og:url\" content=\"https:\/\/palaceostromecko.pl\/de\/kontakt-2\/\" \/>\n<meta property=\"og:site_name\" content=\"ZPP Ostromecko\" \/>\n<meta property=\"article:modified_time\" content=\"2026-05-15T14:22:30+00:00\" \/>\n<meta property=\"og:image\" content=\"https:\/\/palaceostromecko.pl\/wp-content\/uploads\/2021\/03\/plan-zpp-w-ostromecku.png\" \/>\n\t<meta property=\"og:image:width\" content=\"1105\" \/>\n\t<meta property=\"og:image:height\" content=\"599\" \/>\n\t<meta property=\"og:image:type\" content=\"image\/png\" \/>\n<meta name=\"twitter:card\" content=\"summary_large_image\" \/>\n<meta name=\"twitter:label1\" content=\"Est. reading time\" \/>\n\t<meta name=\"twitter:data1\" content=\"1 minute\" \/>\n<script type=\"application\/ld+json\" class=\"yoast-schema-graph\">{\"@context\":\"https:\\\/\\\/schema.org\",\"@graph\":[{\"@type\":\"WebPage\",\"@id\":\"https:\\\/\\\/palaceostromecko.pl\\\/de\\\/kontakt-2\\\/\",\"url\":\"https:\\\/\\\/palaceostromecko.pl\\\/de\\\/kontakt-2\\\/\",\"name\":\"Kontakt - ZPP Ostromecko\",\"isPartOf\":{\"@id\":\"https:\\\/\\\/palaceostromecko.pl\\\/de\\\/#website\"},\"primaryImageOfPage\":{\"@id\":\"https:\\\/\\\/palaceostromecko.pl\\\/de\\\/kontakt-2\\\/#primaryimage\"},\"image\":{\"@id\":\"https:\\\/\\\/palaceostromecko.pl\\\/de\\\/kontakt-2\\\/#primaryimage\"},\"thumbnailUrl\":\"https:\\\/\\\/palaceostromecko.pl\\\/wp-content\\\/uploads\\\/2021\\\/03\\\/plan-zpp-w-ostromecku.png\",\"datePublished\":\"2021-02-13T14:07:15+00:00\",\"dateModified\":\"2026-05-15T14:22:30+00:00\",\"breadcrumb\":{\"@id\":\"https:\\\/\\\/palaceostromecko.pl\\\/de\\\/kontakt-2\\\/#breadcrumb\"},\"inLanguage\":\"de-DE\",\"potentialAction\":[{\"@type\":\"ReadAction\",\"target\":[\"https:\\\/\\\/palaceostromecko.pl\\\/de\\\/kontakt-2\\\/\"]}]},{\"@type\":\"ImageObject\",\"inLanguage\":\"de-DE\",\"@id\":\"https:\\\/\\\/palaceostromecko.pl\\\/de\\\/kontakt-2\\\/#primaryimage\",\"url\":\"https:\\\/\\\/palaceostromecko.pl\\\/wp-content\\\/uploads\\\/2021\\\/03\\\/plan-zpp-w-ostromecku.png\",\"contentUrl\":\"https:\\\/\\\/palaceostromecko.pl\\\/wp-content\\\/uploads\\\/2021\\\/03\\\/plan-zpp-w-ostromecku.png\"},{\"@type\":\"BreadcrumbList\",\"@id\":\"https:\\\/\\\/palaceostromecko.pl\\\/de\\\/kontakt-2\\\/#breadcrumb\",\"itemListElement\":[{\"@type\":\"ListItem\",\"position\":1,\"name\":\"Strona g\u0142\u00f3wna\",\"item\":\"https:\\\/\\\/palaceostromecko.pl\\\/de\\\/\"},{\"@type\":\"ListItem\",\"position\":2,\"name\":\"Kontakt\"}]},{\"@type\":\"WebSite\",\"@id\":\"https:\\\/\\\/palaceostromecko.pl\\\/de\\\/#website\",\"url\":\"https:\\\/\\\/palaceostromecko.pl\\\/de\\\/\",\"name\":\"ZPP Ostromecko\",\"description\":\"\",\"potentialAction\":[{\"@type\":\"SearchAction\",\"target\":{\"@type\":\"EntryPoint\",\"urlTemplate\":\"https:\\\/\\\/palaceostromecko.pl\\\/de\\\/?s={search_term_string}\"},\"query-input\":{\"@type\":\"PropertyValueSpecification\",\"valueRequired\":true,\"valueName\":\"search_term_string\"}}],\"inLanguage\":\"de-DE\"}]}<\/script>\n<!-- \/ Yoast SEO plugin. -->","yoast_head_json":{"title":"Kontakt - ZPP Ostromecko","robots":{"index":"index","follow":"follow","max-snippet":"max-snippet:-1","max-image-preview":"max-image-preview:large","max-video-preview":"max-video-preview:-1"},"canonical":"https:\/\/palaceostromecko.pl\/de\/kontakt-2\/","og_locale":"de_DE","og_type":"article","og_title":"Kontakt - ZPP Ostromecko","og_description":"Kontakt Der Schloss- und Parkkomplex in Ostromecko ul. Bydgoska 9, Ostromecko, 86-070 D\u0105browa Che\u0142mi\u0144ska Jadalnie Pa\u0142acowe zapraszaj\u0105 od poniedzia\u0142ku do pi\u0105tku, w godz. 12:00 \u2013 20:00, [&hellip;]","og_url":"https:\/\/palaceostromecko.pl\/de\/kontakt-2\/","og_site_name":"ZPP Ostromecko","article_modified_time":"2026-05-15T14:22:30+00:00","og_image":[{"width":1105,"height":599,"url":"https:\/\/palaceostromecko.pl\/wp-content\/uploads\/2021\/03\/plan-zpp-w-ostromecku.png","type":"image\/png"}],"twitter_card":"summary_large_image","twitter_misc":{"Est. reading time":"1 minute"},"schema":{"@context":"https:\/\/schema.org","@graph":[{"@type":"WebPage","@id":"https:\/\/palaceostromecko.pl\/de\/kontakt-2\/","url":"https:\/\/palaceostromecko.pl\/de\/kontakt-2\/","name":"Kontakt - ZPP Ostromecko","isPartOf":{"@id":"https:\/\/palaceostromecko.pl\/de\/#website"},"primaryImageOfPage":{"@id":"https:\/\/palaceostromecko.pl\/de\/kontakt-2\/#primaryimage"},"image":{"@id":"https:\/\/palaceostromecko.pl\/de\/kontakt-2\/#primaryimage"},"thumbnailUrl":"https:\/\/palaceostromecko.pl\/wp-content\/uploads\/2021\/03\/plan-zpp-w-ostromecku.png","datePublished":"2021-02-13T14:07:15+00:00","dateModified":"2026-05-15T14:22:30+00:00","breadcrumb":{"@id":"https:\/\/palaceostromecko.pl\/de\/kontakt-2\/#breadcrumb"},"inLanguage":"de-DE","potentialAction":[{"@type":"ReadAction","target":["https:\/\/palaceostromecko.pl\/de\/kontakt-2\/"]}]},{"@type":"ImageObject","inLanguage":"de-DE","@id":"https:\/\/palaceostromecko.pl\/de\/kontakt-2\/#primaryimage","url":"https:\/\/palaceostromecko.pl\/wp-content\/uploads\/2021\/03\/plan-zpp-w-ostromecku.png","contentUrl":"https:\/\/palaceostromecko.pl\/wp-content\/uploads\/2021\/03\/plan-zpp-w-ostromecku.png"},{"@type":"BreadcrumbList","@id":"https:\/\/palaceostromecko.pl\/de\/kontakt-2\/#breadcrumb","itemListElement":[{"@type":"ListItem","position":1,"name":"Strona g\u0142\u00f3wna","item":"https:\/\/palaceostromecko.pl\/de\/"},{"@type":"ListItem","position":2,"name":"Kontakt"}]},{"@type":"WebSite","@id":"https:\/\/palaceostromecko.pl\/de\/#website","url":"https:\/\/palaceostromecko.pl\/de\/","name":"ZPP Ostromecko","description":"","potentialAction":[{"@type":"SearchAction","target":{"@type":"EntryPoint","urlTemplate":"https:\/\/palaceostromecko.pl\/de\/?s={search_term_string}"},"query-input":{"@type":"PropertyValueSpecification","valueRequired":true,"valueName":"search_term_string"}}],"inLanguage":"de-DE"}]}},"_links":{"self":[{"href":"https:\/\/palaceostromecko.pl\/de\/wp-json\/wp\/v2\/pages\/15503","targetHints":{"allow":["GET"]}}],"collection":[{"href":"https:\/\/palaceostromecko.pl\/de\/wp-json\/wp\/v2\/pages"}],"about":[{"href":"https:\/\/palaceostromecko.pl\/de\/wp-json\/wp\/v2\/types\/page"}],"author":[{"embeddable":true,"href":"https:\/\/palaceostromecko.pl\/de\/wp-json\/wp\/v2\/users\/6"}],"replies":[{"embeddable":true,"href":"https:\/\/palaceostromecko.pl\/de\/wp-json\/wp\/v2\/comments?post=15503"}],"version-history":[{"count":103,"href":"https:\/\/palaceostromecko.pl\/de\/wp-json\/wp\/v2\/pages\/15503\/revisions"}],"predecessor-version":[{"id":20216,"href":"https:\/\/palaceostromecko.pl\/de\/wp-json\/wp\/v2\/pages\/15503\/revisions\/20216"}],"wp:attachment":[{"href":"https:\/\/palaceostromecko.pl\/de\/wp-json\/wp\/v2\/media?parent=15503"}],"curies":[{"name":"wp","href":"https:\/\/api.w.org\/{rel}","templated":true}]}}