{"id":14916,"date":"2021-02-13T14:04:50","date_gmt":"2021-02-13T14:04:50","guid":{"rendered":"https:\/\/po.marcindziadek.pl\/erklaerung-der-verfuegbarkeit\/"},"modified":"2023-12-04T10:17:30","modified_gmt":"2023-12-04T10:17:30","slug":"erklaerung-der-verfuegbarkeit","status":"publish","type":"page","link":"https:\/\/palaceostromecko.pl\/de\/erklaerung-der-verfuegbarkeit\/","title":{"rendered":"Erkl\u00e4rung der Verf\u00fcgbarkeit"},"content":{"rendered":"\n<h1 class=\"wp-block-heading\">Erkl\u00e4rung der Verf\u00fcgbarkeit<\/h1>\n\n<p id=\"a11y-wstep\">Der Schloss- und Parkkomplex Ostromecko verpflichtet sich, daf\u00fcr zu sorgen, dass seine Website gem\u00e4\u00df den Bestimmungen des Gesetzes vom 4. April 2019 zug\u00e4nglich ist. \u00fcber die digitale Zug\u00e4nglichkeit von Websites und mobilen Anwendungen \u00f6ffentlicher Einrichtungen.<\/p>\n\n<p>Die Zug\u00e4nglichkeitserkl\u00e4rung gilt f\u00fcr die Website: <a href=\"https:\/\/palaceostromecko.pl\/de\/\">Der Schloss- und Parkkomplex in Ostromecko<\/a>.<\/p>\n\n<p>Datum der Ver\u00f6ffentlichung der Website: <span id=\"a11y-data-publikacja\">2014-03-02<\/span>.  <br\/>Datum der letzten wesentlichen Aktualisierung: <span id=\"a11y-data-aktualizacja\">2023-03-28<\/span>.<\/p>\n\n<h2 class=\"wp-block-heading\">Stand der digitalen Barrierefreiheit<\/h2>\n\n<p>Die Website <strong>entspricht<\/strong> dem Gesetz vom 4. April 2019. \u00fcber die digitale Zug\u00e4nglichkeit von Websites und mobilen Anwendungen \u00f6ffentlicher Einrichtungen.<\/p>\n\n<h2 class=\"wp-block-heading\">Vorbereitung der Zug\u00e4nglichkeitserkl\u00e4rung<\/h2>\n\n<p>Datum der Erkl\u00e4rung: <span id=\"a11y-data-sporzadzenie\">2023-03-30<\/span>.  <br\/>Die Erkl\u00e4rung st\u00fctzt sich auf eine Studie, die von einer externen Einrichtung durchgef\u00fchrt wurde: <a href=\"https:\/\/wcag-audyt.pl\/\" target=\"_blank\" rel=\"noreferrer noopener\">WCAG-AUDYT.PL<\/a>.<\/p>\n\n<h2 class=\"wp-block-heading\">Tastaturk\u00fcrzel<\/h2>\n\n<p>Auf dieser Website k\u00f6nnen die Standard-Tastaturk\u00fcrzel verwendet werden.<\/p>\n\n<h2 class=\"wp-block-heading\" id=\"a11y-kontakt\">R\u00fcckmeldungen und Kontaktinformationen<\/h2>\n\n<p>Falls es Probleme mit der Zug\u00e4nglichkeit der Website gibt, melden Sie dies bitte <span id=\"a11y-osoba\">Jagoda Ptaszynska<\/span> unter der E-Mail-Adresse: <span id=\"a11y-email\">jagoda.ptaszynska@mck-bydgoszcz.pl,<\/span> oder per Telefon unter: <span id=\"a11y-telefon\">733 666 455<\/span>.<\/p>\n\n<p>Geben Sie in Ihrer Bewerbung an:<\/p>\n\n<ul class=\"wp-block-list\">\n<li>Ihr Name,<\/li>\n\n\n\n<li>Ihre Kontaktangaben (z. B. Telefonnummer, E-Mail),<\/li>\n\n\n\n<li>die genaue Adresse der Webseite, auf der das Element oder der Inhalt nicht verf\u00fcgbar ist,<\/li>\n\n\n\n<li>eine Beschreibung des Problems und des Weges, auf dem Sie es am liebsten l\u00f6sen w\u00fcrden.<\/li>\n<\/ul>\n\n<h2 class=\"wp-block-heading\" id=\"a11y-procedura\">Bearbeitung von Antr\u00e4gen und Beschwerden zur Barrierefreiheit<\/h2>\n\n<p>Antr\u00e4ge auf unzug\u00e4ngliche Informationen und Beschwerden \u00fcber Unzug\u00e4nglichkeit k\u00f6nnen auf demselben Weg gestellt werden &#8211; \u00fcber die oben angegebene E-Mail-Adresse oder Telefonnummer.<\/p>\n\n<p>Sollte diese Frist f\u00fcr uns zu kurz sein, werden wir Sie dar\u00fcber informieren. Darin setzen wir Ihnen eine neue Frist, innerhalb derer wir die von Ihnen gemeldeten Fehler korrigieren oder die Informationen auf andere Weise aufbereiten werden. Diese neue Frist wird nicht l\u00e4nger als 2 Monate betragen.<\/p>\n\n<p>Wenn wir nicht in der Lage sind, die Verf\u00fcgbarkeit einer digitalen Website oder eines digitalen Inhalts auf der Grundlage Ihrer Angaben zu gew\u00e4hrleisten, werden wir Ihnen den Zugang auf anderem Wege erm\u00f6glichen. Wenn Sie mit unseren Ma\u00dfnahmen nicht zufrieden sind, k\u00f6nnen Sie eine Beschwerde einreichen.<\/p>\n\n<p>Wenn Sie weiterhin Anmerkungen zu unseren Aktivit\u00e4ten im Zusammenhang mit der digitalen Zug\u00e4nglichkeit haben, k\u00f6nnen Sie diese dem <a href=\"https:\/\/www.rpo.gov.pl\/content\/kontakt\">B\u00fcrgerbeauftragten<\/a> mitteilen.<\/p>\n\n<h2 class=\"wp-block-heading\" id=\"a11y-architektura\">Architektonische Zug\u00e4nglichkeit<\/h2>\n\n<p>ul. Bydgoska 9<\/p>\n\n<h3 class=\"wp-block-heading\">Zug\u00e4nglichkeit des Geb\u00e4udeeingangs<\/h3>\n\n<p>Der Alte Palast befindet sich mitten im Park. Touristen k\u00f6nnen ihre Fahrzeuge auf vier Parkpl\u00e4tzen abstellen: auf dem gro\u00dfen Parkplatz links vom Neuen Schloss, dem ersten, der von Bydgoszcz aus angefahren wird; am Haupteingangstor des Neuen Schlosses; auf dem internen Parkplatz direkt neben dem Neuen Schloss; und auf dem Parkplatz neben der r\u00f6misch-katholischen Kirche St. Peter und St. Paul. Heilige Nikolaus der Bischof, Stanislaus der Bischof und M\u00e4rtyrer und Johannes der T\u00e4ufer. Zum Alten Palast f\u00fchren park\u00e4hnliche Gassen hinauf. F\u00fcr Menschen mit Behinderungen empfiehlt sich der Zugang zur Parkowa-Stra\u00dfe \u00fcber den Parkplatz an der Kirche, direkt unter dem Alten Schloss. Hier gibt es eine Bucht, einen Parkplatz. Wird in diesen Situationen oder zum Entladen verwendet.<\/p>\n\n<h3 class=\"wp-block-heading\">Zug\u00e4nglichkeit von Fluren, Treppen und Aufz\u00fcgen<\/h3>\n\n<p>Der Alte Palast wurde in der ersten H\u00e4lfte des 18. Jahrhunderts erbaut. Seine Infrastruktur ist f\u00fcr Rollstuhlfahrer nicht geeignet. Es ist m\u00f6glich, das Erdgeschoss zu besichtigen, wo mehr als ein Dutzend Instrumente aus der Tschaikowsky-Klaviersammlung zu sehen sind. A. Szwalbe. Das symmetrische Treppenhaus kann in seiner ganzen Pracht bewundert werden.<\/p>\n\n<p>Eingang zum Alten Palast: zwei Treppen von 16 cm und 20 cm H\u00f6he. Die Doppelt\u00fcren, die sich vollst\u00e4ndig \u00f6ffnen lassen, erreichen so eine Breite von 1,5 m. Rollstuhlfahrer werden also eintreten.<\/p>\n\n<h3 class=\"wp-block-heading\">Neigungen, Plattformen, Sprachinformationen, Induktionsschleifen<\/h3>\n\n<p>Das ist nicht der Fall.<\/p>\n\n<h3 class=\"wp-block-heading\">Lage, Anzahl und Nutzung von Behindertenparkpl\u00e4tzen<\/h3>\n\n<p>Kein ausgeschilderter Parkplatz f\u00fcr Menschen mit Behinderungen. Im Palast sind noch Pl\u00e4tze frei.<\/p>\n\n<h3 class=\"wp-block-heading\">Recht auf Zugang mit Assistenzhund (Behinderungen und Einschr\u00e4nkungen)<\/h3>\n\n<p>Besucher sind mit einem Begleithund willkommen; es gibt keine Einschr\u00e4nkungen.<\/p>\n\n<p>Menschen mit Behinderungen k\u00f6nnen Veranstaltungen mit einem ausgebildeten Blindenhund oder Assistenzhund besuchen (wir sprechen von den intimen Klavierkonzerten im ersten Stock).<\/p>\n\n<h3 class=\"wp-block-heading\">Geb\u00e4rdendolmetscher vor Ort oder online<\/h3>\n\n<p>Online-Dolmetscher \u00fcber benutzerdefinierte Anwendungen verf\u00fcgbar. Es ist nicht m\u00f6glich, vor Ort oder online einen Dolmetscher f\u00fcr die polnische Geb\u00e4rdensprache einzusetzen.<\/p>\n\n<h3 class=\"wp-block-heading\">Andere Informationen<\/h3>\n\n<p>Die Toilette befindet sich im Erdgeschoss und ist an die Bed\u00fcrfnisse von Menschen mit Behinderungen angepasst.<\/p>\n\n<h2 class=\"wp-block-heading\">Architektonische Zug\u00e4nglichkeit des Neuen Schlosses in Ostromecko<\/h2>\n\n<p>ul. Bydgoska 9<\/p>\n\n<h3 class=\"wp-block-heading\">Zug\u00e4nglichkeit des Geb\u00e4udeeingangs<\/h3>\n\n<p>Haupteingang von der ul. Bydgoska 9, verdichteter Sandweg, gepflasterte Einfahrt vor dem Eingang und dann die Treppe hinauf zum Haupteingang, auch \u00fcber eine Behindertenrampe zur Treppe erreichbar, keine Barrieren oder Rollstuhlrampe.<\/p>\n\n<h3 class=\"wp-block-heading\">Zug\u00e4nglichkeit von Fluren, Treppen und Aufz\u00fcgen<\/h3>\n\n<p>Im Hauptteil des Neuen Palastes gibt es unter anderem eine Plattform, mit der behinderte Menschen von der Ebene 0 auf die Ebene -1 zu den Toiletten gelangen k\u00f6nnen. f\u00fcr Menschen mit Behinderungen, ohne Hindernisse. Fehlender Zugang f\u00fcr Behinderte im Rollstuhl zu den oberen Stockwerken des Neuen Palais.<\/p>\n\n<h3 class=\"wp-block-heading\">Neigungen, Plattformen, Sprachinformationen, Induktionsschleifen<\/h3>\n\n<p>Plattform zur Bef\u00f6rderung behinderter Menschen von Ebene 0 auf Ebene -1. Die anderen gelten nicht.<\/p>\n\n<h3 class=\"wp-block-heading\">Lage, Anzahl und Nutzung von Behindertenparkpl\u00e4tzen<\/h3>\n\n<p>Kein gekennzeichneter Behindertenparkplatz.<\/p>\n\n<h3 class=\"wp-block-heading\">Recht auf Zugang mit Assistenzhund (Behinderungen und Einschr\u00e4nkungen)<\/h3>\n\n<p>Es gibt keine Einschr\u00e4nkungen.<\/p>\n\n<h3 class=\"wp-block-heading\">Geb\u00e4rdendolmetscher vor Ort oder online<\/h3>\n\n<p>Online-Dolmetscher \u00fcber mobile App an der Rezeption des Palais Nova verf\u00fcgbar.<\/p>\n\n<h3 class=\"wp-block-heading\">Andere Informationen<\/h3>\n\n<p>Eine Toilette auf Ebene -1 und ein G\u00e4stezimmer auf Ebene 0, das f\u00fcr Rollstuhlfahrer mit Behinderungen geeignet ist.<\/p>\n\n<h2 class=\"wp-block-heading\">Architektonische Zug\u00e4nglichkeit des Alten Schlosses in Ostromecko<\/h2>\n\n<p>ul. Bydgoska 9<\/p>\n\n<h3 class=\"wp-block-heading\">Zug\u00e4nglichkeit des Geb\u00e4udeeingangs<\/h3>\n\n<p>Der Alte Palast befindet sich mitten im Park. Touristen k\u00f6nnen ihre Fahrzeuge auf vier Parkpl\u00e4tzen abstellen: auf dem gro\u00dfen Parkplatz links vom Neuen Schloss, dem ersten, der von Bydgoszcz aus angefahren wird; am Haupteingangstor des Neuen Schlosses; auf dem internen Parkplatz direkt neben dem Neuen Schloss; und auf dem Parkplatz neben der r\u00f6misch-katholischen Kirche St. Peter und St. Paul. Heilige Nikolaus der Bischof, Stanislaus der Bischof und M\u00e4rtyrer und Johannes der T\u00e4ufer. Zum Alten Palast f\u00fchren park\u00e4hnliche Gassen hinauf. F\u00fcr Menschen mit Behinderungen empfiehlt sich der Zugang zur Parkowa-Stra\u00dfe \u00fcber den Parkplatz an der Kirche, direkt unter dem Alten Schloss. Hier gibt es eine Bucht, einen Parkplatz. Wird in diesen Situationen oder zum Entladen verwendet.<\/p>\n\n<h3 class=\"wp-block-heading\">Zug\u00e4nglichkeit von Fluren, Treppen und Aufz\u00fcgen<\/h3>\n\n<p>Der Alte Palast wurde in der ersten H\u00e4lfte des 18. Jahrhunderts erbaut. Seine Infrastruktur ist f\u00fcr Rollstuhlfahrer nicht geeignet. Es ist m\u00f6glich, das Erdgeschoss zu besichtigen, wo mehr als ein Dutzend Instrumente aus der Tschaikowsky-Klaviersammlung zu sehen sind. A. Szwalbe. Das symmetrische Treppenhaus kann in seiner ganzen Pracht bewundert werden.<\/p>\n\n<p>Eingang zum Alten Palast: zwei Treppen von 16 cm und 20 cm H\u00f6he. Die Doppelt\u00fcren, die sich vollst\u00e4ndig \u00f6ffnen lassen, erreichen so eine Breite von 1,5 m. Rollstuhlfahrer werden also eintreten.<\/p>\n\n<h3 class=\"wp-block-heading\">Neigungen, Plattformen, Sprachinformationen, Induktionsschleifen<\/h3>\n\n<p>Das ist nicht der Fall.<\/p>\n\n<h3 class=\"wp-block-heading\">Lage, Anzahl und Nutzung von Behindertenparkpl\u00e4tzen<\/h3>\n\n<p>Kein ausgeschilderter Parkplatz f\u00fcr Menschen mit Behinderungen. Im Palast sind noch Pl\u00e4tze frei.<\/p>\n\n<h3 class=\"wp-block-heading\">Recht auf Zugang mit Assistenzhund (Behinderungen und Einschr\u00e4nkungen)<\/h3>\n\n<p>Besucher sind mit einem Begleithund willkommen; es gibt keine Einschr\u00e4nkungen.<\/p>\n\n<p>Menschen mit Behinderungen k\u00f6nnen Veranstaltungen mit einem ausgebildeten Blindenhund oder Assistenzhund besuchen (wir sprechen von den intimen Klavierkonzerten im ersten Stock).<\/p>\n\n<h3 class=\"wp-block-heading\">Geb\u00e4rdendolmetscher vor Ort oder online<\/h3>\n\n<p>Online-Dolmetscher \u00fcber benutzerdefinierte Anwendungen verf\u00fcgbar. Es ist nicht m\u00f6glich, vor Ort oder online einen Dolmetscher f\u00fcr die polnische Geb\u00e4rdensprache einzusetzen.<\/p>\n\n<h3 class=\"wp-block-heading\">Andere Informationen<\/h3>\n\n<p>Die Toilette befindet sich im Erdgeschoss und ist an die Bed\u00fcrfnisse von Menschen mit Behinderungen angepasst.<\/p>\n\n<h2 class=\"wp-block-heading\"><strong>Zug\u00e4nglichkeit der Website<\/strong><\/h2>\n\n<p>Dies ist die offizielle Webseite zur Verf\u00fcgbarkeit des Ostromecko Palace and Park Complex in Bydgoszcz (palacwostromecku.pl).<\/p>\n\n<p>Das St\u00e4dtische Kulturzentrum in Bydgoszcz verpflichtet sich, die Zug\u00e4nglichkeit seiner Website gem\u00e4\u00df den Bestimmungen des Gesetzes vom 4. April 2019 zu gew\u00e4hrleisten. \u00fcber die digitale Zug\u00e4nglichkeit von Websites und mobilen Anwendungen \u00f6ffentlicher Einrichtungen.<\/p>\n\n<p>Es wurde eine Selbstbewertung der Zug\u00e4nglichkeit der digitalen Website f\u00fcr Menschen mit Behinderungen in Bezug auf die Leitlinien im Anhang des Gesetzes vom 4. April 2019 durchgef\u00fchrt. und nutzte das verf\u00fcgbare Website-Bewertungstool <strong>Test &#8211; European Internet Inclusion Initiative<\/strong> (http:\/\/checkers.eiii.eu\/), das zeigt, dass die Website palacwostromecku.pl die Anforderungen zu 100 % erf\u00fcllt.<\/p>\n\n<p>Datum der Ver\u00f6ffentlichung der Website: M\u00e4rz 2014.<\/p>\n\n<h3 class=\"wp-block-heading\">Stand der Einhaltung<\/h3>\n\n<p>Die Website ist teilweise mit dem Gesetz vom 4. April 2019 konform. \u00fcber die digitale Zug\u00e4nglichkeit von Websites und mobilen Anwendungen \u00f6ffentlicher Stellen aufgrund der unten aufgef\u00fchrten Unvereinbarkeiten oder Ausnahmen.<\/p>\n\n<ol class=\"wp-block-list\">\n<li>Fehlen von alternativen Beschreibungen zu nicht-textlichen Inhalten (z. B. Fotos und Illustrationen).<\/li>\n\n\n\n<li>Einige Dateien wurden vor dem Inkrafttreten des Gesetzes \u00fcber die digitale Zug\u00e4nglichkeit ver\u00f6ffentlicht.<\/li>\n<\/ol>\n\n<p>Inhaltliche L\u00fccken werden systematisch geschlossen und Dateien, die in Form oder Format nicht kompatibel sind, werden sukzessive ge\u00e4ndert.<\/p>\n\n<h3 class=\"wp-block-heading\">Informationen zur Verf\u00fcgbarkeit<\/h3>\n\n<p>Die Website wurde unter Ber\u00fccksichtigung der WCAG 2.0 Richtlinien und in \u00dcbereinstimmung mit den Webstandards realisiert. Der Dienst wurde so konzipiert, dass er von m\u00f6glichst vielen Nutzern verwendet werden kann, unabh\u00e4ngig von der jeweiligen Technologie, Software oder Funktionsst\u00f6rung. Wir sind st\u00e4ndig auf der Suche nach L\u00f6sungen zur Verbesserung der Zug\u00e4nglichkeit und Nutzbarkeit unserer Website. Wenn Sie Feedback oder Kommentare haben, kontaktieren Sie uns bitte.<\/p>\n\n<h3 class=\"wp-block-heading\">Kompatibilit\u00e4t<\/h3>\n\n<p>Die Bedienung des Dienstes ist sowohl mit der Maus als auch mit der Tastatur m\u00f6glich.<\/p>\n\n<h3 class=\"wp-block-heading\">Tastaturk\u00fcrzel<\/h3>\n\n<p>Der Dienst ist nicht mit Tastenkombinationen ausgestattet, die zu Konflikten mit unterst\u00fctzenden Technologien (z. B. Leseprogrammen), dem System oder den Anwendungen der Nutzer f\u00fchren k\u00f6nnten.<\/p>\n\n<h3 class=\"wp-block-heading\">Mobile Version der Website<\/h3>\n\n<p>Der Dienst kann auf den Bildschirmen von mobilen Ger\u00e4ten wie Handys und Tablets angezeigt werden. Sie wurde nach der Methode des Responsive Web Design erstellt, d. h. sie passt die Seitenmodule automatisch an die Bildschirmaufl\u00f6sung des mobilen Ger\u00e4ts an.<\/p>\n\n<div style=\"height:100px\" aria-hidden=\"true\" class=\"wp-block-spacer\"><\/div>\n","protected":false},"excerpt":{"rendered":"<p>Erkl\u00e4rung der Verf\u00fcgbarkeit Der Schloss- und Parkkomplex Ostromecko verpflichtet sich, daf\u00fcr zu sorgen, dass seine Website gem\u00e4\u00df den Bestimmungen des Gesetzes vom 4. April 2019 zug\u00e4nglich [&hellip;]<\/p>\n","protected":false},"author":6,"featured_media":0,"parent":0,"menu_order":0,"comment_status":"closed","ping_status":"closed","template":"","meta":{"footnotes":""},"class_list":["post-14916","page","type-page","status-publish","hentry"],"yoast_head":"<!-- This site is optimized with the Yoast SEO plugin v27.1.1 - https:\/\/yoast.com\/product\/yoast-seo-wordpress\/ -->\n<title>Erkl\u00e4rung der Verf\u00fcgbarkeit - ZPP Ostromecko<\/title>\n<meta name=\"robots\" content=\"index, follow, max-snippet:-1, max-image-preview:large, max-video-preview:-1\" \/>\n<link rel=\"canonical\" href=\"https:\/\/palaceostromecko.pl\/de\/erklaerung-der-verfuegbarkeit\/\" \/>\n<meta property=\"og:locale\" content=\"de_DE\" \/>\n<meta property=\"og:type\" content=\"article\" \/>\n<meta property=\"og:title\" content=\"Erkl\u00e4rung der Verf\u00fcgbarkeit - ZPP Ostromecko\" \/>\n<meta property=\"og:description\" content=\"Erkl\u00e4rung der Verf\u00fcgbarkeit Der Schloss- und Parkkomplex Ostromecko verpflichtet sich, daf\u00fcr zu sorgen, dass seine Website gem\u00e4\u00df den Bestimmungen des Gesetzes vom 4. April 2019 zug\u00e4nglich [&hellip;]\" \/>\n<meta property=\"og:url\" content=\"https:\/\/palaceostromecko.pl\/de\/erklaerung-der-verfuegbarkeit\/\" \/>\n<meta property=\"og:site_name\" content=\"ZPP Ostromecko\" \/>\n<meta property=\"article:modified_time\" content=\"2023-12-04T10:17:30+00:00\" \/>\n<meta name=\"twitter:card\" content=\"summary_large_image\" \/>\n<meta name=\"twitter:label1\" content=\"Est. reading time\" \/>\n\t<meta name=\"twitter:data1\" content=\"8 minutes\" \/>\n<script type=\"application\/ld+json\" class=\"yoast-schema-graph\">{\"@context\":\"https:\/\/schema.org\",\"@graph\":[{\"@type\":\"WebPage\",\"@id\":\"https:\/\/palaceostromecko.pl\/de\/erklaerung-der-verfuegbarkeit\/\",\"url\":\"https:\/\/palaceostromecko.pl\/de\/erklaerung-der-verfuegbarkeit\/\",\"name\":\"Erkl\u00e4rung der Verf\u00fcgbarkeit - ZPP Ostromecko\",\"isPartOf\":{\"@id\":\"https:\/\/palaceostromecko.pl\/de\/#website\"},\"datePublished\":\"2021-02-13T14:04:50+00:00\",\"dateModified\":\"2023-12-04T10:17:30+00:00\",\"breadcrumb\":{\"@id\":\"https:\/\/palaceostromecko.pl\/de\/erklaerung-der-verfuegbarkeit\/#breadcrumb\"},\"inLanguage\":\"de-DE\",\"potentialAction\":[{\"@type\":\"ReadAction\",\"target\":[\"https:\/\/palaceostromecko.pl\/de\/erklaerung-der-verfuegbarkeit\/\"]}]},{\"@type\":\"BreadcrumbList\",\"@id\":\"https:\/\/palaceostromecko.pl\/de\/erklaerung-der-verfuegbarkeit\/#breadcrumb\",\"itemListElement\":[{\"@type\":\"ListItem\",\"position\":1,\"name\":\"Strona g\u0142\u00f3wna\",\"item\":\"https:\/\/palaceostromecko.pl\/de\/\"},{\"@type\":\"ListItem\",\"position\":2,\"name\":\"Erkl\u00e4rung der Verf\u00fcgbarkeit\"}]},{\"@type\":\"WebSite\",\"@id\":\"https:\/\/palaceostromecko.pl\/de\/#website\",\"url\":\"https:\/\/palaceostromecko.pl\/de\/\",\"name\":\"ZPP Ostromecko\",\"description\":\"\",\"potentialAction\":[{\"@type\":\"SearchAction\",\"target\":{\"@type\":\"EntryPoint\",\"urlTemplate\":\"https:\/\/palaceostromecko.pl\/de\/?s={search_term_string}\"},\"query-input\":{\"@type\":\"PropertyValueSpecification\",\"valueRequired\":true,\"valueName\":\"search_term_string\"}}],\"inLanguage\":\"de-DE\"}]}<\/script>\n<!-- \/ Yoast SEO plugin. -->","yoast_head_json":{"title":"Erkl\u00e4rung der Verf\u00fcgbarkeit - ZPP Ostromecko","robots":{"index":"index","follow":"follow","max-snippet":"max-snippet:-1","max-image-preview":"max-image-preview:large","max-video-preview":"max-video-preview:-1"},"canonical":"https:\/\/palaceostromecko.pl\/de\/erklaerung-der-verfuegbarkeit\/","og_locale":"de_DE","og_type":"article","og_title":"Erkl\u00e4rung der Verf\u00fcgbarkeit - ZPP Ostromecko","og_description":"Erkl\u00e4rung der Verf\u00fcgbarkeit Der Schloss- und Parkkomplex Ostromecko verpflichtet sich, daf\u00fcr zu sorgen, dass seine Website gem\u00e4\u00df den Bestimmungen des Gesetzes vom 4. April 2019 zug\u00e4nglich [&hellip;]","og_url":"https:\/\/palaceostromecko.pl\/de\/erklaerung-der-verfuegbarkeit\/","og_site_name":"ZPP Ostromecko","article_modified_time":"2023-12-04T10:17:30+00:00","twitter_card":"summary_large_image","twitter_misc":{"Est. reading time":"8 minutes"},"schema":{"@context":"https:\/\/schema.org","@graph":[{"@type":"WebPage","@id":"https:\/\/palaceostromecko.pl\/de\/erklaerung-der-verfuegbarkeit\/","url":"https:\/\/palaceostromecko.pl\/de\/erklaerung-der-verfuegbarkeit\/","name":"Erkl\u00e4rung der Verf\u00fcgbarkeit - ZPP Ostromecko","isPartOf":{"@id":"https:\/\/palaceostromecko.pl\/de\/#website"},"datePublished":"2021-02-13T14:04:50+00:00","dateModified":"2023-12-04T10:17:30+00:00","breadcrumb":{"@id":"https:\/\/palaceostromecko.pl\/de\/erklaerung-der-verfuegbarkeit\/#breadcrumb"},"inLanguage":"de-DE","potentialAction":[{"@type":"ReadAction","target":["https:\/\/palaceostromecko.pl\/de\/erklaerung-der-verfuegbarkeit\/"]}]},{"@type":"BreadcrumbList","@id":"https:\/\/palaceostromecko.pl\/de\/erklaerung-der-verfuegbarkeit\/#breadcrumb","itemListElement":[{"@type":"ListItem","position":1,"name":"Strona g\u0142\u00f3wna","item":"https:\/\/palaceostromecko.pl\/de\/"},{"@type":"ListItem","position":2,"name":"Erkl\u00e4rung der Verf\u00fcgbarkeit"}]},{"@type":"WebSite","@id":"https:\/\/palaceostromecko.pl\/de\/#website","url":"https:\/\/palaceostromecko.pl\/de\/","name":"ZPP Ostromecko","description":"","potentialAction":[{"@type":"SearchAction","target":{"@type":"EntryPoint","urlTemplate":"https:\/\/palaceostromecko.pl\/de\/?s={search_term_string}"},"query-input":{"@type":"PropertyValueSpecification","valueRequired":true,"valueName":"search_term_string"}}],"inLanguage":"de-DE"}]}},"_links":{"self":[{"href":"https:\/\/palaceostromecko.pl\/de\/wp-json\/wp\/v2\/pages\/14916","targetHints":{"allow":["GET"]}}],"collection":[{"href":"https:\/\/palaceostromecko.pl\/de\/wp-json\/wp\/v2\/pages"}],"about":[{"href":"https:\/\/palaceostromecko.pl\/de\/wp-json\/wp\/v2\/types\/page"}],"author":[{"embeddable":true,"href":"https:\/\/palaceostromecko.pl\/de\/wp-json\/wp\/v2\/users\/6"}],"replies":[{"embeddable":true,"href":"https:\/\/palaceostromecko.pl\/de\/wp-json\/wp\/v2\/comments?post=14916"}],"version-history":[{"count":1,"href":"https:\/\/palaceostromecko.pl\/de\/wp-json\/wp\/v2\/pages\/14916\/revisions"}],"predecessor-version":[{"id":14918,"href":"https:\/\/palaceostromecko.pl\/de\/wp-json\/wp\/v2\/pages\/14916\/revisions\/14918"}],"wp:attachment":[{"href":"https:\/\/palaceostromecko.pl\/de\/wp-json\/wp\/v2\/media?parent=14916"}],"curies":[{"name":"wp","href":"https:\/\/api.w.org\/{rel}","templated":true}]}}