{"id":14914,"date":"2021-01-12T19:45:24","date_gmt":"2021-01-12T19:45:24","guid":{"rendered":"https:\/\/po.marcindziadek.pl\/verarbeitung-von-personenbezogenen-daten\/"},"modified":"2026-04-01T12:50:14","modified_gmt":"2026-04-01T12:50:14","slug":"verarbeitung-von-personenbezogenen-daten","status":"publish","type":"page","link":"https:\/\/palaceostromecko.pl\/de\/verarbeitung-von-personenbezogenen-daten\/","title":{"rendered":"Verarbeitung von personenbezogenen Daten"},"content":{"rendered":"\n<h1 class=\"wp-block-heading\">Verarbeitung von personenbezogenen Daten<\/h1>\n\n<p>25. Mai 2018. In der Republik Polen und in der gesamten Europ\u00e4ischen Union begann die sogenannte &#8220;Europ\u00e4ische Union&#8221; zu gelten. RODO oder die Datenschutzverordnung. Der vollst\u00e4ndige Name der Verordnung lautet Verordnung (EU) 2016\/679 des Europ\u00e4ischen Parlaments und des Rates vom 27. April 2016. zum Schutz nat\u00fcrlicher Personen bei der Verarbeitung personenbezogener Daten und zum freien Datenverkehr und zur Aufhebung der Richtlinie 95\/46\/EG (Allgemeine Datenschutzverordnung).<\/p>\n\n<p>Personenbezogene Daten sind auch durch das Datenschutzgesetz vom 10. Mai 2018 gesch\u00fctzt.<\/p>\n\n<p>Die Grundvoraussetzung der RODO ist der Schutz der Rechte und Freiheiten nat\u00fcrlicher Personen vor einer unzul\u00e4ssigen und unbefugten Verarbeitung ihrer personenbezogenen Daten.<\/p>\n\n<p>Personenbezogene Daten sind Informationen \u00fcber Einzelpersonen (d. h. nicht \u00fcber Unternehmen, Genossenschaften, Stiftungen, Vereine, Institutionen, Parteien usw., sondern \u00fcber uns selbst), die jemanden direkt oder indirekt identifizieren oder identifizieren lassen. Dazu geh\u00f6ren: Vorname, Nachname, Identifikationsnummer (z. B. PESEL-Nummer), Adresse, in einigen F\u00e4llen E-Mail-Adresse, Bild. Dies sind gew\u00f6hnliche personenbezogene Daten. Es gibt auch eine Kategorie sensibler personenbezogener Daten, die Informationen \u00fcber die physische, physiologische, genetische, mentale, wirtschaftliche, kulturelle und soziale Identit\u00e4t sowie Daten \u00fcber m\u00f6gliche Verurteilungen umfassen.<\/p>\n\n<p>Unter der Verarbeitung personenbezogener Daten versteht man T\u00e4tigkeiten, denen einzelne Daten oder Datens\u00e4tze unterzogen werden. Dazu geh\u00f6ren beispielsweise das Sammeln, Aufzeichnen, Speichern, Verwenden, \u00dcbermitteln, L\u00f6schen, Vernichten usw.<\/p>\n\n<p>Unter unzul\u00e4ssiger Verarbeitung personenbezogener Daten versteht man Situationen, in denen Daten verarbeitet werden, obwohl die Person, deren Daten verarbeitet werden, keine Einwilligung gegeben hat.<\/p>\n\n<p>Eine unbefugte Verarbeitung liegt vor, wenn die Person, die die Daten verarbeitet, dazu nicht befugt ist.<\/p>\n\n<p>Die Organe haben zwei Personen, die direkt f\u00fcr die Verarbeitung personenbezogener Daten verantwortlich sind. Dabei handelt es sich um den Verwalter personenbezogener Daten (ADO) und den Inspektor personenbezogener Daten (IOD).<\/p>\n\n<h3 class=\"wp-block-heading\">Wer ist der &#8220;Personal Data Administrator&#8221; (ADO)?<\/h3>\n\n<p>Ein f\u00fcr die Verarbeitung personenbezogener Daten Verantwortlicher ist jemand (der keine nat\u00fcrliche Person, Beh\u00f6rde, Einrichtung, Firma, Organisation oder sonstige Stelle ist), der entscheidet, zu welchem Zweck und wie personenbezogene Daten innerhalb der Einrichtung verarbeitet werden.<\/p>\n\n<h3 class=\"wp-block-heading\">Wer ist der Datenschutzbeauftragte (DSB)?<\/h3>\n\n<p>Der Datenschutzbeauftragte ist die Person, die die ADO bei der Umsetzung und Einhaltung der Datenschutzgesetze unterst\u00fctzt, sowohl innerhalb der Institution als auch bei ihren Kunden, d.h. im Falle unserer Institution dem Publikum des ICC: Zuschauer, Besucher, Teilnehmer an Veranstaltungen, Workshops und K\u00fcnstler sowie Auftragnehmer.<\/p>\n\n<h2 class=\"wp-block-heading\">Verarbeitung von personenbezogenen Daten bei der ICC<\/h2>\n\n<p>Der Verwalter Ihrer pers\u00f6nlichen Daten ist das St\u00e4dtische Kulturzentrum in Bydgoszcz,<\/p>\n\n<p>ul. Marcinkowskiego 12-14, 85-056 Bydgoszcz, vertreten durch die Direktorin Marzena Matowska, E-Mail: dyrekcja@mck-bydgoszcz.<\/p>\n\n<p>Im St\u00e4dtischen Kulturzentrum wurde ein Datenschutzbeauftragter ernannt, der unter der folgenden E-Mail-Adresse erreichbar ist: iod@mck-bydgoszcz.pl.<\/p>\n\n<h3 class=\"wp-block-heading\">Zwecke der Verarbeitung personenbezogener Daten bei der ICC<\/h3>\n\n<ul class=\"wp-block-list\"><li>Abschluss und Ausf\u00fchrung von Vertr\u00e4gen (u.a. Verkauf von Eintrittskarten und Ver\u00f6ffentlichungen),<\/li><li>Kontrolle der Fahrkarten und Eintrittskarten f\u00fcr Veranstaltungen,<\/li><li>Einf\u00fchrung des Newsletter-Dienstes und anderer Werbematerialien (falls gew\u00fcnscht),<\/li><li>Wahrnehmung von Aufgaben von \u00f6ffentlichem Interesse (z. B. Abrechnung von Zusch\u00fcssen, statistische Zwecke),<\/li><li>Ver\u00f6ffentlichung von Foto- und Videomaterial (f\u00fcr die Berichterstattung und zu Werbezwecken der ICC),<\/li><li>\u00dcberwachung in ICC-Geb\u00e4uden zur Gew\u00e4hrleistung der Sicherheit,<\/li><li>Erf\u00fcllung der rechtlichen Verpflichtungen:<ul><li>Bereitstellung der Unterlagen f\u00fcr die zur Einsichtnahme befugten Beh\u00f6rden,<\/li><li>Erteilung von Zahlungsaufforderungen,<\/li><li>F\u00fchrung und Pflege der Buchhaltungsunterlagen,<\/li><li>Sicherung der Daten im Falle von Verwaltungs- und Gerichtsverfahren,<\/li><\/ul><\/li><li>Versto\u00df gegen die Gesch\u00e4ftsordnung,<\/li><li>Beschwerden.<\/li><\/ul>\n\n<p>Alle oben genannten Zwecke der Datenverarbeitung stehen im Einklang mit Artikel 6 RODO, der die Einhaltung angemessener Verfahren und die Sicherheit der Daten gew\u00e4hrleistet.<\/p>\n\n<p>Die Person, deren personenbezogene Daten von der ICC verarbeitet werden, hat das Recht auf L\u00f6schung ihrer Daten (das sogenannte &#8220;Recht auf Vergessenwerden&#8221;, Artikel 17 RODO). Es ist wichtig, die Situation zu ber\u00fccksichtigen, wenn sich die Speicherung von Daten aus den Anforderungen separater gesetzlicher Regelungen ergibt (z.B. Buchhaltungsgesetz, nationales Archivgut und Archive, Arbeitsrecht). In diesem Fall werden die Daten gem\u00e4\u00df den Bestimmungen dieser Verordnungen gespeichert.<\/p>\n\n<p>Im Zusammenhang mit der Verarbeitung personenbezogener Daten hat die betroffene Person das Recht auf:<\/p>\n\n<ul class=\"wp-block-list\"><li>Zugang zu ihren Daten und erhalten eine Kopie ihrer Daten,<\/li><li>Ihre personenbezogenen Daten zu berichtigen (zu \u00e4ndern),<\/li><li>Einschr\u00e4nkung der Verarbeitung von personenbezogenen Daten,<\/li><li>L\u00f6schung von personenbezogenen Daten,<\/li><li>Daten\u00fcbertragbarkeit,<\/li><li>der Verarbeitung zu widersprechen,<\/li><li>eine Beschwerde beim Pr\u00e4sidenten der Datenschutzbeh\u00f6rde einreichen.<\/li><\/ul>\n\n<p>Antr\u00e4ge auf Aus\u00fcbung Ihrer Rechte in Bezug auf personenbezogene Daten k\u00f6nnen auf elektronischem Wege an die folgende E-Mail-Adresse gerichtet werden: iod@mck-bydgoszcz.pl.<\/p>\n\n<h3 class=\"wp-block-heading\">Empf\u00e4nger von personenbezogenen Daten bei der ICC<\/h3>\n\n<p>Die Empf\u00e4nger Ihrer personenbezogenen Daten im ICC k\u00f6nnen neben dem f\u00fcr die Verarbeitung Verantwortlichen und dem Datenschutzbeauftragten auch von der ADO zugelassene Mitarbeiter des St\u00e4dtischen Kulturzentrums sein, die zur Erf\u00fcllung ihrer Aufgaben Zugang zu den personenbezogenen Daten haben m\u00fcssen. Ihre personenbezogenen Daten k\u00f6nnen auf der Grundlage einer gesonderten Beauftragungsvereinbarung gem\u00e4\u00df den Bestimmungen der RODO auch an andere Stellen wie Online-Transaktionsbetreiber und Kurierdienste \u00fcbermittelt werden.<\/p>\n\n<h3 class=\"wp-block-heading\">Dauer der Aufbewahrung personenbezogener Daten bei der ICC<\/h3>\n\n<p>Die RODO empfiehlt, personenbezogene Daten so kurz wie m\u00f6glich zu halten (Artikel 5 Absatz 1 RODO).<\/p>\n\n<p>Aufgrund der M\u00f6glichkeit der Verarbeitung f\u00fcr mehrere Zwecke kann es vorkommen, dass in einem Fall die Verarbeitung personenbezogener Daten eingestellt wird, in einem anderen Fall jedoch weiterhin erforderlich ist (z. B. Teilnahme an einem kostenlosen Workshop, f\u00fcr den eine E-Mail-Anmeldung erfolgt &#8211; nach dem Workshop wird die Teilnehmerliste nicht ben\u00f6tigt, aber Fotos mit dem aufgenommenen Bild der Teilnehmer k\u00f6nnen von der Einrichtung ben\u00f6tigt werden, z. B. f\u00fcr die Abrechnung von Zusch\u00fcssen, die Teilnahme, Werbezwecke usw.). Unabh\u00e4ngig davon, zu welchem Zweck Ihre Daten verarbeitet werden, werden sie nicht l\u00e4nger als n\u00f6tig und nicht l\u00e4nger als gesetzlich zul\u00e4ssig aufbewahrt.<\/p>\n\n<h3 class=\"wp-block-heading\">Aufbewahrungsfrist f\u00fcr personenbezogene Daten<\/h3>\n\n<ul class=\"wp-block-list\"><li>f\u00fcr Daten, die f\u00fcr beliebige Zwecke erhoben und auf der Grundlage Ihrer Einwilligung eingeholt wurden, z. B. f\u00fcr den Newsletter-Dienst (Artikel 6 Absatz 1 Buchstabe a) RODO) &#8211; werden diese so lange gespeichert, bis die Einwilligung widerrufen wird;<\/li><li>f\u00fcr Daten, die zu Zwecken im Zusammenhang mit dem Abschluss und der ordnungsgem\u00e4\u00dfen Erf\u00fcllung von Vertr\u00e4gen erhoben werden (Artikel 6 Absatz 1 Buchstabe b) RODO) &#8211; z. B. werden sie f\u00fcr den Zeitraum vor dem Abschluss des Vertrags, dessen Erf\u00fcllung und einen Zeitraum von drei Monaten nach der Verj\u00e4hrung von Anspr\u00fcchen aus dem Vertrag gespeichert;<\/li><li>f\u00fcr Daten, die f\u00fcr Aufgaben von \u00f6ffentlichem Interesse, f\u00fcr die Berichterstattung und f\u00fcr Werbezwecke (Artikel 6 Absatz 1 Buchstaben c und e) erforderlich sind, f\u00fcr den Zeitraum, der in gesonderten Rechtsvorschriften festgelegt ist und sich aus der Erf\u00fcllung der dem f\u00fcr die Verarbeitung Verantwortlichen obliegenden Pflichten ergibt.<\/li><\/ul>\n\n<h3 class=\"wp-block-heading\">Wie sch\u00fctzt die ICC die von ihr verarbeiteten personenbezogenen Daten?<\/h3>\n\n<p>Eine Datenbank, die eine Sammlung gesammelter und verarbeiteter personenbezogener Daten darstellt, ist eine Hochsicherheitsdatenbank, d. h. sie wird auf einem Server gespeichert, der gegen Fernzugriff (d. h. \u00fcber das Internet, z. B. durch einen Hackerangriff) gesch\u00fctzt ist. Der Server ist auch physisch gesichert, so dass keine unbefugte Person Zugang zu ihm hat. Dar\u00fcber hinaus sind alle Personen, die bei der ICC personenbezogene Daten verarbeiten, von der Anti-Doping-Organisation entsprechend erm\u00e4chtigt worden, personenbezogene Daten zu verarbeiten.<\/p>\n\n<h3 class=\"wp-block-heading\">Video\u00fcberwachung in ICC-Geb\u00e4uden<\/h3>\n\n<p>Der Einsatz von Video\u00fcberwachung ist eine Form der Verarbeitung personenbezogener Daten, die die Aufzeichnung, die \u00dcberpr\u00fcfung, den Zugriff und die L\u00f6schung von Aufzeichnungen umfasst. Das Filmmaterial enth\u00e4lt Bilder von Personen und der Veranstaltung.<\/p>\n\n<p>Die Geb\u00e4ude des st\u00e4dtischen Kulturzentrums werden als \u00f6ffentliche Einrichtung \u00fcberwacht, um eine gesetzliche Verpflichtung zu erf\u00fcllen, das \u00f6ffentliche Interesse zu wahren und die Interessen des Verwalters rechtlich zu sch\u00fctzen (Artikel 6 RODO Absatz 1 Buchstabe c)), (e) und f)).<\/p>\n\n<h3 class=\"wp-block-heading\">Automatisierte Entscheidungsfindung und \u00dcbermittlung von Daten an Drittl\u00e4nder<\/h3>\n\n<p>Ihre personenbezogenen Daten werden nicht Gegenstand einer automatisierten Entscheidungsfindung, einschlie\u00dflich Profiling (Artikel 22 Abs\u00e4tze 1 und 4 DSGVO), und werden nicht ins Ausland, auch nicht in Drittl\u00e4nder, \u00fcbermittelt.<\/p>\n\n<p>Automatisierte Entscheidungsfindung &#8211; ein Prozess, der ohne menschliches Eingreifen abl\u00e4uft und bei dem Ger\u00e4te und technische L\u00f6sungen Daten aller Art erfassen, sei es auf der Grundlage von Beobachtungen oder direkt von der beobachteten Person (Beobachtung von Intranet-Aktivit\u00e4ten), aber auch abgeleitete Daten.<\/p>\n\n<p>Profiling &#8211; eine Form der automatisierten Entscheidungsfindung, bei der personenbezogene Daten verwendet werden, um pers\u00f6nliche Faktoren zu bewerten oder vorherzusagen, m. in. Interessen, Vorlieben, Verhalten, wirtschaftliche Situation, Standort usw. Statistische Zwecke zielen nicht auf ein Profiling ab, da sie keine Schlussfolgerungen oder Vorhersagen voraussetzen.<\/p>\n\n<p>\u00dcbermittlung von Daten &#8211; Form der Verarbeitung personenbezogener Daten. Dabei werden die gesammelten personenbezogenen Daten an eine andere Einrichtung weitergegeben.<\/p>\n\n<p>Drittl\u00e4nder &#8211; das sind L\u00e4nder au\u00dferhalb des Europ\u00e4ischen Wirtschaftsraums (alle L\u00e4nder au\u00dferhalb der Europ\u00e4ischen Union sowie Island, Liechtenstein und Norwegen).<\/p>\n\n<p>Wenn Sie der Meinung sind, dass das St\u00e4dtische Kulturzentrum Ihre personenbezogenen Daten unter Versto\u00df gegen die Bestimmungen der RODO verarbeitet, haben Sie das Recht, eine Beschwerde bei der Aufsichtsbeh\u00f6rde &#8211; dem Pr\u00e4sidenten des Amtes f\u00fcr den Schutz personenbezogener Daten &#8211; einzureichen. Eine Beschwerde bei der Datenschutzbeh\u00f6rde kann schriftlich, elektronisch oder m\u00fcndlich im B\u00fcro der Beh\u00f6rde eingereicht werden.<\/p>\n","protected":false},"excerpt":{"rendered":"<p>Verarbeitung von personenbezogenen Daten 25. Mai 2018. In der Republik Polen und in der gesamten Europ\u00e4ischen Union begann die sogenannte &#8220;Europ\u00e4ische Union&#8221; zu gelten. RODO oder [&hellip;]<\/p>\n","protected":false},"author":6,"featured_media":0,"parent":0,"menu_order":0,"comment_status":"closed","ping_status":"closed","template":"","meta":{"footnotes":""},"class_list":["post-14914","page","type-page","status-publish","hentry"],"yoast_head":"<!-- This site is optimized with the Yoast SEO plugin v27.1.1 - https:\/\/yoast.com\/product\/yoast-seo-wordpress\/ -->\n<title>Verarbeitung von personenbezogenen Daten - ZPP Ostromecko<\/title>\n<meta name=\"robots\" content=\"index, follow, max-snippet:-1, max-image-preview:large, max-video-preview:-1\" \/>\n<link rel=\"canonical\" href=\"https:\/\/palaceostromecko.pl\/de\/verarbeitung-von-personenbezogenen-daten\/\" \/>\n<meta property=\"og:locale\" content=\"de_DE\" \/>\n<meta property=\"og:type\" content=\"article\" \/>\n<meta property=\"og:title\" content=\"Verarbeitung von personenbezogenen Daten - ZPP Ostromecko\" \/>\n<meta property=\"og:description\" content=\"Verarbeitung von personenbezogenen Daten 25. Mai 2018. In der Republik Polen und in der gesamten Europ\u00e4ischen Union begann die sogenannte &#8220;Europ\u00e4ische Union&#8221; zu gelten. RODO oder [&hellip;]\" \/>\n<meta property=\"og:url\" content=\"https:\/\/palaceostromecko.pl\/de\/verarbeitung-von-personenbezogenen-daten\/\" \/>\n<meta property=\"og:site_name\" content=\"ZPP Ostromecko\" \/>\n<meta property=\"article:modified_time\" content=\"2026-04-01T12:50:14+00:00\" \/>\n<meta name=\"twitter:card\" content=\"summary_large_image\" \/>\n<meta name=\"twitter:label1\" content=\"Est. reading time\" \/>\n\t<meta name=\"twitter:data1\" content=\"8 minutes\" \/>\n<script type=\"application\/ld+json\" class=\"yoast-schema-graph\">{\"@context\":\"https:\/\/schema.org\",\"@graph\":[{\"@type\":\"WebPage\",\"@id\":\"https:\/\/palaceostromecko.pl\/de\/verarbeitung-von-personenbezogenen-daten\/\",\"url\":\"https:\/\/palaceostromecko.pl\/de\/verarbeitung-von-personenbezogenen-daten\/\",\"name\":\"Verarbeitung von personenbezogenen Daten - ZPP Ostromecko\",\"isPartOf\":{\"@id\":\"https:\/\/palaceostromecko.pl\/de\/#website\"},\"datePublished\":\"2021-01-12T19:45:24+00:00\",\"dateModified\":\"2026-04-01T12:50:14+00:00\",\"breadcrumb\":{\"@id\":\"https:\/\/palaceostromecko.pl\/de\/verarbeitung-von-personenbezogenen-daten\/#breadcrumb\"},\"inLanguage\":\"de-DE\",\"potentialAction\":[{\"@type\":\"ReadAction\",\"target\":[\"https:\/\/palaceostromecko.pl\/de\/verarbeitung-von-personenbezogenen-daten\/\"]}]},{\"@type\":\"BreadcrumbList\",\"@id\":\"https:\/\/palaceostromecko.pl\/de\/verarbeitung-von-personenbezogenen-daten\/#breadcrumb\",\"itemListElement\":[{\"@type\":\"ListItem\",\"position\":1,\"name\":\"Strona g\u0142\u00f3wna\",\"item\":\"https:\/\/palaceostromecko.pl\/de\/\"},{\"@type\":\"ListItem\",\"position\":2,\"name\":\"Verarbeitung von personenbezogenen Daten\"}]},{\"@type\":\"WebSite\",\"@id\":\"https:\/\/palaceostromecko.pl\/de\/#website\",\"url\":\"https:\/\/palaceostromecko.pl\/de\/\",\"name\":\"ZPP Ostromecko\",\"description\":\"\",\"potentialAction\":[{\"@type\":\"SearchAction\",\"target\":{\"@type\":\"EntryPoint\",\"urlTemplate\":\"https:\/\/palaceostromecko.pl\/de\/?s={search_term_string}\"},\"query-input\":{\"@type\":\"PropertyValueSpecification\",\"valueRequired\":true,\"valueName\":\"search_term_string\"}}],\"inLanguage\":\"de-DE\"}]}<\/script>\n<!-- \/ Yoast SEO plugin. -->","yoast_head_json":{"title":"Verarbeitung von personenbezogenen Daten - ZPP Ostromecko","robots":{"index":"index","follow":"follow","max-snippet":"max-snippet:-1","max-image-preview":"max-image-preview:large","max-video-preview":"max-video-preview:-1"},"canonical":"https:\/\/palaceostromecko.pl\/de\/verarbeitung-von-personenbezogenen-daten\/","og_locale":"de_DE","og_type":"article","og_title":"Verarbeitung von personenbezogenen Daten - ZPP Ostromecko","og_description":"Verarbeitung von personenbezogenen Daten 25. Mai 2018. In der Republik Polen und in der gesamten Europ\u00e4ischen Union begann die sogenannte &#8220;Europ\u00e4ische Union&#8221; zu gelten. RODO oder [&hellip;]","og_url":"https:\/\/palaceostromecko.pl\/de\/verarbeitung-von-personenbezogenen-daten\/","og_site_name":"ZPP Ostromecko","article_modified_time":"2026-04-01T12:50:14+00:00","twitter_card":"summary_large_image","twitter_misc":{"Est. reading time":"8 minutes"},"schema":{"@context":"https:\/\/schema.org","@graph":[{"@type":"WebPage","@id":"https:\/\/palaceostromecko.pl\/de\/verarbeitung-von-personenbezogenen-daten\/","url":"https:\/\/palaceostromecko.pl\/de\/verarbeitung-von-personenbezogenen-daten\/","name":"Verarbeitung von personenbezogenen Daten - ZPP Ostromecko","isPartOf":{"@id":"https:\/\/palaceostromecko.pl\/de\/#website"},"datePublished":"2021-01-12T19:45:24+00:00","dateModified":"2026-04-01T12:50:14+00:00","breadcrumb":{"@id":"https:\/\/palaceostromecko.pl\/de\/verarbeitung-von-personenbezogenen-daten\/#breadcrumb"},"inLanguage":"de-DE","potentialAction":[{"@type":"ReadAction","target":["https:\/\/palaceostromecko.pl\/de\/verarbeitung-von-personenbezogenen-daten\/"]}]},{"@type":"BreadcrumbList","@id":"https:\/\/palaceostromecko.pl\/de\/verarbeitung-von-personenbezogenen-daten\/#breadcrumb","itemListElement":[{"@type":"ListItem","position":1,"name":"Strona g\u0142\u00f3wna","item":"https:\/\/palaceostromecko.pl\/de\/"},{"@type":"ListItem","position":2,"name":"Verarbeitung von personenbezogenen Daten"}]},{"@type":"WebSite","@id":"https:\/\/palaceostromecko.pl\/de\/#website","url":"https:\/\/palaceostromecko.pl\/de\/","name":"ZPP Ostromecko","description":"","potentialAction":[{"@type":"SearchAction","target":{"@type":"EntryPoint","urlTemplate":"https:\/\/palaceostromecko.pl\/de\/?s={search_term_string}"},"query-input":{"@type":"PropertyValueSpecification","valueRequired":true,"valueName":"search_term_string"}}],"inLanguage":"de-DE"}]}},"_links":{"self":[{"href":"https:\/\/palaceostromecko.pl\/de\/wp-json\/wp\/v2\/pages\/14914","targetHints":{"allow":["GET"]}}],"collection":[{"href":"https:\/\/palaceostromecko.pl\/de\/wp-json\/wp\/v2\/pages"}],"about":[{"href":"https:\/\/palaceostromecko.pl\/de\/wp-json\/wp\/v2\/types\/page"}],"author":[{"embeddable":true,"href":"https:\/\/palaceostromecko.pl\/de\/wp-json\/wp\/v2\/users\/6"}],"replies":[{"embeddable":true,"href":"https:\/\/palaceostromecko.pl\/de\/wp-json\/wp\/v2\/comments?post=14914"}],"version-history":[{"count":1,"href":"https:\/\/palaceostromecko.pl\/de\/wp-json\/wp\/v2\/pages\/14914\/revisions"}],"predecessor-version":[{"id":14917,"href":"https:\/\/palaceostromecko.pl\/de\/wp-json\/wp\/v2\/pages\/14914\/revisions\/14917"}],"wp:attachment":[{"href":"https:\/\/palaceostromecko.pl\/de\/wp-json\/wp\/v2\/media?parent=14914"}],"curies":[{"name":"wp","href":"https:\/\/api.w.org\/{rel}","templated":true}]}}