{"id":14905,"date":"2021-02-13T14:03:19","date_gmt":"2021-02-13T14:03:19","guid":{"rendered":"https:\/\/po.marcindziadek.pl\/praktische-informationen\/"},"modified":"2026-04-07T22:45:17","modified_gmt":"2026-04-07T22:45:17","slug":"praktische-informationen","status":"publish","type":"page","link":"https:\/\/palaceostromecko.pl\/de\/praktische-informationen\/","title":{"rendered":"Praktische Informationen"},"content":{"rendered":"<div class=\"lazyblock-hero-regular-cta-ZgmJxg wp-block-lazyblock-hero-regular-cta\"><style>\n                    .no-webp .lazyblock-hero-regular-cta-ZgmJxg .hero {\n                        background-image:url(\"https:\/\/palaceostromecko.pl\/wp-content\/uploads\/2021\/02\/informacje-praktyczne-730x359.png\");\n                        background-position: center center;\n                    }\n                    .webp .lazyblock-hero-regular-cta-ZgmJxg .hero{\n                        background-image:url(\"https:\/\/palaceostromecko.pl\/wp-content\/uploads\/2021\/02\/informacje-praktyczne-730x359.png\");\n                        background-position: center center;\n                    }\n                    @media screen and (min-width: 660px) {\n                        .no-webp .lazyblock-hero-regular-cta-ZgmJxg .hero {\n                            background-image:url(\"https:\/\/palaceostromecko.pl\/wp-content\/uploads\/2021\/02\/informacje-praktyczne.png\");\n                            background-position: center center;\n                        }\n                        .webp .lazyblock-hero-regular-cta-ZgmJxg .hero{\n                            background-image:url(\"https:\/\/palaceostromecko.pl\/wp-content\/uploads\/2021\/02\/informacje-praktyczne.png.\");\n                            background-position: center center;\n                        }\n                    }\n                    @media screen and (min-width: 1300px) {\n                        .no-webp .lazyblock-hero-regular-cta-ZgmJxg .hero {\n                            background-image:url(\"https:\/\/palaceostromecko.pl\/wp-content\/uploads\/2021\/02\/informacje-praktyczne.png\");\n                            background-position: center center;\n                        }\n                        .webp .lazyblock-hero-regular-cta-ZgmJxg .hero{\n                            background-image:url(\"https:\/\/palaceostromecko.pl\/wp-content\/uploads\/2021\/02\/informacje-praktyczne.png\");\n                            background-position: center center;\n                        }\n                    }\n                    <\/style><div class=\"hero\"><\/div>\n<h1>Praktische Informationen<\/h1>\n<div class=\"wp-block-columns\">\n    <div class=\"wp-block-column\">\n        <p>Zapraszamy Pa\u0144stwa przez ca\u0142y rok, opr\u00f3cz wyj\u0105tkowych sytuacji, o kt\u00f3rych poinformujemy. Wiele atrakcji jest przygotowywanych dla Pa\u0144stwa w\u00a0dni\u00a0wolne od\u00a0pracy. Wydarzenia artystyczne odbywaj\u0105 si\u0119 najcz\u0119\u015bciej w weekendy. Szczeg\u00f3\u0142y w zak\u0142adce <em>Kalendarium<\/em>.<\/p>    <\/div>\n    <div class=\"wp-block-column\">\n        <div class=\"cta\">\n        <p>Skontaktuj si\u0119 z nami:<\/p>\n<p><strong>tel.: +48 785 250 182<\/strong><\/p>\n<p>e-mail: <strong>recepcja@palaceostromecko.pl\u00a0<\/strong><\/p>    <\/div>\n    <\/div>\n<\/div><\/div>\n<p><\/p>\n\n<h2 class=\"wp-block-heading\">Schloss Neu<\/h2>\n\n<p>Jadalnie Pa\u0142acowe zapraszaj\u0105 od poniedzia\u0142ku do pi\u0105tku, w godz. 12:00 &#8211; 20:00, w weekendy w godz. 10:00 &#8211; 20:00. Rezerwacje pokoi go\u015bcinnych prowadzone s\u0105 przez wszystkie dni tygodnia w godz. 8:00-20:00.<\/p>\n\n<p>Wystawy sta\u0142e, czyli Gabinet Karla Friedricha Schinkla na parterze, Sk\u0142ad Sommerfelda i zbi\u00f3r instrument\u00f3w z Bydgoskiej Fabryki Akordeon\u00f3w na I pi\u0119trze Pa\u0142acu Nowego oraz wystaw\u0119 \u201eHuhuczny strych\u201d mo\u017cna podziwia\u0107  w sezonie zimowym (1 pa\u017adziernika &#8211; 28 kwietnia) od wtorku do pi\u0105tku w godzinach 11.00 &#8211; 16.00, a w sobot\u0119 i niedziel\u0119 w godzinach 11.00 &#8211; 17.00. W sezonie letnim (29 kwietnia &#8211; 30 wrze\u015bnia) od wtorku do pi\u0105tku w godzinach 11.00 &#8211; 17.00, a w sobot\u0119 i niedziel\u0119 w godzinach 11.00 &#8211; 18.00.<\/p>\n\n<p><\/p>\n\n<h2 class=\"wp-block-heading\">Der alte Palast<\/h2>\n\n<p>Dost\u0119pny dla zwiedzaj\u0105cych r\u00f3wnolegle z Pa\u0142acem Nowym. W Pa\u0142acu Starym zlokalizowana jest jedna z najwa\u017cniejszych kolekcji instrument\u00f3w w Polsce &#8211; Kolekcja Zabytkowych Fortepian\u00f3w ze zbior\u00f3w Andrzeja Szwalbego.<\/p>\n\n<h2 class=\"wp-block-heading\">Bilety<\/h2>\n\n<p>Bilety wst\u0119pu w cenie: 25 z\u0142 \u2013 normalny, 15 z\u0142 \u2013 ulgowy (dzieci do 12 r.\u017c. i seniorzy 60+), 50 z\u0142 \u2013 rodzinny (2 osoby doros\u0142e + do 4 dzieci). <strong>Obejmuj\u0105 one oba pa\u0142ace i wszystkie kolekcje.<\/strong> Koszt przewodnika dla grup zorganizowanych wynosi 300 z\u0142. Wycieczki prosimy zg\u0142asza\u0107 minimum trzy dni wcze\u015bniej. Bilety mo\u017cna naby\u0107 w kasie Pa\u0142acu Starego i recepcji Pa\u0142acu Nowego (p\u0142atno\u015b\u0107 got\u00f3wk\u0105 lub kart\u0105). Paragon jest potwierdzeniem nabycia biletu\/bilet\u00f3w.<\/p>\n\n<h2 class=\"wp-block-heading\">Park und Schlosspark<\/h2>\n<div class=\"lazyblock-text-photo-left-big-Z15RCdW wp-block-lazyblock-text-photo-left-big\"><div class=\"wp-block-columns\">\n    <div class=\"wp-block-column\">\n        Czynne przez ca\u0142y rok w godz. 8:00 \u2013 22:00. Wst\u0119p bezp\u0142atny. Sam park pa\u0142acowy to obszar 36 ha.\u00a0Ogrody projektowa\u0142 Peter Joseph Lenn\u00e9 \u2013 pruski ogrodnik i architekt krajobrazu doby klasycyzmu.\u00a0Obowi\u0105zuj\u0105 og\u00f3lne zasady i przepisy dotycz\u0105ce zachowania w parkach. Prosimy o korzystanie z koszy na \u015bmieci i sprz\u0105tanie po swoich pupilach. Do parku i ogrod\u00f3w mo\u017cna wchodzi\u0107 z psami na smyczy. Zapraszamy serdecznie.    <\/div>\n    <div class=\"wp-block-column\">\n                      \n <img loading=\"lazy\" decoding=\"async\" width=\"880\" height=\"640\" src=\"https:\/\/palaceostromecko.pl\/wp-content\/uploads\/2025\/10\/20251009_134702-460x310.jpg\" alt=\"\"\n        sizes=\"auto, max-width:960px 100vw, \n               50vw\"\n        srcset=\"https:\/\/palaceostromecko.pl\/wp-content\/uploads\/2025\/10\/20251009_134702-460x310.jpg 430w, \n        https:\/\/palaceostromecko.pl\/wp-content\/uploads\/2025\/10\/20251009_134702-730x490.jpg 730w, \n        https:\/\/palaceostromecko.pl\/wp-content\/uploads\/2025\/10\/20251009_134702-scaled.jpg 1000w\">\n        \n        \n   \n            <\/div>\n<\/div><\/div>\n<p><\/p>\n\n<h2 class=\"wp-block-heading\">Touren<\/h2>\n\n<p>Grupy zorganizowane prosimy o um\u00f3wienie terminu telefonicznie lub e-mailem. Je\u017celi zale\u017cy Pa\u0144stwu na oprowadzeniu po Zespole Pa\u0142acowo-Parkowym w Ostromecku, prosimy o kontakt minimum trzy dni wcze\u015bniej. Koszt zwiedzania z przewodnikiem wynosi 300 z\u0142. <br\/>tel.: <strong>+48 52 364 64 41 (Pa\u0142ac Stary)<br\/><\/strong>tel.: <strong>+48<\/strong> <strong>519 346 578<\/strong><br\/><a href=\"mailto:andrzej.gawronski@mck-bydgoszcz.pl\">andrzej.gawronski@mck-bydgoszcz.pl<\/a><\/p>\n\n<h2 class=\"wp-block-heading\"><strong>Sesja \u015blubna<\/strong><\/h2>\n\n<p>Sesje we wn\u0119trzach Pa\u0142acu Nowego oraz Pa\u0142acu Starego to koszt 500z\u0142 za 2 godziny zdj\u0119\u0107 p\u0142atne w recepcji. Odbywaj\u0105 si\u0119 one w godzinach otwarcia Pa\u0142ac\u00f3w.<\/p>\n\n<p>Prosimy o dokonowynie rezerwacji <\/p>\n\n<p>tel.: <strong>+48 785 250 182<\/strong><\/p>\n\n<p>recepcja@palaceostromecko.pl<\/p>\n\n<h2 class=\"wp-block-heading\">Zugang<\/h2>\n\n<p>Der Schloss- und Parkkomplex Ostromecko liegt 15 km vom Stadtzentrum von Bydgoszcz (Bromberg) entfernt im unteren Weichseltal an der Landesstra\u00dfe 551.<\/p>\n\n<p>Geografische Koordinaten: 53.17100348269744 N, 18.203605127019294 E<br\/><a href=\"https:\/\/goo.gl\/maps\/8CDyVSWqRqoCqkZk8\">Siehe auf Google Maps  &gt;<\/a><\/p>\n\n<p>Vorortbus, Linie 40 (saisonal)<br\/><a href=\"http:\/\/www.zdmikp.bydgoszcz.pl\/rozklady\/paczka\/0040\/w.htm\">Siehe Fahrplan  &gt;<\/a><\/p>\n\n<p>PKS-Bus<br\/><a href=\"http:\/\/pks.bydgoszcz.pl\" target=\"_blank\" rel=\"noreferrer noopener\">Siehe den Fahrplan von PKS Bydgoszcz<\/a><\/p>\n\n<p>PKP-Zug<br\/><a href=\"https:\/\/rozklad-pkp.pl\" data-type=\"URL\" data-id=\"https:\/\/rozklad-pkp.pl\">Siehe PKP-Fahrplan<\/a><\/p>\n\n<p>Radweg<br\/><a data-type=\"URL\" data-id=\"https:\/\/goo.gl\/maps\/wwpRrCC6GvHRVEJM7\" href=\"https:\/\/goo.gl\/maps\/wwpRrCC6GvHRVEJM7\">Siehe auf Google Maps<\/a><\/p>\n\n<h2 class=\"wp-block-heading\">Parken<\/h2>\n\n<p>Do dyspozycji go\u015bci s\u0105 bezp\u0142atne dwa parkingi niestrze\u017cone. Jeden znajduj\u0105cy si\u0119 przy ul.\u00a0Bydgoskiej, po lewej stronie jad\u0105c z Fordonu, drugi\u00a0na\u00a0przeciwko bramy wjazdowej obiektu.<\/p>\n<div class=\"wp-block-image\">\n<figure class=\"aligncenter size-large\"><a href=\"https:\/\/palaceostromecko.pl\/wp-content\/uploads\/2021\/03\/plan-zpp-w-ostromecku.png\"><img data-dominant-color=\"b9cd9e\" data-has-transparency=\"true\" style=\"--dominant-color: #b9cd9e;\" loading=\"lazy\" decoding=\"async\" width=\"1105\" height=\"599\" src=\"https:\/\/palaceostromecko.pl\/wp-content\/uploads\/2021\/03\/plan-zpp-w-ostromecku.png\" alt=\"Plan des IPP in Ostromecko\" class=\"wp-image-11107 has-transparency\"\/><\/a><figcaption class=\"wp-element-caption\">Siehe den Plan des IPP in Ostromecko  <\/figcaption><\/figure>\n<\/div>\n<div style=\"height:100px\" aria-hidden=\"true\" class=\"wp-block-spacer\"><\/div>\n","protected":false},"excerpt":{"rendered":"<p>Schloss Neu Jadalnie Pa\u0142acowe zapraszaj\u0105 od poniedzia\u0142ku do pi\u0105tku, w godz. 12:00 &#8211; 20:00, w weekendy w godz. 10:00 &#8211; 20:00. Rezerwacje pokoi go\u015bcinnych prowadzone s\u0105 [&hellip;]<\/p>\n","protected":false},"author":6,"featured_media":0,"parent":0,"menu_order":0,"comment_status":"closed","ping_status":"closed","template":"","meta":{"footnotes":""},"class_list":["post-14905","page","type-page","status-publish","hentry"],"yoast_head":"<!-- This site is optimized with the Yoast SEO plugin v27.1.1 - https:\/\/yoast.com\/product\/yoast-seo-wordpress\/ -->\n<title>Praktische Informationen - ZPP Ostromecko<\/title>\n<meta name=\"robots\" content=\"index, follow, max-snippet:-1, max-image-preview:large, max-video-preview:-1\" \/>\n<link rel=\"canonical\" href=\"https:\/\/palaceostromecko.pl\/de\/praktische-informationen\/\" \/>\n<meta property=\"og:locale\" content=\"de_DE\" \/>\n<meta property=\"og:type\" content=\"article\" \/>\n<meta property=\"og:title\" content=\"Praktische Informationen - ZPP Ostromecko\" \/>\n<meta property=\"og:description\" content=\"Schloss Neu Jadalnie Pa\u0142acowe zapraszaj\u0105 od poniedzia\u0142ku do pi\u0105tku, w godz. 12:00 &#8211; 20:00, w weekendy w godz. 10:00 &#8211; 20:00. Rezerwacje pokoi go\u015bcinnych prowadzone s\u0105 [&hellip;]\" \/>\n<meta property=\"og:url\" content=\"https:\/\/palaceostromecko.pl\/de\/praktische-informationen\/\" \/>\n<meta property=\"og:site_name\" content=\"ZPP Ostromecko\" \/>\n<meta property=\"article:modified_time\" content=\"2026-04-07T22:45:17+00:00\" \/>\n<meta property=\"og:image\" content=\"https:\/\/palaceostromecko.pl\/wp-content\/uploads\/2021\/03\/plan-zpp-w-ostromecku.png\" \/>\n<meta name=\"twitter:card\" content=\"summary_large_image\" \/>\n<meta name=\"twitter:label1\" content=\"Est. reading time\" \/>\n\t<meta name=\"twitter:data1\" content=\"2 minutes\" \/>\n<script type=\"application\/ld+json\" class=\"yoast-schema-graph\">{\"@context\":\"https:\/\/schema.org\",\"@graph\":[{\"@type\":\"WebPage\",\"@id\":\"https:\/\/palaceostromecko.pl\/de\/praktische-informationen\/\",\"url\":\"https:\/\/palaceostromecko.pl\/de\/praktische-informationen\/\",\"name\":\"Praktische Informationen - ZPP Ostromecko\",\"isPartOf\":{\"@id\":\"https:\/\/palaceostromecko.pl\/de\/#website\"},\"primaryImageOfPage\":{\"@id\":\"https:\/\/palaceostromecko.pl\/de\/praktische-informationen\/#primaryimage\"},\"image\":{\"@id\":\"https:\/\/palaceostromecko.pl\/de\/praktische-informationen\/#primaryimage\"},\"thumbnailUrl\":\"https:\/\/palaceostromecko.pl\/wp-content\/uploads\/2021\/03\/plan-zpp-w-ostromecku.png\",\"datePublished\":\"2021-02-13T14:03:19+00:00\",\"dateModified\":\"2026-04-07T22:45:17+00:00\",\"breadcrumb\":{\"@id\":\"https:\/\/palaceostromecko.pl\/de\/praktische-informationen\/#breadcrumb\"},\"inLanguage\":\"de-DE\",\"potentialAction\":[{\"@type\":\"ReadAction\",\"target\":[\"https:\/\/palaceostromecko.pl\/de\/praktische-informationen\/\"]}]},{\"@type\":\"ImageObject\",\"inLanguage\":\"de-DE\",\"@id\":\"https:\/\/palaceostromecko.pl\/de\/praktische-informationen\/#primaryimage\",\"url\":\"https:\/\/palaceostromecko.pl\/wp-content\/uploads\/2021\/03\/plan-zpp-w-ostromecku.png\",\"contentUrl\":\"https:\/\/palaceostromecko.pl\/wp-content\/uploads\/2021\/03\/plan-zpp-w-ostromecku.png\"},{\"@type\":\"BreadcrumbList\",\"@id\":\"https:\/\/palaceostromecko.pl\/de\/praktische-informationen\/#breadcrumb\",\"itemListElement\":[{\"@type\":\"ListItem\",\"position\":1,\"name\":\"Strona g\u0142\u00f3wna\",\"item\":\"https:\/\/palaceostromecko.pl\/de\/\"},{\"@type\":\"ListItem\",\"position\":2,\"name\":\"Praktische Informationen\"}]},{\"@type\":\"WebSite\",\"@id\":\"https:\/\/palaceostromecko.pl\/de\/#website\",\"url\":\"https:\/\/palaceostromecko.pl\/de\/\",\"name\":\"ZPP Ostromecko\",\"description\":\"\",\"potentialAction\":[{\"@type\":\"SearchAction\",\"target\":{\"@type\":\"EntryPoint\",\"urlTemplate\":\"https:\/\/palaceostromecko.pl\/de\/?s={search_term_string}\"},\"query-input\":{\"@type\":\"PropertyValueSpecification\",\"valueRequired\":true,\"valueName\":\"search_term_string\"}}],\"inLanguage\":\"de-DE\"}]}<\/script>\n<!-- \/ Yoast SEO plugin. -->","yoast_head_json":{"title":"Praktische Informationen - ZPP Ostromecko","robots":{"index":"index","follow":"follow","max-snippet":"max-snippet:-1","max-image-preview":"max-image-preview:large","max-video-preview":"max-video-preview:-1"},"canonical":"https:\/\/palaceostromecko.pl\/de\/praktische-informationen\/","og_locale":"de_DE","og_type":"article","og_title":"Praktische Informationen - ZPP Ostromecko","og_description":"Schloss Neu Jadalnie Pa\u0142acowe zapraszaj\u0105 od poniedzia\u0142ku do pi\u0105tku, w godz. 12:00 &#8211; 20:00, w weekendy w godz. 10:00 &#8211; 20:00. Rezerwacje pokoi go\u015bcinnych prowadzone s\u0105 [&hellip;]","og_url":"https:\/\/palaceostromecko.pl\/de\/praktische-informationen\/","og_site_name":"ZPP Ostromecko","article_modified_time":"2026-04-07T22:45:17+00:00","og_image":[{"url":"https:\/\/palaceostromecko.pl\/wp-content\/uploads\/2021\/03\/plan-zpp-w-ostromecku.png","type":"","width":"","height":""}],"twitter_card":"summary_large_image","twitter_misc":{"Est. reading time":"2 minutes"},"schema":{"@context":"https:\/\/schema.org","@graph":[{"@type":"WebPage","@id":"https:\/\/palaceostromecko.pl\/de\/praktische-informationen\/","url":"https:\/\/palaceostromecko.pl\/de\/praktische-informationen\/","name":"Praktische Informationen - ZPP Ostromecko","isPartOf":{"@id":"https:\/\/palaceostromecko.pl\/de\/#website"},"primaryImageOfPage":{"@id":"https:\/\/palaceostromecko.pl\/de\/praktische-informationen\/#primaryimage"},"image":{"@id":"https:\/\/palaceostromecko.pl\/de\/praktische-informationen\/#primaryimage"},"thumbnailUrl":"https:\/\/palaceostromecko.pl\/wp-content\/uploads\/2021\/03\/plan-zpp-w-ostromecku.png","datePublished":"2021-02-13T14:03:19+00:00","dateModified":"2026-04-07T22:45:17+00:00","breadcrumb":{"@id":"https:\/\/palaceostromecko.pl\/de\/praktische-informationen\/#breadcrumb"},"inLanguage":"de-DE","potentialAction":[{"@type":"ReadAction","target":["https:\/\/palaceostromecko.pl\/de\/praktische-informationen\/"]}]},{"@type":"ImageObject","inLanguage":"de-DE","@id":"https:\/\/palaceostromecko.pl\/de\/praktische-informationen\/#primaryimage","url":"https:\/\/palaceostromecko.pl\/wp-content\/uploads\/2021\/03\/plan-zpp-w-ostromecku.png","contentUrl":"https:\/\/palaceostromecko.pl\/wp-content\/uploads\/2021\/03\/plan-zpp-w-ostromecku.png"},{"@type":"BreadcrumbList","@id":"https:\/\/palaceostromecko.pl\/de\/praktische-informationen\/#breadcrumb","itemListElement":[{"@type":"ListItem","position":1,"name":"Strona g\u0142\u00f3wna","item":"https:\/\/palaceostromecko.pl\/de\/"},{"@type":"ListItem","position":2,"name":"Praktische Informationen"}]},{"@type":"WebSite","@id":"https:\/\/palaceostromecko.pl\/de\/#website","url":"https:\/\/palaceostromecko.pl\/de\/","name":"ZPP Ostromecko","description":"","potentialAction":[{"@type":"SearchAction","target":{"@type":"EntryPoint","urlTemplate":"https:\/\/palaceostromecko.pl\/de\/?s={search_term_string}"},"query-input":{"@type":"PropertyValueSpecification","valueRequired":true,"valueName":"search_term_string"}}],"inLanguage":"de-DE"}]}},"_links":{"self":[{"href":"https:\/\/palaceostromecko.pl\/de\/wp-json\/wp\/v2\/pages\/14905","targetHints":{"allow":["GET"]}}],"collection":[{"href":"https:\/\/palaceostromecko.pl\/de\/wp-json\/wp\/v2\/pages"}],"about":[{"href":"https:\/\/palaceostromecko.pl\/de\/wp-json\/wp\/v2\/types\/page"}],"author":[{"embeddable":true,"href":"https:\/\/palaceostromecko.pl\/de\/wp-json\/wp\/v2\/users\/6"}],"replies":[{"embeddable":true,"href":"https:\/\/palaceostromecko.pl\/de\/wp-json\/wp\/v2\/comments?post=14905"}],"version-history":[{"count":51,"href":"https:\/\/palaceostromecko.pl\/de\/wp-json\/wp\/v2\/pages\/14905\/revisions"}],"predecessor-version":[{"id":19869,"href":"https:\/\/palaceostromecko.pl\/de\/wp-json\/wp\/v2\/pages\/14905\/revisions\/19869"}],"wp:attachment":[{"href":"https:\/\/palaceostromecko.pl\/de\/wp-json\/wp\/v2\/media?parent=14905"}],"curies":[{"name":"wp","href":"https:\/\/api.w.org\/{rel}","templated":true}]}}