{"id":14904,"date":"2021-03-14T14:39:34","date_gmt":"2021-03-14T14:39:34","guid":{"rendered":"https:\/\/po.marcindziadek.pl\/bedingungen-und-konditionen-des-newsletters\/"},"modified":"2023-12-04T10:17:28","modified_gmt":"2023-12-04T10:17:28","slug":"bedingungen-und-konditionen-des-newsletters","status":"publish","type":"page","link":"https:\/\/palaceostromecko.pl\/de\/bedingungen-und-konditionen-des-newsletters\/","title":{"rendered":"Bedingungen und Konditionen des Newsletters"},"content":{"rendered":"\n<p>In \u00dcbereinstimmung mit Art. 13 der Verordnung (EU) 2016\/679 des Europ\u00e4ischen Parlaments und des Rates vom 27. April 2016. zum Schutz nat\u00fcrlicher Personen bei der Verarbeitung personenbezogener Daten, zum freien Datenverkehr und zur Aufhebung der Richtlinie 95\/46\/EG (Allgemeine Datenschutzverordnung, sog. RODO) informieren wir Sie, dass:<\/p>\n\n<ul class=\"wp-block-list\"><li>Mit der Bestellung des Newsletter-Dienstes erkl\u00e4ren Sie sich mit der Verarbeitung Ihrer personenbezogenen Daten in Form Ihrer E-Mail-Adresse durch den Webmaster des St\u00e4dtischen Kulturzentrums einverstanden,<\/li><li>Die Angabe personenbezogener Daten ist freiwillig und zieht keine Verpflichtungen nach sich, ist aber Voraussetzung f\u00fcr den Versand des Newsletters,<\/li><li>Sie k\u00f6nnen sich jederzeit abmelden, indem Sie eine E-Mail mit dem Betreff &#8220;Newsletter abbestellen&#8221; an info@palacwostromecku.pl senden: &#8220;<em>Newsletter<\/em>abbestellen&#8221;,<\/li><li>Ihre personenbezogenen Daten werden zum Zweck der Bereitstellung des Newsletter-Dienstes verarbeitet,<\/li><li>Die Verarbeitung Ihrer personenbezogenen Daten erfolgt auf der Grundlage von Artikel 6 Absatz 1 Buchstabe b. 1(a) RODO (&#8220;die betroffene Person hat in die Verarbeitung ihrer personenbezogenen Daten f\u00fcr einen oder mehrere festgelegte Zwecke eingewilligt&#8221;),<\/li><li>Die personenbezogenen Daten, die Sie bei der Bestellung des Newsletter-Dienstes angeben, werden ausschlie\u00dflich f\u00fcr den Versand von Nachrichten per E-Mail verwendet. Ihre E-Mail-Adressen werden nicht an Dritte weitergegeben,<\/li><li>Die personenbezogenen Daten werden f\u00fcr die Dauer des Abonnements des Newsletter-Dienstes gespeichert,<\/li><li>Sie haben das Recht auf Auskunft, Berichtigung Ihrer personenbezogenen Daten, Einschr\u00e4nkung der Verarbeitung und das Recht auf L\u00f6schung Ihrer personenbezogenen Daten, wenn die Daten f\u00fcr die Zwecke, f\u00fcr die sie erhoben wurden, nicht mehr erforderlich sind oder die personenbezogenen Daten unrechtm\u00e4\u00dfig verarbeitet wurden oder die personenbezogenen Daten gel\u00f6scht werden m\u00fcssen, um einer rechtlichen Verpflichtung nach EU- oder nationalem Recht nachzukommen,<\/li><li>In Bezug auf die Verarbeitung Ihrer personenbezogenen Daten haben Sie das Recht auf:<ul><li>Zugang zu ihren Daten und erhalten eine Kopie ihrer Daten,<\/li><\/ul><\/li><li>Der Verwalter Ihrer pers\u00f6nlichen Daten ist das St\u00e4dtische Kulturzentrum in Bydgoszcz,<br\/>ul. Marcinkowskiego 12-14, 85-056 Bydgoszcz, vertreten durch die Direktorin Marzena Matowska, E-Mail: dyrekcja@mck-bydgoszcz,<\/li><li>Im St\u00e4dtischen Kulturzentrum wurde ein Datenschutzbeauftragter ernannt, der unter der folgenden E-Mail-Adresse erreichbar ist: iod@mck-bydgoszcz.pl,<\/li><li>Wenn Sie der Meinung sind, dass das St\u00e4dtische Kulturzentrum Ihre personenbezogenen Daten unter Versto\u00df gegen die Bestimmungen der RODO verarbeitet, haben Sie das Recht, eine Beschwerde bei der Aufsichtsbeh\u00f6rde &#8211; dem Pr\u00e4sidenten des Amtes f\u00fcr den Schutz personenbezogener Daten &#8211; einzureichen.<\/li><\/ul>\n","protected":false},"excerpt":{"rendered":"<p>In \u00dcbereinstimmung mit Art. 13 der Verordnung (EU) 2016\/679 des Europ\u00e4ischen Parlaments und des Rates vom 27. April 2016. zum Schutz nat\u00fcrlicher Personen bei der Verarbeitung [&hellip;]<\/p>\n","protected":false},"author":6,"featured_media":0,"parent":0,"menu_order":0,"comment_status":"closed","ping_status":"closed","template":"","meta":{"footnotes":""},"class_list":["post-14904","page","type-page","status-publish","hentry"],"yoast_head":"<!-- This site is optimized with the Yoast SEO plugin v27.1.1 - https:\/\/yoast.com\/product\/yoast-seo-wordpress\/ -->\n<title>Bedingungen und Konditionen des Newsletters - ZPP Ostromecko<\/title>\n<meta name=\"robots\" content=\"index, follow, max-snippet:-1, max-image-preview:large, max-video-preview:-1\" \/>\n<link rel=\"canonical\" href=\"https:\/\/palaceostromecko.pl\/de\/bedingungen-und-konditionen-des-newsletters\/\" \/>\n<meta property=\"og:locale\" content=\"de_DE\" \/>\n<meta property=\"og:type\" content=\"article\" \/>\n<meta property=\"og:title\" content=\"Bedingungen und Konditionen des Newsletters - ZPP Ostromecko\" \/>\n<meta property=\"og:description\" content=\"In \u00dcbereinstimmung mit Art. 13 der Verordnung (EU) 2016\/679 des Europ\u00e4ischen Parlaments und des Rates vom 27. April 2016. zum Schutz nat\u00fcrlicher Personen bei der Verarbeitung [&hellip;]\" \/>\n<meta property=\"og:url\" content=\"https:\/\/palaceostromecko.pl\/de\/bedingungen-und-konditionen-des-newsletters\/\" \/>\n<meta property=\"og:site_name\" content=\"ZPP Ostromecko\" \/>\n<meta property=\"article:modified_time\" content=\"2023-12-04T10:17:28+00:00\" \/>\n<meta name=\"twitter:card\" content=\"summary_large_image\" \/>\n<meta name=\"twitter:label1\" content=\"Est. reading time\" \/>\n\t<meta name=\"twitter:data1\" content=\"2 minutes\" \/>\n<script type=\"application\/ld+json\" class=\"yoast-schema-graph\">{\"@context\":\"https:\/\/schema.org\",\"@graph\":[{\"@type\":\"WebPage\",\"@id\":\"https:\/\/palaceostromecko.pl\/de\/bedingungen-und-konditionen-des-newsletters\/\",\"url\":\"https:\/\/palaceostromecko.pl\/de\/bedingungen-und-konditionen-des-newsletters\/\",\"name\":\"Bedingungen und Konditionen des Newsletters - ZPP Ostromecko\",\"isPartOf\":{\"@id\":\"https:\/\/palaceostromecko.pl\/de\/#website\"},\"datePublished\":\"2021-03-14T14:39:34+00:00\",\"dateModified\":\"2023-12-04T10:17:28+00:00\",\"breadcrumb\":{\"@id\":\"https:\/\/palaceostromecko.pl\/de\/bedingungen-und-konditionen-des-newsletters\/#breadcrumb\"},\"inLanguage\":\"de-DE\",\"potentialAction\":[{\"@type\":\"ReadAction\",\"target\":[\"https:\/\/palaceostromecko.pl\/de\/bedingungen-und-konditionen-des-newsletters\/\"]}]},{\"@type\":\"BreadcrumbList\",\"@id\":\"https:\/\/palaceostromecko.pl\/de\/bedingungen-und-konditionen-des-newsletters\/#breadcrumb\",\"itemListElement\":[{\"@type\":\"ListItem\",\"position\":1,\"name\":\"Strona g\u0142\u00f3wna\",\"item\":\"https:\/\/palaceostromecko.pl\/de\/\"},{\"@type\":\"ListItem\",\"position\":2,\"name\":\"Bedingungen und Konditionen des Newsletters\"}]},{\"@type\":\"WebSite\",\"@id\":\"https:\/\/palaceostromecko.pl\/de\/#website\",\"url\":\"https:\/\/palaceostromecko.pl\/de\/\",\"name\":\"ZPP Ostromecko\",\"description\":\"\",\"potentialAction\":[{\"@type\":\"SearchAction\",\"target\":{\"@type\":\"EntryPoint\",\"urlTemplate\":\"https:\/\/palaceostromecko.pl\/de\/?s={search_term_string}\"},\"query-input\":{\"@type\":\"PropertyValueSpecification\",\"valueRequired\":true,\"valueName\":\"search_term_string\"}}],\"inLanguage\":\"de-DE\"}]}<\/script>\n<!-- \/ Yoast SEO plugin. -->","yoast_head_json":{"title":"Bedingungen und Konditionen des Newsletters - ZPP Ostromecko","robots":{"index":"index","follow":"follow","max-snippet":"max-snippet:-1","max-image-preview":"max-image-preview:large","max-video-preview":"max-video-preview:-1"},"canonical":"https:\/\/palaceostromecko.pl\/de\/bedingungen-und-konditionen-des-newsletters\/","og_locale":"de_DE","og_type":"article","og_title":"Bedingungen und Konditionen des Newsletters - ZPP Ostromecko","og_description":"In \u00dcbereinstimmung mit Art. 13 der Verordnung (EU) 2016\/679 des Europ\u00e4ischen Parlaments und des Rates vom 27. April 2016. zum Schutz nat\u00fcrlicher Personen bei der Verarbeitung [&hellip;]","og_url":"https:\/\/palaceostromecko.pl\/de\/bedingungen-und-konditionen-des-newsletters\/","og_site_name":"ZPP Ostromecko","article_modified_time":"2023-12-04T10:17:28+00:00","twitter_card":"summary_large_image","twitter_misc":{"Est. reading time":"2 minutes"},"schema":{"@context":"https:\/\/schema.org","@graph":[{"@type":"WebPage","@id":"https:\/\/palaceostromecko.pl\/de\/bedingungen-und-konditionen-des-newsletters\/","url":"https:\/\/palaceostromecko.pl\/de\/bedingungen-und-konditionen-des-newsletters\/","name":"Bedingungen und Konditionen des Newsletters - ZPP Ostromecko","isPartOf":{"@id":"https:\/\/palaceostromecko.pl\/de\/#website"},"datePublished":"2021-03-14T14:39:34+00:00","dateModified":"2023-12-04T10:17:28+00:00","breadcrumb":{"@id":"https:\/\/palaceostromecko.pl\/de\/bedingungen-und-konditionen-des-newsletters\/#breadcrumb"},"inLanguage":"de-DE","potentialAction":[{"@type":"ReadAction","target":["https:\/\/palaceostromecko.pl\/de\/bedingungen-und-konditionen-des-newsletters\/"]}]},{"@type":"BreadcrumbList","@id":"https:\/\/palaceostromecko.pl\/de\/bedingungen-und-konditionen-des-newsletters\/#breadcrumb","itemListElement":[{"@type":"ListItem","position":1,"name":"Strona g\u0142\u00f3wna","item":"https:\/\/palaceostromecko.pl\/de\/"},{"@type":"ListItem","position":2,"name":"Bedingungen und Konditionen des Newsletters"}]},{"@type":"WebSite","@id":"https:\/\/palaceostromecko.pl\/de\/#website","url":"https:\/\/palaceostromecko.pl\/de\/","name":"ZPP Ostromecko","description":"","potentialAction":[{"@type":"SearchAction","target":{"@type":"EntryPoint","urlTemplate":"https:\/\/palaceostromecko.pl\/de\/?s={search_term_string}"},"query-input":{"@type":"PropertyValueSpecification","valueRequired":true,"valueName":"search_term_string"}}],"inLanguage":"de-DE"}]}},"_links":{"self":[{"href":"https:\/\/palaceostromecko.pl\/de\/wp-json\/wp\/v2\/pages\/14904","targetHints":{"allow":["GET"]}}],"collection":[{"href":"https:\/\/palaceostromecko.pl\/de\/wp-json\/wp\/v2\/pages"}],"about":[{"href":"https:\/\/palaceostromecko.pl\/de\/wp-json\/wp\/v2\/types\/page"}],"author":[{"embeddable":true,"href":"https:\/\/palaceostromecko.pl\/de\/wp-json\/wp\/v2\/users\/6"}],"replies":[{"embeddable":true,"href":"https:\/\/palaceostromecko.pl\/de\/wp-json\/wp\/v2\/comments?post=14904"}],"version-history":[{"count":3,"href":"https:\/\/palaceostromecko.pl\/de\/wp-json\/wp\/v2\/pages\/14904\/revisions"}],"predecessor-version":[{"id":14912,"href":"https:\/\/palaceostromecko.pl\/de\/wp-json\/wp\/v2\/pages\/14904\/revisions\/14912"}],"wp:attachment":[{"href":"https:\/\/palaceostromecko.pl\/de\/wp-json\/wp\/v2\/media?parent=14904"}],"curies":[{"name":"wp","href":"https:\/\/api.w.org\/{rel}","templated":true}]}}