{"id":14886,"date":"2021-01-14T09:28:32","date_gmt":"2021-01-14T09:28:32","guid":{"rendered":"https:\/\/po.marcindziadek.pl\/der-alte-palast\/"},"modified":"2026-04-27T11:00:57","modified_gmt":"2026-04-27T11:00:57","slug":"der-alte-palast","status":"publish","type":"page","link":"https:\/\/palaceostromecko.pl\/de\/der-alte-palast\/","title":{"rendered":"Das Alte Schloss"},"content":{"rendered":"<div class=\"lazyblock-hero-regular-cta-ZgmJxg wp-block-lazyblock-hero-regular-cta\"><style>\n                    .no-webp .lazyblock-hero-regular-cta-ZgmJxg .hero {\n                        background-image:url(\"https:\/\/palaceostromecko.pl\/wp-content\/uploads\/2025\/04\/Ostromecko-1-3-730x490.jpg\");\n                        background-position: center center;\n                    }\n                    .webp .lazyblock-hero-regular-cta-ZgmJxg .hero{\n                        background-image:url(\"https:\/\/palaceostromecko.pl\/wp-content\/uploads\/2025\/04\/Ostromecko-1-3-730x490.jpg\");\n                        background-position: center center;\n                    }\n                    @media screen and (min-width: 660px) {\n                        .no-webp .lazyblock-hero-regular-cta-ZgmJxg .hero {\n                            background-image:url(\"https:\/\/palaceostromecko.pl\/wp-content\/uploads\/2025\/04\/Ostromecko-1-3-1326x560.jpg\");\n                            background-position: center center;\n                        }\n                        .webp .lazyblock-hero-regular-cta-ZgmJxg .hero{\n                            background-image:url(\"https:\/\/palaceostromecko.pl\/wp-content\/uploads\/2025\/04\/Ostromecko-1-3-1326x560.jpg.\");\n                            background-position: center center;\n                        }\n                    }\n                    @media screen and (min-width: 1300px) {\n                        .no-webp .lazyblock-hero-regular-cta-ZgmJxg .hero {\n                            background-image:url(\"https:\/\/palaceostromecko.pl\/wp-content\/uploads\/2025\/04\/Ostromecko-1-3-scaled.jpg\");\n                            background-position: center center;\n                        }\n                        .webp .lazyblock-hero-regular-cta-ZgmJxg .hero{\n                            background-image:url(\"https:\/\/palaceostromecko.pl\/wp-content\/uploads\/2025\/04\/Ostromecko-1-3-scaled.jpg\");\n                            background-position: center center;\n                        }\n                    }\n                    <\/style><div class=\"hero\"><\/div>\n<h1>Das alte Schloss in Ostromecko<\/h1>\n<div class=\"wp-block-columns\">\n    <div class=\"wp-block-column\">\n        <p>Sie sind herzlich eingeladen, das charmante, intime, barocke Alte Schloss zu besichtigen, in dem sich eine der bedeutendsten Sammlungen des Landes, die Sammlung antiker Klaviere aus der Sammlung von Andrzej Szwalbe, befindet. Das Geb\u00e4ude war auch als Mostowski-Palast oder J\u00e4gerpalast bekannt.<\/p>    <\/div>\n    <div class=\"wp-block-column\">\n        <div class=\"cta\">\n        <p>Pa\u0142ac Stary czynny jest codziennie, opr\u00f3cz poniedzia\u0142k\u00f3w (godz. i szczeg\u00f3\u0142y <a href=\"https:\/\/palaceostromecko.pl\/informacje-praktyczne\/\">Informacje praktyczne<\/a>).<\/p>\n<p>Bilety mo\u017cna naby\u0107 w kasie Pa\u0142acu Starego oraz w recepcji Pa\u0142acu Nowego (p\u0142atno\u015b\u0107 got\u00f3wk\u0105 lub kart\u0105) i obejmuj\u0105 zwiedzanie obu Pa\u0142ac\u00f3w.<\/p>\n<p><strong><span style=\"font-family: Calibri, sans-serif\">Serdecznie zapraszamy!<\/span><\/strong><\/p>\n<p><a href=\"https:\/\/palaceostromecko.pl\/kontakt\/\">Kontakt<\/a><\/p>    <\/div>\n    <\/div>\n<\/div><\/div><div class=\"lazyblock-hero-presentation-Z1ohKX5 wp-block-lazyblock-hero-presentation\"><div class=\"wp-block-columns\">\n    <div class=\"wp-block-column\">\n        <h1>Das Alte Schloss<\/h1>\n        <p>Okaza\u0142a rezydencja zbudowana przez rodzin\u0119 Mostowskich w\u00a0pierwszej po\u0142owie XVIII wieku, ok. 1730 roku. Wzniesiono j\u0105\u00a0na\u00a0skraju wi\u015blanej skarpy w\u00a0miejscu dawnego dworu szlacheckiego.<\/p>    <\/div>\n    <div class=\"wp-block-column\">\n                      \n <img loading=\"lazy\" decoding=\"async\" width=\"880\" height=\"640\" src=\"https:\/\/palaceostromecko.pl\/wp-content\/uploads\/2025\/04\/P1001509-2-460x310.jpg\" alt=\"\"\n        sizes=\"auto, max-width:960px 100vw, \n               50vw\"\n        srcset=\"https:\/\/palaceostromecko.pl\/wp-content\/uploads\/2025\/04\/P1001509-2-460x310.jpg 430w, \n        https:\/\/palaceostromecko.pl\/wp-content\/uploads\/2025\/04\/P1001509-2-730x490.jpg 730w, \n        https:\/\/palaceostromecko.pl\/wp-content\/uploads\/2025\/04\/P1001509-2-scaled.jpg 1000w\">\n        \n        \n   \n            <\/div>\n<\/div><\/div><div class=\"lazyblock-text-photo-center-big-2n9FQ wp-block-lazyblock-text-photo-center-big\"><div class=\"wp-block-columns\">\n    <div class=\"wp-block-column\">\n        <p>Bogdan Teodor Mostowski, Kastellan von P\u0142ock, baute den bescheidenen Adelssitz in ein zweist\u00f6ckiges Geb\u00e4ude mit Garten um, w\u00e4hrend sein Sohn Pawe\u0142 Micha\u0142 Mostowski, Woiwode von Pommern, das Geb\u00e4ude in eine pr\u00e4chtige Residenz im Stil des Warschauer Rokoko verwandelte.<\/p>    <\/div>\n<\/div>\n<div class=\"img-block\">\n  \n <img loading=\"lazy\" decoding=\"async\" width=\"880\" height=\"640\" src=\"https:\/\/palaceostromecko.pl\/wp-content\/uploads\/2025\/04\/Ostromecko-2-460x310.jpg\" alt=\"\"\n        sizes=\"auto, max-width:960px 100vw, \n               50vw\"\n        srcset=\"https:\/\/palaceostromecko.pl\/wp-content\/uploads\/2025\/04\/Ostromecko-2-460x310.jpg 430w, \n        https:\/\/palaceostromecko.pl\/wp-content\/uploads\/2025\/04\/Ostromecko-2-730x490.jpg 730w, \n        https:\/\/palaceostromecko.pl\/wp-content\/uploads\/2025\/04\/Ostromecko-2-scaled.jpg 1000w\">\n        \n        \n   \n<\/div>\n<\/div><div class=\"lazyblock-text-photo-left-big-ZnpkWy wp-block-lazyblock-text-photo-left-big\"><div class=\"wp-block-columns\">\n    <div class=\"wp-block-column\">\n        <p>In seiner heutigen Form ist es ein dreist\u00f6ckiger Palast mit einem Mansardendach. Die Fassade ist mit S\u00e4ulen, Pilastern, Stuck und gro\u00dfen, repr\u00e4sentativen Fenstern verziert. Auf der Nordseite befindet sich eine Aussichtsplattform mit Blick auf den italienischen Garten und die Lindenallee.<\/p>    <\/div>\n    <div class=\"wp-block-column\">\n                      \n <img loading=\"lazy\" decoding=\"async\" width=\"880\" height=\"640\" src=\"https:\/\/palaceostromecko.pl\/wp-content\/uploads\/2025\/04\/DSC_2698-Copy-460x310.jpg\" alt=\"\"\n        sizes=\"auto, max-width:960px 100vw, \n               50vw\"\n        srcset=\"https:\/\/palaceostromecko.pl\/wp-content\/uploads\/2025\/04\/DSC_2698-Copy-460x310.jpg 430w, \n        https:\/\/palaceostromecko.pl\/wp-content\/uploads\/2025\/04\/DSC_2698-Copy-730x490.jpg 730w, \n        https:\/\/palaceostromecko.pl\/wp-content\/uploads\/2025\/04\/DSC_2698-Copy.jpg 1000w\">\n        \n        \n   \n            <\/div>\n<\/div><\/div><div class=\"lazyblock-text-photo-center-big-2nnefm wp-block-lazyblock-text-photo-center-big\"><div class=\"wp-block-columns\">\n    <div class=\"wp-block-column\">\n        <p>In den Innenr\u00e4umen sind Fragmente von Stuck und einer durchbrochenen Balustrade im Flur erhalten geblieben. Vom Erdgeschoss bis zum Hochparterre f\u00fchren symmetrische, originale, zweihundertj\u00e4hrige Treppen, die sich an zwei gegen\u00fcberliegenden Ecken der Eingangshalle befinden, als symmetrische Nebentreppen in die oberen Stockwerke hinauf.<\/p>    <\/div>\n<\/div>\n<div class=\"img-block\">\n  \n <img loading=\"lazy\" decoding=\"async\" width=\"880\" height=\"640\" src=\"https:\/\/palaceostromecko.pl\/wp-content\/uploads\/2025\/04\/P1001331-1-460x310.jpg\" alt=\"\"\n        sizes=\"auto, max-width:960px 100vw, \n               50vw\"\n        srcset=\"https:\/\/palaceostromecko.pl\/wp-content\/uploads\/2025\/04\/P1001331-1-460x310.jpg 430w, \n        https:\/\/palaceostromecko.pl\/wp-content\/uploads\/2025\/04\/P1001331-1-730x490.jpg 730w, \n        https:\/\/palaceostromecko.pl\/wp-content\/uploads\/2025\/04\/P1001331-1-scaled.jpg 1000w\">\n        \n        \n   \n<\/div>\n<\/div><div class=\"lazyblock-text-photo-left-big-Z1mrPzg wp-block-lazyblock-text-photo-left-big\"><div class=\"wp-block-columns\">\n    <div class=\"wp-block-column\">\n        <p>Od\u00a02011 roku znajduje si\u0119 tam Kolekcja Zabytkowych Fortepian\u00f3w im. Andrzeja Szwalbego , jedna z trzech najwi\u0119kszych tego typu kolekcji w\u00a0Polsce. Znajdziemy tu prawie wszystkie formy fortepian\u00f3w z XIX i\u00a01. po\u0142owy XX wieku: skrzyd\u0142owe, sto\u0142owe, pionowe oraz formy mieszane, czyli hybrydy. A\u00a0w ich wn\u0119trzach \u2013 niemal wszystkie typy mechaniki, rejestr\u00f3w brzmieniowych czy zdobie\u0144.<\/p>    <\/div>\n    <div class=\"wp-block-column\">\n                      \n <img loading=\"lazy\" decoding=\"async\" width=\"880\" height=\"640\" src=\"https:\/\/palaceostromecko.pl\/wp-content\/uploads\/2021\/01\/kolekcja-fortepianow-460x310.png\" alt=\"Kolekcja fortepian\u00f3w. 3 fortepiany ustawione w rz\u0119dzie.\"\n        sizes=\"auto, max-width:960px 100vw, \n               50vw\"\n        srcset=\"https:\/\/palaceostromecko.pl\/wp-content\/uploads\/2021\/01\/kolekcja-fortepianow-460x310.png 430w, \n        https:\/\/palaceostromecko.pl\/wp-content\/uploads\/2021\/01\/kolekcja-fortepianow-730x490.png 730w, \n        https:\/\/palaceostromecko.pl\/wp-content\/uploads\/2021\/01\/kolekcja-fortepianow.png 1000w\">\n        \n        \n   \n            <\/div>\n<\/div><\/div><div class=\"lazyblock-text-photo-center-big-Z1Tsegn wp-block-lazyblock-text-photo-center-big\"><div class=\"wp-block-columns\">\n    <div class=\"wp-block-column\">\n        <p>Der Alte Palast wurde fr\u00fcher f\u00fcr Picknicks zum Abschluss von Jagden genutzt, weshalb er auch J\u00e4gerpalast genannt wurde.<\/p>    <\/div>\n<\/div>\n<div class=\"img-block\">\n  \n <img loading=\"lazy\" decoding=\"async\" width=\"880\" height=\"640\" src=\"https:\/\/palaceostromecko.pl\/wp-content\/uploads\/2025\/04\/Ostromecko-1-4-460x310.jpg\" alt=\"\"\n        sizes=\"auto, max-width:960px 100vw, \n               50vw\"\n        srcset=\"https:\/\/palaceostromecko.pl\/wp-content\/uploads\/2025\/04\/Ostromecko-1-4-460x310.jpg 430w, \n        https:\/\/palaceostromecko.pl\/wp-content\/uploads\/2025\/04\/Ostromecko-1-4-730x490.jpg 730w, \n        https:\/\/palaceostromecko.pl\/wp-content\/uploads\/2025\/04\/Ostromecko-1-4-scaled.jpg 1000w\">\n        \n        \n   \n<\/div>\n<\/div><div class=\"lazyblock-text-photo-left-big-Z1uY6CH wp-block-lazyblock-text-photo-left-big\"><div class=\"wp-block-columns\">\n    <div class=\"wp-block-column\">\n        <p>Das Arbeitszimmer von Andrzej Szwalbe, dem Gr\u00fcnder der Historischen Klaviersammlung, befindet sich im zweiten Stock des Alten Schlosses in Ostromecko.<\/p>    <\/div>\n    <div class=\"wp-block-column\">\n                      \n <img loading=\"lazy\" decoding=\"async\" width=\"880\" height=\"640\" src=\"https:\/\/palaceostromecko.pl\/wp-content\/uploads\/2025\/04\/P1001478-460x310.jpg\" alt=\"\"\n        sizes=\"auto, max-width:960px 100vw, \n               50vw\"\n        srcset=\"https:\/\/palaceostromecko.pl\/wp-content\/uploads\/2025\/04\/P1001478-460x310.jpg 430w, \n        https:\/\/palaceostromecko.pl\/wp-content\/uploads\/2025\/04\/P1001478-730x490.jpg 730w, \n        https:\/\/palaceostromecko.pl\/wp-content\/uploads\/2025\/04\/P1001478-scaled.jpg 1000w\">\n        \n        \n   \n            <\/div>\n<\/div><\/div>\n<h2 class=\"wp-block-heading\" id=\"palac-stary\"><\/h2>\n","protected":false},"excerpt":{"rendered":"","protected":false},"author":6,"featured_media":0,"parent":0,"menu_order":0,"comment_status":"closed","ping_status":"closed","template":"","meta":{"footnotes":""},"class_list":["post-14886","page","type-page","status-publish","hentry"],"yoast_head":"<!-- This site is optimized with the Yoast SEO plugin v27.1.1 - https:\/\/yoast.com\/product\/yoast-seo-wordpress\/ -->\n<title>Das Alte Schloss - ZPP Ostromecko<\/title>\n<meta name=\"robots\" content=\"index, follow, max-snippet:-1, max-image-preview:large, max-video-preview:-1\" \/>\n<link rel=\"canonical\" href=\"https:\/\/palaceostromecko.pl\/de\/der-alte-palast\/\" \/>\n<meta property=\"og:locale\" content=\"de_DE\" \/>\n<meta property=\"og:type\" content=\"article\" \/>\n<meta property=\"og:title\" content=\"Das Alte Schloss - ZPP Ostromecko\" \/>\n<meta property=\"og:url\" content=\"https:\/\/palaceostromecko.pl\/de\/der-alte-palast\/\" \/>\n<meta property=\"og:site_name\" content=\"ZPP Ostromecko\" \/>\n<meta property=\"article:modified_time\" content=\"2026-04-27T11:00:57+00:00\" \/>\n<meta name=\"twitter:card\" content=\"summary_large_image\" \/>\n<script type=\"application\/ld+json\" class=\"yoast-schema-graph\">{\"@context\":\"https:\/\/schema.org\",\"@graph\":[{\"@type\":\"WebPage\",\"@id\":\"https:\/\/palaceostromecko.pl\/de\/der-alte-palast\/\",\"url\":\"https:\/\/palaceostromecko.pl\/de\/der-alte-palast\/\",\"name\":\"Das Alte Schloss - ZPP Ostromecko\",\"isPartOf\":{\"@id\":\"https:\/\/palaceostromecko.pl\/de\/#website\"},\"datePublished\":\"2021-01-14T09:28:32+00:00\",\"dateModified\":\"2026-04-27T11:00:57+00:00\",\"breadcrumb\":{\"@id\":\"https:\/\/palaceostromecko.pl\/de\/der-alte-palast\/#breadcrumb\"},\"inLanguage\":\"de-DE\",\"potentialAction\":[{\"@type\":\"ReadAction\",\"target\":[\"https:\/\/palaceostromecko.pl\/de\/der-alte-palast\/\"]}]},{\"@type\":\"BreadcrumbList\",\"@id\":\"https:\/\/palaceostromecko.pl\/de\/der-alte-palast\/#breadcrumb\",\"itemListElement\":[{\"@type\":\"ListItem\",\"position\":1,\"name\":\"Strona g\u0142\u00f3wna\",\"item\":\"https:\/\/palaceostromecko.pl\/de\/\"},{\"@type\":\"ListItem\",\"position\":2,\"name\":\"Das Alte Schloss\"}]},{\"@type\":\"WebSite\",\"@id\":\"https:\/\/palaceostromecko.pl\/de\/#website\",\"url\":\"https:\/\/palaceostromecko.pl\/de\/\",\"name\":\"ZPP Ostromecko\",\"description\":\"\",\"potentialAction\":[{\"@type\":\"SearchAction\",\"target\":{\"@type\":\"EntryPoint\",\"urlTemplate\":\"https:\/\/palaceostromecko.pl\/de\/?s={search_term_string}\"},\"query-input\":{\"@type\":\"PropertyValueSpecification\",\"valueRequired\":true,\"valueName\":\"search_term_string\"}}],\"inLanguage\":\"de-DE\"}]}<\/script>\n<!-- \/ Yoast SEO plugin. -->","yoast_head_json":{"title":"Das Alte Schloss - ZPP Ostromecko","robots":{"index":"index","follow":"follow","max-snippet":"max-snippet:-1","max-image-preview":"max-image-preview:large","max-video-preview":"max-video-preview:-1"},"canonical":"https:\/\/palaceostromecko.pl\/de\/der-alte-palast\/","og_locale":"de_DE","og_type":"article","og_title":"Das Alte Schloss - ZPP Ostromecko","og_url":"https:\/\/palaceostromecko.pl\/de\/der-alte-palast\/","og_site_name":"ZPP Ostromecko","article_modified_time":"2026-04-27T11:00:57+00:00","twitter_card":"summary_large_image","schema":{"@context":"https:\/\/schema.org","@graph":[{"@type":"WebPage","@id":"https:\/\/palaceostromecko.pl\/de\/der-alte-palast\/","url":"https:\/\/palaceostromecko.pl\/de\/der-alte-palast\/","name":"Das Alte Schloss - ZPP Ostromecko","isPartOf":{"@id":"https:\/\/palaceostromecko.pl\/de\/#website"},"datePublished":"2021-01-14T09:28:32+00:00","dateModified":"2026-04-27T11:00:57+00:00","breadcrumb":{"@id":"https:\/\/palaceostromecko.pl\/de\/der-alte-palast\/#breadcrumb"},"inLanguage":"de-DE","potentialAction":[{"@type":"ReadAction","target":["https:\/\/palaceostromecko.pl\/de\/der-alte-palast\/"]}]},{"@type":"BreadcrumbList","@id":"https:\/\/palaceostromecko.pl\/de\/der-alte-palast\/#breadcrumb","itemListElement":[{"@type":"ListItem","position":1,"name":"Strona g\u0142\u00f3wna","item":"https:\/\/palaceostromecko.pl\/de\/"},{"@type":"ListItem","position":2,"name":"Das Alte Schloss"}]},{"@type":"WebSite","@id":"https:\/\/palaceostromecko.pl\/de\/#website","url":"https:\/\/palaceostromecko.pl\/de\/","name":"ZPP Ostromecko","description":"","potentialAction":[{"@type":"SearchAction","target":{"@type":"EntryPoint","urlTemplate":"https:\/\/palaceostromecko.pl\/de\/?s={search_term_string}"},"query-input":{"@type":"PropertyValueSpecification","valueRequired":true,"valueName":"search_term_string"}}],"inLanguage":"de-DE"}]}},"_links":{"self":[{"href":"https:\/\/palaceostromecko.pl\/de\/wp-json\/wp\/v2\/pages\/14886","targetHints":{"allow":["GET"]}}],"collection":[{"href":"https:\/\/palaceostromecko.pl\/de\/wp-json\/wp\/v2\/pages"}],"about":[{"href":"https:\/\/palaceostromecko.pl\/de\/wp-json\/wp\/v2\/types\/page"}],"author":[{"embeddable":true,"href":"https:\/\/palaceostromecko.pl\/de\/wp-json\/wp\/v2\/users\/6"}],"replies":[{"embeddable":true,"href":"https:\/\/palaceostromecko.pl\/de\/wp-json\/wp\/v2\/comments?post=14886"}],"version-history":[{"count":70,"href":"https:\/\/palaceostromecko.pl\/de\/wp-json\/wp\/v2\/pages\/14886\/revisions"}],"predecessor-version":[{"id":20026,"href":"https:\/\/palaceostromecko.pl\/de\/wp-json\/wp\/v2\/pages\/14886\/revisions\/20026"}],"wp:attachment":[{"href":"https:\/\/palaceostromecko.pl\/de\/wp-json\/wp\/v2\/media?parent=14886"}],"curies":[{"name":"wp","href":"https:\/\/api.w.org\/{rel}","templated":true}]}}