{"id":14880,"date":"2021-01-14T09:30:00","date_gmt":"2021-01-14T09:30:00","guid":{"rendered":"https:\/\/po.marcindziadek.pl\/park-und-schlosspark\/"},"modified":"2026-04-03T22:45:05","modified_gmt":"2026-04-03T22:45:05","slug":"park-und-schlosspark","status":"publish","type":"page","link":"https:\/\/palaceostromecko.pl\/de\/park-und-schlosspark\/","title":{"rendered":"Park und Schlosspark"},"content":{"rendered":"<div class=\"lazyblock-hero-presentation-1NfF5O wp-block-lazyblock-hero-presentation\"><div class=\"wp-block-columns\">\n    <div class=\"wp-block-column\">\n        <h1>Park und Schlosspark<\/h1>\n        <p>Der Schlosspark selbst ist 36 Hektar gro\u00df und beherbergt neben den \u00fcppigen W\u00e4ldern und den darin integrierten G\u00e4rten auch echte architektonische Schmuckst\u00fccke. Es handelt sich um den Neuen und den Alten Palast, die beide f\u00fcr die \u00d6ffentlichkeit zug\u00e4nglich sind.<\/p>    <\/div>\n    <div class=\"wp-block-column\">\n                      \n <img loading=\"lazy\" decoding=\"async\" width=\"880\" height=\"640\" src=\"https:\/\/palaceostromecko.pl\/wp-content\/uploads\/2025\/04\/P1002001-460x310.jpg\" alt=\"\"\n        sizes=\"auto, max-width:960px 100vw, \n               50vw\"\n        srcset=\"https:\/\/palaceostromecko.pl\/wp-content\/uploads\/2025\/04\/P1002001-460x310.jpg 430w, \n        https:\/\/palaceostromecko.pl\/wp-content\/uploads\/2025\/04\/P1002001-730x490.jpg 730w, \n        https:\/\/palaceostromecko.pl\/wp-content\/uploads\/2025\/04\/P1002001-scaled.jpg 1000w\">\n        \n        \n   \n            <\/div>\n<\/div><\/div><div class=\"lazyblock-text-photo-center-big-1rLaI5 wp-block-lazyblock-text-photo-center-big\"><div class=\"wp-block-columns\">\n    <div class=\"wp-block-column\">\n        <p>Die Umgebung ist ideal f\u00fcr lange Spazierg\u00e4nge, Familienpicknicks und zum Entspannen abseits der Hektik der Stadt. Es ist auch ein Traumgebiet f\u00fcr alle Naturliebhaber und ein Muss f\u00fcr alle, die Erholung mit einer ordentlichen Portion Geschichte verbinden m\u00f6chten.<\/p>    <\/div>\n<\/div>\n<div class=\"img-block\">\n  \n <img loading=\"lazy\" decoding=\"async\" width=\"880\" height=\"640\" src=\"https:\/\/palaceostromecko.pl\/wp-content\/uploads\/2021\/01\/aleja-park-palacowy-460x310.png\" alt=\"Po dw\u00f3ch stronach alejki drzewa. W tle jeziorko.\"\n        sizes=\"auto, max-width:960px 100vw, \n               50vw\"\n        srcset=\"https:\/\/palaceostromecko.pl\/wp-content\/uploads\/2021\/01\/aleja-park-palacowy-460x310.png 430w, \n        https:\/\/palaceostromecko.pl\/wp-content\/uploads\/2021\/01\/aleja-park-palacowy-730x490.png 730w, \n        https:\/\/palaceostromecko.pl\/wp-content\/uploads\/2021\/01\/aleja-park-palacowy.png 1000w\">\n        \n        \n   \n<\/div>\n<\/div><div class=\"lazyblock-paragraph-big-Kvmv1 wp-block-lazyblock-paragraph-big\"><p>Der Schlosspark umfasst ca. 4.500 B\u00e4ume. Mehr als 60 davon sind Naturdenkm\u00e4ler. Einige wuchsen hier schon lange vor dem Bau der Schl\u00f6sser, und viele wurden gepflanzt, als die G\u00e4rten der L\u00e4ndereien angelegt wurden. Diese Ostromek-Landschaft ist das Werk von Peter Joseph Lenn\u00e9, einem bedeutenden preu\u00dfischen Planer und Landschaftsarchitekten. Lenn\u00e9, der den Titel eines k\u00f6niglichen G\u00e4rtners trug, legte im Laufe seiner Karriere mehr als 250 G\u00e4rten an. Seine Markenzeichen sind bis heute m. in. G\u00e4rten in Sanssouci in Potsdam, der Tiergarten in Berlin, aber auch G\u00e4rten in Frankfurt\/Oder, Leipzig oder Wien. In Polen ist gerade Ostromecko die beste und interessanteste Umsetzung dieses Konzepts.<br><br>Lenn\u00e9s Talent ging Hand in Hand mit einem wichtigen Motto, das er bei fast jeder Landschaftsgestaltung befolgte: Respekt vor der Natur selbst. So integrierte er die verbleibenden G\u00e4rten in den Wald, der das Anwesen umgibt. Deshalb sieht der Park in Ostromecko so aus, als h\u00e4tte sich der Mensch auf das M\u00e4hen von Rasen und die Bepflanzung der Palastterrassen beschr\u00e4nkt. Es ist in der Tat ein gut durchdachtes Konzept, das die Natur hier in ihrer Sch\u00f6nheit einfach bestechend macht.<\/p><\/div><div class=\"lazyblock-text-photo-left-big-Z26EgQf wp-block-lazyblock-text-photo-left-big\"><div class=\"wp-block-columns\">\n    <div class=\"wp-block-column\">\n        <p>Innerhalb des Parks befindet sich das Mausoleum, die ehemalige Ruhest\u00e4tte der Familien Sch\u00f6nborn und Alvensleben, den fr\u00fcheren Besitzern von Ostromecko. Er wurde 1887 als Gemeindefriedhof eingerichtet. Es wurde auf einem viereckigen Grundriss errichtet und von einer Ziegelmauer umgeben. Zwei Tore f\u00fchren dorthin &#8211; der Boden am Haupteingang ist mit auff\u00e4lligen Mosaiken verziert und das gesamte Geb\u00e4ude ist mit Efeu bewachsen.<\/p>    <\/div>\n    <div class=\"wp-block-column\">\n                      \n <img loading=\"lazy\" decoding=\"async\" width=\"880\" height=\"640\" src=\"https:\/\/palaceostromecko.pl\/wp-content\/uploads\/2025\/04\/DSC_2411-460x310.jpg\" alt=\"\"\n        sizes=\"auto, max-width:960px 100vw, \n               50vw\"\n        srcset=\"https:\/\/palaceostromecko.pl\/wp-content\/uploads\/2025\/04\/DSC_2411-460x310.jpg 430w, \n        https:\/\/palaceostromecko.pl\/wp-content\/uploads\/2025\/04\/DSC_2411-730x490.jpg 730w, \n        https:\/\/palaceostromecko.pl\/wp-content\/uploads\/2025\/04\/DSC_2411-scaled.jpg 1000w\">\n        \n        \n   \n            <\/div>\n<\/div><\/div><div class=\"lazyblock-text-photo-right-big-ZcVV0X wp-block-lazyblock-text-photo-right-big\"><div class=\"wp-block-columns\">\n    <div class=\"wp-block-column\">\n        <p>Auch der italienische Garten in der N\u00e4he des Alten Schlosses ist einen Blick wert. Umgeben von Lavendel und Buchsbaum wachsen im Rosarium Ostromec zu gleichen Teilen Rosen, deren Sorten so ausgew\u00e4hlt wurden, dass der Garten vom Fr\u00fchjahr bis zum fr\u00fchen Herbst bl\u00fcht. In der Mitte steht ein Springbrunnen mit einer Steinskulptur.<\/p>    <\/div>\n    <div class=\"wp-block-column\">\n                  \n <img loading=\"lazy\" decoding=\"async\" width=\"880\" height=\"640\" src=\"https:\/\/palaceostromecko.pl\/wp-content\/uploads\/2021\/01\/park-palacowy-fontanna-460x310.png\" alt=\"Fontanna z figur\u0105 kobiety. Przed ni\u0105 zielone krzewy.\"\n        sizes=\"auto, max-width:960px 100vw, \n               50vw\"\n        srcset=\"https:\/\/palaceostromecko.pl\/wp-content\/uploads\/2021\/01\/park-palacowy-fontanna-460x310.png 430w, \n        https:\/\/palaceostromecko.pl\/wp-content\/uploads\/2021\/01\/park-palacowy-fontanna-730x490.png 730w, \n        https:\/\/palaceostromecko.pl\/wp-content\/uploads\/2021\/01\/park-palacowy-fontanna.png 1000w\">\n        \n        \n   \n            <\/div>\n<\/div><\/div><div class=\"lazyblock-text-photo-center-big-Zk7jxl wp-block-lazyblock-text-photo-center-big\"><div class=\"wp-block-columns\">\n    <div class=\"wp-block-column\">\n        <p>Hinter der Hecke befindet sich ein Teich, von dessen Ufer aus man \u00fcber eine beeindruckende vierspurige Lindenallee und eine Steintreppe zum Alten Schloss gelangt.<\/p>    <\/div>\n<\/div>\n<div class=\"img-block\">\n  \n <img loading=\"lazy\" decoding=\"async\" width=\"880\" height=\"640\" src=\"https:\/\/palaceostromecko.pl\/wp-content\/uploads\/2025\/04\/Ostromecko-1-460x310.jpg\" alt=\"\"\n        sizes=\"auto, max-width:960px 100vw, \n               50vw\"\n        srcset=\"https:\/\/palaceostromecko.pl\/wp-content\/uploads\/2025\/04\/Ostromecko-1-460x310.jpg 430w, \n        https:\/\/palaceostromecko.pl\/wp-content\/uploads\/2025\/04\/Ostromecko-1-730x490.jpg 730w, \n        https:\/\/palaceostromecko.pl\/wp-content\/uploads\/2025\/04\/Ostromecko-1-scaled.jpg 1000w\">\n        \n        \n   \n<\/div>\n<\/div><div class=\"lazyblock-text-photo-left-big-2iEcrk wp-block-lazyblock-text-photo-left-big\"><div class=\"wp-block-columns\">\n    <div class=\"wp-block-column\">\n        <p>W\u0119drowanie ostromeckimi \u015bcie\u017ckami, u\u0142atwi fakt, \u017ce zosta\u0142y one nazwane. Aleja Schinkla, Aleja Lenn\u00e9go, Aleja Alvensleben\u00f3w i Aleja Mostowskich \u2013 to nazwy nadane ostromeckim \u015bcie\u017ckom. <\/p>    <\/div>\n    <div class=\"wp-block-column\">\n                      \n <img loading=\"lazy\" decoding=\"async\" width=\"880\" height=\"640\" src=\"https:\/\/palaceostromecko.pl\/wp-content\/uploads\/2022\/10\/194613493_883757132349132_1543188751595794917_n-460x310.jpg\" alt=\"Dwie aleje parku, na jednej z nich spaceruj\u0105cy ludzie. W tle drzewa.\"\n        sizes=\"auto, max-width:960px 100vw, \n               50vw\"\n        srcset=\"https:\/\/palaceostromecko.pl\/wp-content\/uploads\/2022\/10\/194613493_883757132349132_1543188751595794917_n-460x310.jpg 430w, \n        https:\/\/palaceostromecko.pl\/wp-content\/uploads\/2022\/10\/194613493_883757132349132_1543188751595794917_n-730x490.jpg 730w, \n        https:\/\/palaceostromecko.pl\/wp-content\/uploads\/2022\/10\/194613493_883757132349132_1543188751595794917_n.jpg 1000w\">\n        \n        \n   \n            <\/div>\n<\/div><\/div>\n<p>Die Neugestaltung des Schlosses w\u00e4re ohne den Beitrag von Karl F. Schinkel, dem gr\u00f6\u00dften preu\u00dfischen Architekten des 19. Jahrhunderts, der unter anderem das das Neue Schauspielhaus am Berliner Gendarmenmarkt, die Neue Reverse oder das Alte Museum (ebenfalls in Berlin).<\/p>\n\n<p>Die Ostromeker Landschaft ist das Werk von Peter Joseph Lenn\u00e9, einem bedeutenden preu\u00dfischen Planer und Landschaftsarchitekten. Lenn\u00e9, der den Titel eines k\u00f6niglichen G\u00e4rtners trug, legte im Laufe seiner Karriere mehr als 250 G\u00e4rten an. Seine Markenzeichen sind bis heute m. in. G\u00e4rten in Sanssouci in Potsdam, der Tiergarten in Berlin, aber auch G\u00e4rten in Frankfurt\/Oder, Leipzig oder Wien. In Polen ist gerade Ostromecko die beste und interessanteste Umsetzung dieses Konzepts.<\/p>\n\n<p>Der Alte Palast, auch bekannt als Mostowski-Palast, wurde am Rande eines Hochplateaus mit Blick auf das Weichseltal an der Stelle eines ehemaligen Adelssitzes errichtet. Das Geb\u00e4ude, das den Charakter eines zweigeschossigen repr\u00e4sentativen Wohnhauses im Barockstil mit Elementen des s\u00e4chsischen Rokoko hat, wurde im 18. Jahrhundert erbaut. von Pawe\u0142 Micha\u0142 Mostowski, Gouverneur von Pommern.<\/p>\n\n<p>Die Familie Alvensleben war bis zum Zweiten Weltkrieg der letzte Besitzer von Ostromecko. Joachim Avensleben heiratete die polnische Gr\u00e4fin Katarzyna Bni\u0144ska, Besitzerin der G\u00fcter Samostrzel und D\u0105bek. Sie hatten zwei S\u00f6hne. Der \u00e4ltere Albrecht, der den Spitznamen &#8220;Tito&#8221; trug, war ein erbitterter Nazi und Kriegsverbrecher. Der j\u00fcngere Ludolf, der den Spitznamen &#8220;Lulu&#8221; trug, war mit Leib und Seele Pole. Das Schicksal der Familie ist die Idee f\u00fcr ein gutes Drehbuch.<\/p>\n\n<figure class=\"wp-block-image size-large\"><picture class=\"wp-picture-11961\" style=\"display: contents;\"><source type=\"image\/webp\" srcset=\"https:\/\/palaceostromecko.pl\/wp-content\/uploads\/2021\/04\/mapa-parku-1-jpg.webp\"><img data-dominant-color=\"d3c4d4\" data-has-transparency=\"false\" style=\"--dominant-color: #d3c4d4;\" loading=\"lazy\" decoding=\"async\" width=\"1280\" height=\"1108\" src=\"https:\/\/palaceostromecko.pl\/wp-content\/uploads\/2021\/04\/mapa-parku-1.jpg\" alt=\"Karte des Ostromecko-Parks\" class=\"wp-image-11961 not-transparent\"\/><\/picture><figcaption class=\"wp-element-caption\"> <\/figcaption><\/figure>\n\n<div style=\"height:100px\" aria-hidden=\"true\" class=\"wp-block-spacer\"><\/div>\n","protected":false},"excerpt":{"rendered":"<p>Die Neugestaltung des Schlosses w\u00e4re ohne den Beitrag von Karl F. Schinkel, dem gr\u00f6\u00dften preu\u00dfischen Architekten des 19. Jahrhunderts, der unter anderem das das Neue Schauspielhaus [&hellip;]<\/p>\n","protected":false},"author":6,"featured_media":17103,"parent":0,"menu_order":0,"comment_status":"closed","ping_status":"closed","template":"","meta":{"footnotes":""},"class_list":["post-14880","page","type-page","status-publish","has-post-thumbnail","hentry"],"yoast_head":"<!-- This site is optimized with the Yoast SEO plugin v27.1.1 - https:\/\/yoast.com\/product\/yoast-seo-wordpress\/ -->\n<title>Park und Schlosspark - ZPP Ostromecko<\/title>\n<meta name=\"robots\" content=\"index, follow, max-snippet:-1, max-image-preview:large, max-video-preview:-1\" \/>\n<link rel=\"canonical\" href=\"https:\/\/palaceostromecko.pl\/de\/park-und-schlosspark\/\" \/>\n<meta property=\"og:locale\" content=\"de_DE\" \/>\n<meta property=\"og:type\" content=\"article\" \/>\n<meta property=\"og:title\" content=\"Park und Schlosspark - ZPP Ostromecko\" \/>\n<meta property=\"og:description\" content=\"Die Neugestaltung des Schlosses w\u00e4re ohne den Beitrag von Karl F. Schinkel, dem gr\u00f6\u00dften preu\u00dfischen Architekten des 19. Jahrhunderts, der unter anderem das das Neue Schauspielhaus [&hellip;]\" \/>\n<meta property=\"og:url\" content=\"https:\/\/palaceostromecko.pl\/de\/park-und-schlosspark\/\" \/>\n<meta property=\"og:site_name\" content=\"ZPP Ostromecko\" \/>\n<meta property=\"article:modified_time\" content=\"2026-04-03T22:45:05+00:00\" \/>\n<meta property=\"og:image\" content=\"https:\/\/palaceostromecko.pl\/wp-content\/uploads\/2025\/04\/P1001988-scaled.jpg\" \/>\n\t<meta property=\"og:image:width\" content=\"2560\" \/>\n\t<meta property=\"og:image:height\" content=\"1707\" \/>\n\t<meta property=\"og:image:type\" content=\"image\/jpeg\" \/>\n<meta name=\"twitter:card\" content=\"summary_large_image\" \/>\n<meta name=\"twitter:label1\" content=\"Est. reading time\" \/>\n\t<meta name=\"twitter:data1\" content=\"1 minute\" \/>\n<script type=\"application\/ld+json\" class=\"yoast-schema-graph\">{\"@context\":\"https:\/\/schema.org\",\"@graph\":[{\"@type\":\"WebPage\",\"@id\":\"https:\/\/palaceostromecko.pl\/de\/park-und-schlosspark\/\",\"url\":\"https:\/\/palaceostromecko.pl\/de\/park-und-schlosspark\/\",\"name\":\"Park und Schlosspark - ZPP Ostromecko\",\"isPartOf\":{\"@id\":\"https:\/\/palaceostromecko.pl\/de\/#website\"},\"primaryImageOfPage\":{\"@id\":\"https:\/\/palaceostromecko.pl\/de\/park-und-schlosspark\/#primaryimage\"},\"image\":{\"@id\":\"https:\/\/palaceostromecko.pl\/de\/park-und-schlosspark\/#primaryimage\"},\"thumbnailUrl\":\"https:\/\/palaceostromecko.pl\/wp-content\/uploads\/2025\/04\/P1001988-scaled.jpg\",\"datePublished\":\"2021-01-14T09:30:00+00:00\",\"dateModified\":\"2026-04-03T22:45:05+00:00\",\"breadcrumb\":{\"@id\":\"https:\/\/palaceostromecko.pl\/de\/park-und-schlosspark\/#breadcrumb\"},\"inLanguage\":\"de-DE\",\"potentialAction\":[{\"@type\":\"ReadAction\",\"target\":[\"https:\/\/palaceostromecko.pl\/de\/park-und-schlosspark\/\"]}]},{\"@type\":\"ImageObject\",\"inLanguage\":\"de-DE\",\"@id\":\"https:\/\/palaceostromecko.pl\/de\/park-und-schlosspark\/#primaryimage\",\"url\":\"https:\/\/palaceostromecko.pl\/wp-content\/uploads\/2025\/04\/P1001988-scaled.jpg\",\"contentUrl\":\"https:\/\/palaceostromecko.pl\/wp-content\/uploads\/2025\/04\/P1001988-scaled.jpg\",\"width\":2560,\"height\":1707,\"caption\":\"Park\"},{\"@type\":\"BreadcrumbList\",\"@id\":\"https:\/\/palaceostromecko.pl\/de\/park-und-schlosspark\/#breadcrumb\",\"itemListElement\":[{\"@type\":\"ListItem\",\"position\":1,\"name\":\"Strona g\u0142\u00f3wna\",\"item\":\"https:\/\/palaceostromecko.pl\/de\/\"},{\"@type\":\"ListItem\",\"position\":2,\"name\":\"Park und Schlosspark\"}]},{\"@type\":\"WebSite\",\"@id\":\"https:\/\/palaceostromecko.pl\/de\/#website\",\"url\":\"https:\/\/palaceostromecko.pl\/de\/\",\"name\":\"ZPP Ostromecko\",\"description\":\"\",\"potentialAction\":[{\"@type\":\"SearchAction\",\"target\":{\"@type\":\"EntryPoint\",\"urlTemplate\":\"https:\/\/palaceostromecko.pl\/de\/?s={search_term_string}\"},\"query-input\":{\"@type\":\"PropertyValueSpecification\",\"valueRequired\":true,\"valueName\":\"search_term_string\"}}],\"inLanguage\":\"de-DE\"}]}<\/script>\n<!-- \/ Yoast SEO plugin. -->","yoast_head_json":{"title":"Park und Schlosspark - ZPP Ostromecko","robots":{"index":"index","follow":"follow","max-snippet":"max-snippet:-1","max-image-preview":"max-image-preview:large","max-video-preview":"max-video-preview:-1"},"canonical":"https:\/\/palaceostromecko.pl\/de\/park-und-schlosspark\/","og_locale":"de_DE","og_type":"article","og_title":"Park und Schlosspark - ZPP Ostromecko","og_description":"Die Neugestaltung des Schlosses w\u00e4re ohne den Beitrag von Karl F. Schinkel, dem gr\u00f6\u00dften preu\u00dfischen Architekten des 19. Jahrhunderts, der unter anderem das das Neue Schauspielhaus [&hellip;]","og_url":"https:\/\/palaceostromecko.pl\/de\/park-und-schlosspark\/","og_site_name":"ZPP Ostromecko","article_modified_time":"2026-04-03T22:45:05+00:00","og_image":[{"width":2560,"height":1707,"url":"https:\/\/palaceostromecko.pl\/wp-content\/uploads\/2025\/04\/P1001988-scaled.jpg","type":"image\/jpeg"}],"twitter_card":"summary_large_image","twitter_misc":{"Est. reading time":"1 minute"},"schema":{"@context":"https:\/\/schema.org","@graph":[{"@type":"WebPage","@id":"https:\/\/palaceostromecko.pl\/de\/park-und-schlosspark\/","url":"https:\/\/palaceostromecko.pl\/de\/park-und-schlosspark\/","name":"Park und Schlosspark - ZPP Ostromecko","isPartOf":{"@id":"https:\/\/palaceostromecko.pl\/de\/#website"},"primaryImageOfPage":{"@id":"https:\/\/palaceostromecko.pl\/de\/park-und-schlosspark\/#primaryimage"},"image":{"@id":"https:\/\/palaceostromecko.pl\/de\/park-und-schlosspark\/#primaryimage"},"thumbnailUrl":"https:\/\/palaceostromecko.pl\/wp-content\/uploads\/2025\/04\/P1001988-scaled.jpg","datePublished":"2021-01-14T09:30:00+00:00","dateModified":"2026-04-03T22:45:05+00:00","breadcrumb":{"@id":"https:\/\/palaceostromecko.pl\/de\/park-und-schlosspark\/#breadcrumb"},"inLanguage":"de-DE","potentialAction":[{"@type":"ReadAction","target":["https:\/\/palaceostromecko.pl\/de\/park-und-schlosspark\/"]}]},{"@type":"ImageObject","inLanguage":"de-DE","@id":"https:\/\/palaceostromecko.pl\/de\/park-und-schlosspark\/#primaryimage","url":"https:\/\/palaceostromecko.pl\/wp-content\/uploads\/2025\/04\/P1001988-scaled.jpg","contentUrl":"https:\/\/palaceostromecko.pl\/wp-content\/uploads\/2025\/04\/P1001988-scaled.jpg","width":2560,"height":1707,"caption":"Park"},{"@type":"BreadcrumbList","@id":"https:\/\/palaceostromecko.pl\/de\/park-und-schlosspark\/#breadcrumb","itemListElement":[{"@type":"ListItem","position":1,"name":"Strona g\u0142\u00f3wna","item":"https:\/\/palaceostromecko.pl\/de\/"},{"@type":"ListItem","position":2,"name":"Park und Schlosspark"}]},{"@type":"WebSite","@id":"https:\/\/palaceostromecko.pl\/de\/#website","url":"https:\/\/palaceostromecko.pl\/de\/","name":"ZPP Ostromecko","description":"","potentialAction":[{"@type":"SearchAction","target":{"@type":"EntryPoint","urlTemplate":"https:\/\/palaceostromecko.pl\/de\/?s={search_term_string}"},"query-input":{"@type":"PropertyValueSpecification","valueRequired":true,"valueName":"search_term_string"}}],"inLanguage":"de-DE"}]}},"_links":{"self":[{"href":"https:\/\/palaceostromecko.pl\/de\/wp-json\/wp\/v2\/pages\/14880","targetHints":{"allow":["GET"]}}],"collection":[{"href":"https:\/\/palaceostromecko.pl\/de\/wp-json\/wp\/v2\/pages"}],"about":[{"href":"https:\/\/palaceostromecko.pl\/de\/wp-json\/wp\/v2\/types\/page"}],"author":[{"embeddable":true,"href":"https:\/\/palaceostromecko.pl\/de\/wp-json\/wp\/v2\/users\/6"}],"replies":[{"embeddable":true,"href":"https:\/\/palaceostromecko.pl\/de\/wp-json\/wp\/v2\/comments?post=14880"}],"version-history":[{"count":68,"href":"https:\/\/palaceostromecko.pl\/de\/wp-json\/wp\/v2\/pages\/14880\/revisions"}],"predecessor-version":[{"id":19844,"href":"https:\/\/palaceostromecko.pl\/de\/wp-json\/wp\/v2\/pages\/14880\/revisions\/19844"}],"wp:featuredmedia":[{"embeddable":true,"href":"https:\/\/palaceostromecko.pl\/de\/wp-json\/wp\/v2\/media\/17103"}],"wp:attachment":[{"href":"https:\/\/palaceostromecko.pl\/de\/wp-json\/wp\/v2\/media?parent=14880"}],"curies":[{"name":"wp","href":"https:\/\/api.w.org\/{rel}","templated":true}]}}