{"id":14870,"date":"2021-01-14T09:28:47","date_gmt":"2021-01-14T09:28:47","guid":{"rendered":"https:\/\/po.marcindziadek.pl\/schloss-neu\/"},"modified":"2026-04-14T22:45:15","modified_gmt":"2026-04-14T22:45:15","slug":"schloss-neu","status":"publish","type":"page","link":"https:\/\/palaceostromecko.pl\/de\/schloss-neu\/","title":{"rendered":"Schloss Neu"},"content":{"rendered":"<div class=\"lazyblock-hero-regular-cta-ZgmJxg wp-block-lazyblock-hero-regular-cta\"><style>\n                    .no-webp .lazyblock-hero-regular-cta-ZgmJxg .hero {\n                        background-image:url(\"https:\/\/palaceostromecko.pl\/wp-content\/uploads\/2025\/04\/P1001014_wariant_02-2-730x490.jpg\");\n                        background-position: center center;\n                    }\n                    .webp .lazyblock-hero-regular-cta-ZgmJxg .hero{\n                        background-image:url(\"https:\/\/palaceostromecko.pl\/wp-content\/uploads\/2025\/04\/P1001014_wariant_02-2-730x490.jpg\");\n                        background-position: center center;\n                    }\n                    @media screen and (min-width: 660px) {\n                        .no-webp .lazyblock-hero-regular-cta-ZgmJxg .hero {\n                            background-image:url(\"https:\/\/palaceostromecko.pl\/wp-content\/uploads\/2025\/04\/P1001014_wariant_02-2-1326x560.jpg\");\n                            background-position: center center;\n                        }\n                        .webp .lazyblock-hero-regular-cta-ZgmJxg .hero{\n                            background-image:url(\"https:\/\/palaceostromecko.pl\/wp-content\/uploads\/2025\/04\/P1001014_wariant_02-2-1326x560.jpg.\");\n                            background-position: center center;\n                        }\n                    }\n                    @media screen and (min-width: 1300px) {\n                        .no-webp .lazyblock-hero-regular-cta-ZgmJxg .hero {\n                            background-image:url(\"https:\/\/palaceostromecko.pl\/wp-content\/uploads\/2025\/04\/P1001014_wariant_02-2-scaled.jpg\");\n                            background-position: center center;\n                        }\n                        .webp .lazyblock-hero-regular-cta-ZgmJxg .hero{\n                            background-image:url(\"https:\/\/palaceostromecko.pl\/wp-content\/uploads\/2025\/04\/P1001014_wariant_02-2-scaled.jpg\");\n                            background-position: center center;\n                        }\n                    }\n                    <\/style><div class=\"hero\"><\/div>\n<h1>Das neue Schloss in Ostromecko<\/h1>\n<div class=\"wp-block-columns\">\n    <div class=\"wp-block-column\">\n        <p>Zapraszamy Pa\u0144stwa przez ca\u0142y rok. W Pa\u0142acu Nowym czekaj\u0105 na Pa\u0144stwa Jadalnie Pa\u0142acowe, serwuj\u0105ce m.in. dania oparte na historycznych regionalnych recepturach oraz pokoje go\u015bcinne i salony ekspozycyjne, m.in. K. F. Schinkla oraz Sk\u0142ad Sommerfelda. Najnowsz\u0105 atrakcj\u0119 Pa\u0142acu Nowego stanowi wystawa &#8220;Huhuczny strych&#8221;, prezentuj\u0105ca kolekcj\u0119 8 tys. s\u00f3w.<\/p>    <\/div>\n    <div class=\"wp-block-column\">\n        <div class=\"cta\">\n        <p>W celu zapoznania si\u0119 z informacjami na temat zwiedzania, godzin otwarcia oraz cen bilet\u00f3w zach\u0119camy do zapoznania si\u0119 z dzia\u0142em <a href=\"https:\/\/palaceostromecko.pl\/informacje-praktyczne\/\">Informacje praktyczne<\/a>.<br \/><br \/><strong>Serdecznie zapraszamy!<\/strong><\/p>\n<p><a href=\"https:\/\/palaceostromecko.pl\/kontakt\/\">Kontakt<\/a><\/p>    <\/div>\n    <\/div>\n<\/div><\/div><div class=\"lazyblock-hero-presentation-Za3oNL wp-block-lazyblock-hero-presentation\"><div class=\"wp-block-columns\">\n    <div class=\"wp-block-column\">\n        <h1>Schloss Neu<\/h1>\n        <p>stanowi wizyt\u00f3wk\u0119 ostromeckiej rezydencji i jest jednym z najpi\u0119kniejszych zabytk\u00f3w wojew\u00f3dztwa kujawsko-pomorskiego.<\/p><p><\/p>    <\/div>\n    <div class=\"wp-block-column\">\n                      \n <img loading=\"lazy\" decoding=\"async\" width=\"880\" height=\"640\" src=\"https:\/\/palaceostromecko.pl\/wp-content\/uploads\/2025\/04\/P1001077-460x310.jpg\" alt=\"\"\n        sizes=\"auto, max-width:960px 100vw, \n               50vw\"\n        srcset=\"https:\/\/palaceostromecko.pl\/wp-content\/uploads\/2025\/04\/P1001077-460x310.jpg 430w, \n        https:\/\/palaceostromecko.pl\/wp-content\/uploads\/2025\/04\/P1001077-730x490.jpg 730w, \n        https:\/\/palaceostromecko.pl\/wp-content\/uploads\/2025\/04\/P1001077-scaled.jpg 1000w\">\n        \n        \n   \n            <\/div>\n<\/div><\/div><div class=\"lazyblock-text-photo-center-big-1BK8zs wp-block-lazyblock-text-photo-center-big\"><div class=\"wp-block-columns\">\n    <div class=\"wp-block-column\">\n        <p>Der Entwurf w\u00e4re nicht m\u00f6glich gewesen ohne den Beitrag von Karl F. Schinkel, dem gr\u00f6\u00dften preu\u00dfischen Architekten des neunzehnten Jahrhunderts, der unter anderem folgende Werke schuf das Neue Schauspielhaus am Berliner Gendarmenmarkt, die Neue Reverse oder das Alte Museum (ebenfalls in Berlin).<\/p>    <\/div>\n<\/div>\n<div class=\"img-block\">\n  \n <img loading=\"lazy\" decoding=\"async\" width=\"880\" height=\"640\" src=\"https:\/\/palaceostromecko.pl\/wp-content\/uploads\/2025\/04\/DSC_7744-460x310.jpg\" alt=\"\"\n        sizes=\"auto, max-width:960px 100vw, \n               50vw\"\n        srcset=\"https:\/\/palaceostromecko.pl\/wp-content\/uploads\/2025\/04\/DSC_7744-460x310.jpg 430w, \n        https:\/\/palaceostromecko.pl\/wp-content\/uploads\/2025\/04\/DSC_7744-730x490.jpg 730w, \n        https:\/\/palaceostromecko.pl\/wp-content\/uploads\/2025\/04\/DSC_7744-scaled.jpg 1000w\">\n        \n        \n   \n<\/div>\n<\/div><div class=\"lazyblock-paragraph-big-1gWUna wp-block-lazyblock-paragraph-big\"><p>Pa\u0142ac Nowy powsta\u0142 pomi\u0119dzy 1832 a 1840 rokiem i stanowi\u0142 rezydencj\u0119 rodziny Sch\u00f6nborn-Alvensleben. Ta okaza\u0142a budowla powstawa\u0142a etapami. Do cz\u0119\u015bci \u015brodkowej, najstarszej, pod koniec XIX wieku dobudowano od strony po\u0142udniowej neobarokowy Pa\u0142acyk My\u015bliwski.<\/p><\/div><div class=\"lazyblock-text-photo-left-big-ZkANWJ wp-block-lazyblock-text-photo-left-big\"><div class=\"wp-block-columns\">\n    <div class=\"wp-block-column\">\n        <p> Od strony p\u00f3\u0142nocnej na\u00a0pocz\u0105tku XX wieku dobudowano jednopi\u0119trowy pawilon o formach odpowiadaj\u0105cych porz\u0105dkowi toska\u0144skiemu. W jego wn\u0119trzu znajduje si\u0119 sala balowa, w kt\u00f3rej odbywaj\u0105 si\u0119 liczne koncerty i inne wydarzenia kulturalne. Z sali balowej mo\u017cna wyj\u015b\u0107 na urokliw\u0105 werand\u0119, z zewn\u0105trz zamkni\u0119t\u0105 neoklasycystycznym portykiem.<\/p>    <\/div>\n    <div class=\"wp-block-column\">\n                      \n <img loading=\"lazy\" decoding=\"async\" width=\"880\" height=\"640\" src=\"https:\/\/palaceostromecko.pl\/wp-content\/uploads\/2021\/03\/DSC_0691-Kopiowanie-460x310.jpg\" alt=\"Z przodu \u017c\u00f3\u0142te i czerwone tulipany. W tle cz\u0119\u015b\u0107 Pa\u0142acu Nowego.\"\n        sizes=\"auto, max-width:960px 100vw, \n               50vw\"\n        srcset=\"https:\/\/palaceostromecko.pl\/wp-content\/uploads\/2021\/03\/DSC_0691-Kopiowanie-460x310.jpg 430w, \n        https:\/\/palaceostromecko.pl\/wp-content\/uploads\/2021\/03\/DSC_0691-Kopiowanie-730x490.jpg 730w, \n        https:\/\/palaceostromecko.pl\/wp-content\/uploads\/2021\/03\/DSC_0691-Kopiowanie.jpg 1000w\">\n        \n        \n   \n            <\/div>\n<\/div><\/div><div class=\"lazyblock-text-photo-center-big-ZVdXCl wp-block-lazyblock-text-photo-center-big\"><div class=\"wp-block-columns\">\n    <div class=\"wp-block-column\">\n        <p>Gegen\u00fcber den G\u00e4rten befindet sich eine beeindruckende Terrasse mit einer breiten Treppe. Im Inneren k\u00f6nnen Sie die sch\u00f6nen Schlossr\u00e4ume bewundern und sich auch in das Bydgoski Sztambuch, das offene Schlosstagebuch, eintragen.<\/p>    <\/div>\n<\/div>\n<div class=\"img-block\">\n  \n <img loading=\"lazy\" decoding=\"async\" width=\"880\" height=\"640\" src=\"https:\/\/palaceostromecko.pl\/wp-content\/uploads\/2025\/04\/P1001055-460x310.jpg\" alt=\"\"\n        sizes=\"auto, max-width:960px 100vw, \n               50vw\"\n        srcset=\"https:\/\/palaceostromecko.pl\/wp-content\/uploads\/2025\/04\/P1001055-460x310.jpg 430w, \n        https:\/\/palaceostromecko.pl\/wp-content\/uploads\/2025\/04\/P1001055-730x490.jpg 730w, \n        https:\/\/palaceostromecko.pl\/wp-content\/uploads\/2025\/04\/P1001055-scaled.jpg 1000w\">\n        \n        \n   \n<\/div>\n<\/div><div class=\"lazyblock-text-photo-left-big-1VquAl wp-block-lazyblock-text-photo-left-big\"><div class=\"wp-block-columns\">\n    <div class=\"wp-block-column\">\n        <p>Tutaj tak\u017ce zwiedzaj\u0105cy znajd\u0105 chwil\u0119 wytchnienia w Jadalniach Pa\u0142acowych.<\/p>    <\/div>\n    <div class=\"wp-block-column\">\n                      \n <img loading=\"lazy\" decoding=\"async\" width=\"880\" height=\"640\" src=\"https:\/\/palaceostromecko.pl\/wp-content\/uploads\/2021\/03\/salon_alvenslebenow-scaled-460x310.jpg\" alt=\"Nakryty ozdobnie st\u00f3\u0142, wok\u00f3\u0142 niego krzes\u0142a. W tle otwarte drzwi, zielona kanapa i okno.\"\n        sizes=\"auto, max-width:960px 100vw, \n               50vw\"\n        srcset=\"https:\/\/palaceostromecko.pl\/wp-content\/uploads\/2021\/03\/salon_alvenslebenow-scaled-460x310.jpg 430w, \n        https:\/\/palaceostromecko.pl\/wp-content\/uploads\/2021\/03\/salon_alvenslebenow-scaled-730x490.jpg 730w, \n        https:\/\/palaceostromecko.pl\/wp-content\/uploads\/2021\/03\/salon_alvenslebenow-scaled.jpg 1000w\">\n        \n        \n   \n            <\/div>\n<\/div><\/div><div class=\"lazyblock-text-photo-right-big-ZC9bU6 wp-block-lazyblock-text-photo-right-big\"><div class=\"wp-block-columns\">\n    <div class=\"wp-block-column\">\n        <p>Najnowsz\u0105 atrakcj\u0119 Pa\u0142acu Nowego stanowi wystawa &#8220;Huhuczny strych&#8221;. Ekspozycja powsta\u0142a w oparciu o kolekcj\u0119 Eriki i Norberta Boese. Kolekcja powstawa\u0142a 50 lat i zawiera 8 tys. sztuk s\u00f3w, wykonanych z najr\u00f3\u017cniejszych materia\u0142\u00f3w! Ekspozycja ma wr\u0119cz ba\u015bniowy charakter i wprawia w zachwyt zwiedzajacych. Niezwyk\u0142\u0105 atmosfer\u0119 strychu podkre\u015bla ud\u017awi\u0119kowienie autorstwa Olgi Hanowskiej.<\/p>    <\/div>\n    <div class=\"wp-block-column\">\n                  \n <img loading=\"lazy\" decoding=\"async\" width=\"880\" height=\"640\" src=\"https:\/\/palaceostromecko.pl\/wp-content\/uploads\/2024\/06\/DSC_9868-Copy-460x310.jpg\" alt=\"\"\n        sizes=\"auto, max-width:960px 100vw, \n               50vw\"\n        srcset=\"https:\/\/palaceostromecko.pl\/wp-content\/uploads\/2024\/06\/DSC_9868-Copy-460x310.jpg 430w, \n        https:\/\/palaceostromecko.pl\/wp-content\/uploads\/2024\/06\/DSC_9868-Copy-730x490.jpg 730w, \n        https:\/\/palaceostromecko.pl\/wp-content\/uploads\/2024\/06\/DSC_9868-Copy.jpg 1000w\">\n        \n        \n   \n            <\/div>\n<\/div><\/div>\n<p><\/p>\n\n<figure class=\"wp-block-image size-full\"><picture class=\"wp-picture-16961\" style=\"display: contents;\"><source type=\"image\/webp\" srcset=\"https:\/\/palaceostromecko.pl\/wp-content\/uploads\/2025\/04\/P1001062-scaled-jpg.webp\"><img data-dominant-color=\"65755e\" data-has-transparency=\"false\" style=\"--dominant-color: #65755e;\" loading=\"lazy\" decoding=\"async\" width=\"2560\" height=\"1228\" sizes=\"auto, (max-width: 2560px) 100vw, 2560px\" src=\"https:\/\/palaceostromecko.pl\/wp-content\/uploads\/2025\/04\/P1001062-scaled.jpg\" alt=\"\" class=\"wp-image-16961 not-transparent\"\/><\/picture><\/figure>\n\n<div style=\"height:100px\" aria-hidden=\"true\" class=\"wp-block-spacer\"><\/div>\n","protected":false},"excerpt":{"rendered":"","protected":false},"author":6,"featured_media":17007,"parent":0,"menu_order":0,"comment_status":"closed","ping_status":"closed","template":"","meta":{"footnotes":""},"class_list":["post-14870","page","type-page","status-publish","has-post-thumbnail","hentry"],"yoast_head":"<!-- This site is optimized with the Yoast SEO plugin v27.1.1 - https:\/\/yoast.com\/product\/yoast-seo-wordpress\/ -->\n<title>Schloss Neu - ZPP Ostromecko<\/title>\n<meta name=\"robots\" content=\"index, follow, max-snippet:-1, max-image-preview:large, max-video-preview:-1\" \/>\n<link rel=\"canonical\" href=\"https:\/\/palaceostromecko.pl\/de\/schloss-neu\/\" \/>\n<meta property=\"og:locale\" content=\"de_DE\" \/>\n<meta property=\"og:type\" content=\"article\" \/>\n<meta property=\"og:title\" content=\"Schloss Neu - ZPP Ostromecko\" \/>\n<meta property=\"og:url\" content=\"https:\/\/palaceostromecko.pl\/de\/schloss-neu\/\" \/>\n<meta property=\"og:site_name\" content=\"ZPP Ostromecko\" \/>\n<meta property=\"article:modified_time\" content=\"2026-04-14T22:45:15+00:00\" \/>\n<meta property=\"og:image\" content=\"https:\/\/palaceostromecko.pl\/wp-content\/uploads\/2025\/04\/P1001065-2-scaled.jpg\" \/>\n\t<meta property=\"og:image:width\" content=\"2560\" \/>\n\t<meta property=\"og:image:height\" content=\"1332\" \/>\n\t<meta property=\"og:image:type\" content=\"image\/jpeg\" \/>\n<meta name=\"twitter:card\" content=\"summary_large_image\" \/>\n<script type=\"application\/ld+json\" class=\"yoast-schema-graph\">{\"@context\":\"https:\/\/schema.org\",\"@graph\":[{\"@type\":\"WebPage\",\"@id\":\"https:\/\/palaceostromecko.pl\/de\/schloss-neu\/\",\"url\":\"https:\/\/palaceostromecko.pl\/de\/schloss-neu\/\",\"name\":\"Schloss Neu - ZPP Ostromecko\",\"isPartOf\":{\"@id\":\"https:\/\/palaceostromecko.pl\/de\/#website\"},\"primaryImageOfPage\":{\"@id\":\"https:\/\/palaceostromecko.pl\/de\/schloss-neu\/#primaryimage\"},\"image\":{\"@id\":\"https:\/\/palaceostromecko.pl\/de\/schloss-neu\/#primaryimage\"},\"thumbnailUrl\":\"https:\/\/palaceostromecko.pl\/wp-content\/uploads\/2025\/04\/P1001065-2-scaled.jpg\",\"datePublished\":\"2021-01-14T09:28:47+00:00\",\"dateModified\":\"2026-04-14T22:45:15+00:00\",\"breadcrumb\":{\"@id\":\"https:\/\/palaceostromecko.pl\/de\/schloss-neu\/#breadcrumb\"},\"inLanguage\":\"de-DE\",\"potentialAction\":[{\"@type\":\"ReadAction\",\"target\":[\"https:\/\/palaceostromecko.pl\/de\/schloss-neu\/\"]}]},{\"@type\":\"ImageObject\",\"inLanguage\":\"de-DE\",\"@id\":\"https:\/\/palaceostromecko.pl\/de\/schloss-neu\/#primaryimage\",\"url\":\"https:\/\/palaceostromecko.pl\/wp-content\/uploads\/2025\/04\/P1001065-2-scaled.jpg\",\"contentUrl\":\"https:\/\/palaceostromecko.pl\/wp-content\/uploads\/2025\/04\/P1001065-2-scaled.jpg\",\"width\":2560,\"height\":1332,\"caption\":\"Pa\u0142ac Nowy, widok od strony parku\"},{\"@type\":\"BreadcrumbList\",\"@id\":\"https:\/\/palaceostromecko.pl\/de\/schloss-neu\/#breadcrumb\",\"itemListElement\":[{\"@type\":\"ListItem\",\"position\":1,\"name\":\"Strona g\u0142\u00f3wna\",\"item\":\"https:\/\/palaceostromecko.pl\/de\/\"},{\"@type\":\"ListItem\",\"position\":2,\"name\":\"Schloss Neu\"}]},{\"@type\":\"WebSite\",\"@id\":\"https:\/\/palaceostromecko.pl\/de\/#website\",\"url\":\"https:\/\/palaceostromecko.pl\/de\/\",\"name\":\"ZPP Ostromecko\",\"description\":\"\",\"potentialAction\":[{\"@type\":\"SearchAction\",\"target\":{\"@type\":\"EntryPoint\",\"urlTemplate\":\"https:\/\/palaceostromecko.pl\/de\/?s={search_term_string}\"},\"query-input\":{\"@type\":\"PropertyValueSpecification\",\"valueRequired\":true,\"valueName\":\"search_term_string\"}}],\"inLanguage\":\"de-DE\"}]}<\/script>\n<!-- \/ Yoast SEO plugin. -->","yoast_head_json":{"title":"Schloss Neu - ZPP Ostromecko","robots":{"index":"index","follow":"follow","max-snippet":"max-snippet:-1","max-image-preview":"max-image-preview:large","max-video-preview":"max-video-preview:-1"},"canonical":"https:\/\/palaceostromecko.pl\/de\/schloss-neu\/","og_locale":"de_DE","og_type":"article","og_title":"Schloss Neu - ZPP Ostromecko","og_url":"https:\/\/palaceostromecko.pl\/de\/schloss-neu\/","og_site_name":"ZPP Ostromecko","article_modified_time":"2026-04-14T22:45:15+00:00","og_image":[{"width":2560,"height":1332,"url":"https:\/\/palaceostromecko.pl\/wp-content\/uploads\/2025\/04\/P1001065-2-scaled.jpg","type":"image\/jpeg"}],"twitter_card":"summary_large_image","schema":{"@context":"https:\/\/schema.org","@graph":[{"@type":"WebPage","@id":"https:\/\/palaceostromecko.pl\/de\/schloss-neu\/","url":"https:\/\/palaceostromecko.pl\/de\/schloss-neu\/","name":"Schloss Neu - ZPP Ostromecko","isPartOf":{"@id":"https:\/\/palaceostromecko.pl\/de\/#website"},"primaryImageOfPage":{"@id":"https:\/\/palaceostromecko.pl\/de\/schloss-neu\/#primaryimage"},"image":{"@id":"https:\/\/palaceostromecko.pl\/de\/schloss-neu\/#primaryimage"},"thumbnailUrl":"https:\/\/palaceostromecko.pl\/wp-content\/uploads\/2025\/04\/P1001065-2-scaled.jpg","datePublished":"2021-01-14T09:28:47+00:00","dateModified":"2026-04-14T22:45:15+00:00","breadcrumb":{"@id":"https:\/\/palaceostromecko.pl\/de\/schloss-neu\/#breadcrumb"},"inLanguage":"de-DE","potentialAction":[{"@type":"ReadAction","target":["https:\/\/palaceostromecko.pl\/de\/schloss-neu\/"]}]},{"@type":"ImageObject","inLanguage":"de-DE","@id":"https:\/\/palaceostromecko.pl\/de\/schloss-neu\/#primaryimage","url":"https:\/\/palaceostromecko.pl\/wp-content\/uploads\/2025\/04\/P1001065-2-scaled.jpg","contentUrl":"https:\/\/palaceostromecko.pl\/wp-content\/uploads\/2025\/04\/P1001065-2-scaled.jpg","width":2560,"height":1332,"caption":"Pa\u0142ac Nowy, widok od strony parku"},{"@type":"BreadcrumbList","@id":"https:\/\/palaceostromecko.pl\/de\/schloss-neu\/#breadcrumb","itemListElement":[{"@type":"ListItem","position":1,"name":"Strona g\u0142\u00f3wna","item":"https:\/\/palaceostromecko.pl\/de\/"},{"@type":"ListItem","position":2,"name":"Schloss Neu"}]},{"@type":"WebSite","@id":"https:\/\/palaceostromecko.pl\/de\/#website","url":"https:\/\/palaceostromecko.pl\/de\/","name":"ZPP Ostromecko","description":"","potentialAction":[{"@type":"SearchAction","target":{"@type":"EntryPoint","urlTemplate":"https:\/\/palaceostromecko.pl\/de\/?s={search_term_string}"},"query-input":{"@type":"PropertyValueSpecification","valueRequired":true,"valueName":"search_term_string"}}],"inLanguage":"de-DE"}]}},"_links":{"self":[{"href":"https:\/\/palaceostromecko.pl\/de\/wp-json\/wp\/v2\/pages\/14870","targetHints":{"allow":["GET"]}}],"collection":[{"href":"https:\/\/palaceostromecko.pl\/de\/wp-json\/wp\/v2\/pages"}],"about":[{"href":"https:\/\/palaceostromecko.pl\/de\/wp-json\/wp\/v2\/types\/page"}],"author":[{"embeddable":true,"href":"https:\/\/palaceostromecko.pl\/de\/wp-json\/wp\/v2\/users\/6"}],"replies":[{"embeddable":true,"href":"https:\/\/palaceostromecko.pl\/de\/wp-json\/wp\/v2\/comments?post=14870"}],"version-history":[{"count":82,"href":"https:\/\/palaceostromecko.pl\/de\/wp-json\/wp\/v2\/pages\/14870\/revisions"}],"predecessor-version":[{"id":19943,"href":"https:\/\/palaceostromecko.pl\/de\/wp-json\/wp\/v2\/pages\/14870\/revisions\/19943"}],"wp:featuredmedia":[{"embeddable":true,"href":"https:\/\/palaceostromecko.pl\/de\/wp-json\/wp\/v2\/media\/17007"}],"wp:attachment":[{"href":"https:\/\/palaceostromecko.pl\/de\/wp-json\/wp\/v2\/media?parent=14870"}],"curies":[{"name":"wp","href":"https:\/\/api.w.org\/{rel}","templated":true}]}}