{"id":14804,"date":"2021-03-03T20:02:55","date_gmt":"2021-03-03T20:02:55","guid":{"rendered":"https:\/\/po.marcindziadek.pl\/fotoshootings\/"},"modified":"2023-12-04T10:13:30","modified_gmt":"2023-12-04T10:13:30","slug":"fotoshootings","status":"publish","type":"page","link":"https:\/\/palaceostromecko.pl\/de\/fotoshootings\/","title":{"rendered":"Fotoshootings"},"content":{"rendered":"<div class=\"lazyblock-hero-regular-cta-bf0jf wp-block-lazyblock-hero-regular-cta\"><style>\n                    .no-webp .lazyblock-hero-regular-cta-bf0jf .hero {\n                        background-image:url(\"https:\/\/palaceostromecko.pl\/wp-content\/uploads\/2021\/03\/marc-a-sporys-NO8Sj4dKE8k-unsplash-scaled-730x490.jpg\");\n                        background-position: center center;\n                    }\n                    .webp .lazyblock-hero-regular-cta-bf0jf .hero{\n                        background-image:url(\"https:\/\/palaceostromecko.pl\/wp-content\/uploads\/2021\/03\/marc-a-sporys-NO8Sj4dKE8k-unsplash-scaled-730x490.jpg\");\n                        background-position: center center;\n                    }\n                    @media screen and (min-width: 660px) {\n                        .no-webp .lazyblock-hero-regular-cta-bf0jf .hero {\n                            background-image:url(\"https:\/\/palaceostromecko.pl\/wp-content\/uploads\/2021\/03\/marc-a-sporys-NO8Sj4dKE8k-unsplash-scaled-1326x560.jpg\");\n                            background-position: center center;\n                        }\n                        .webp .lazyblock-hero-regular-cta-bf0jf .hero{\n                            background-image:url(\"https:\/\/palaceostromecko.pl\/wp-content\/uploads\/2021\/03\/marc-a-sporys-NO8Sj4dKE8k-unsplash-scaled-1326x560.jpg.\");\n                            background-position: center center;\n                        }\n                    }\n                    @media screen and (min-width: 1300px) {\n                        .no-webp .lazyblock-hero-regular-cta-bf0jf .hero {\n                            background-image:url(\"https:\/\/palaceostromecko.pl\/wp-content\/uploads\/2021\/03\/marc-a-sporys-NO8Sj4dKE8k-unsplash-scaled.jpg\");\n                            background-position: center center;\n                        }\n                        .webp .lazyblock-hero-regular-cta-bf0jf .hero{\n                            background-image:url(\"https:\/\/palaceostromecko.pl\/wp-content\/uploads\/2021\/03\/marc-a-sporys-NO8Sj4dKE8k-unsplash-scaled.jpg\");\n                            background-position: center center;\n                        }\n                    }\n                    <\/style><div class=\"hero\"><\/div>\n<h1>Fotoshootings<\/h1>\n<div class=\"wp-block-columns\">\n    <div class=\"wp-block-column\">\n        <p>Die Innenr\u00e4ume des Schlosses und die Weite des Parks sind ein origineller Rahmen f\u00fcr Erinnerungsfotos, sei es f\u00fcr Hochzeiten, Familien-, Firmen- oder andere Veranstaltungen, um wichtige Ereignisse zu verewigen. Bei Fotoshootings im Neuen Schloss in Ostromecko geht es nicht nur um die historische Atmosph\u00e4re und die atemberaubende Architektur, sondern auch um die atemberaubenden Innenr\u00e4ume, die ihren Glanz aus der Zeit der letzten Familie, der Alvenslebens, wiedererhalten haben.<\/p>    <\/div>\n    <div class=\"wp-block-column\">\n        <div class=\"cta\">\n        <h2>Kontakt aufnehmen<\/h2>\n<p>Schloss Neu<\/p>\n<p>tel. +48 519 346 570<\/p>\n<p>tel. + 48 785 250 182<\/p>\n<p><a href=\"mailto:recepcja@palacwostromecku.pl\">recepcja@palaceostromecko.pl<\/a><\/p>\n<p>Der alte Palast<\/p>\n<p>tel. +48 519 346 578,<\/p>\n<p><a role=\"link\" href=\"mailto:andrzej.gawronski@mck-bydgoszcz.pl\">andrzej.gawronski@mck-bydgoszcz.pl<\/a><\/p>\n<p>Bitte kontaktieren Sie uns von Montag bis Freitag von 8.00 Uhr bis 16.00 Uhr.<\/p>    <\/div>\n    <\/div>\n<\/div><\/div>\n<p>Wir bieten Fotoshootings in den S\u00e4len des Neuen Schlosses an, nach Vereinbarung. Der Neue Palast wurde in der ersten H\u00e4lfte des 19. Jahrhunderts erbaut. Die klassizistische Fassade wurde von dem deutschen Architekten Karl F. Schinkel. Sp\u00e4ter wurden ein Geb\u00e4ude im neobarocken Stil, ein Ballsaal und Gartenterrassen hinzugef\u00fcgt. Die Innenr\u00e4ume sind atemberaubend in ihren Details.<\/p>\n<div class=\"wp-block-image\">\n<figure class=\"aligncenter size-large is-resized\"><img loading=\"lazy\" decoding=\"async\" src=\"https:\/\/palaceostromecko.pl\/wp-content\/uploads\/2021\/05\/DSC_7552-Kopiowanie.jpg\" alt=\"Innenr&#xE4;ume des Neuen Palastes\" class=\"wp-image-12031\" width=\"435\" height=\"289\"\/><figcaption class=\"wp-element-caption\">Innenr\u00e4ume des Neuen Palastes<\/figcaption><\/figure>\n<\/div>\n<p>W\u00e4hrend der Sitzung k\u00f6nnen Sie die Speises\u00e4le nutzen, die mit einem palastartigen Flair ausgestattet sind. Dies ist ein gr\u00fcnes Zimmer im eklektischen Stil mit Blick auf einen park\u00e4hnlichen, nach S\u00fcden ausgerichteten englischen Garten. Es gibt auch eine neoromantische, intime blaue Lounge mit einem separaten Balkon sowie ein elegantes, eklektisches Kaminzimmer. Ein gem\u00fctlicher Erker mit viel Gr\u00fcn und Blumen ist eine wahre Freude. Eine beeindruckende Lobby mit einem antiken Kamin, in dem immer noch ein Feuer brennt.<\/p>\n\n<p>Weitere ungew\u00f6hnliche R\u00e4ume sind: Sommerfelds Lagerhaus &#8211; eine Pr\u00e4sentation eines Ateliers f\u00fcr die Herstellung von Klavieren und Fl\u00fcgeln in der Zwischenkriegszeit, Sommerfelds Arbeitszimmer und im Erdgeschoss das Arbeitszimmer des Designers Schinkel. Ein exquisiter Ballsaal. Auch die so genannte Alte K\u00fcche ist ein ungew\u00f6hnlicher Ort.<\/p>\n\n<p><strong>Die Preisliste<\/strong><\/p>\n\n<p><strong>Die Kosten f\u00fcr die Sitzung betragen 350 \u00a3 f\u00fcr die ersten zwei Stunden.<\/strong> <strong>F\u00fcr jede weitere Stunde zahlen Sie einen Aufpreis von 100 PLN.<\/strong><\/p>\n\n<div style=\"height:100px\" aria-hidden=\"true\" class=\"wp-block-spacer\"><\/div>\n<div class=\"wp-block-image\">\n<figure class=\"alignright size-large\"><img decoding=\"async\" src=\"https:\/\/palaceostromecko.pl\/wp-content\/uploads\/2021\/05\/106724724_2670963406450199_7428417965510148908_n.jpg\" alt=\"Sopran und Klavier\" class=\"wp-image-12030\"\/><figcaption class=\"wp-element-caption\">Sopran und Klavier<\/figcaption><\/figure>\n<\/div>\n<p>Eine Fotosession im barocken Alten Schloss aus dem 18. Jahrhundert ist aufgrund des musealen Charakters des Geb\u00e4udes nur in Ausnahmef\u00e4llen m\u00f6glich. Fotografieren im Zusammenhang mit k\u00fcnstlerischen und kulturellen Aktivit\u00e4ten (Portfolios, Aufnahmesessions, k\u00fcnstlerische Modeprojekte usw.) ist m\u00f6glich. Sie k\u00f6nnen sich gerne mit uns in Verbindung setzen.<\/p>\n\n<figure class=\"wp-block-image size-large\"><picture class=\"wp-picture-11419\" style=\"display: contents;\"><source type=\"image\/webp\" srcset=\"https:\/\/palaceostromecko.pl\/wp-content\/uploads\/2021\/03\/tom-pumford-UxzqDyzqs8w-unsplash-scaled-jpg.webp\"><img data-dominant-color=\"6b634e\" data-has-transparency=\"false\" style=\"--dominant-color: #6b634e;\" loading=\"lazy\" decoding=\"async\" width=\"1480\" height=\"987\" src=\"https:\/\/palaceostromecko.pl\/wp-content\/uploads\/2021\/03\/tom-pumford-UxzqDyzqs8w-unsplash-scaled.jpg\" alt=\"Die Braut und der Br&#xE4;utigam gehen auf gr&#xFC;nem Gras in Richtung der B&#xE4;ume im Hintergrund.\" class=\"wp-image-11419 not-transparent\"\/><\/picture><\/figure>\n\n<p>Der Schlosspark und die G\u00e4rten sind das ganze Jahr \u00fcber ge\u00f6ffnet. 8.00 &#8211; 20.00. Der Eintritt und die Fotoshootings sind kostenlos.<\/p>\n\n<div style=\"height:100px\" aria-hidden=\"true\" class=\"wp-block-spacer\"><\/div>\n","protected":false},"excerpt":{"rendered":"<p>Wir bieten Fotoshootings in den S\u00e4len des Neuen Schlosses an, nach Vereinbarung. Der Neue Palast wurde in der ersten H\u00e4lfte des 19. Jahrhunderts erbaut. Die klassizistische [&hellip;]<\/p>\n","protected":false},"author":6,"featured_media":0,"parent":0,"menu_order":0,"comment_status":"closed","ping_status":"closed","template":"","meta":{"footnotes":""},"class_list":["post-14804","page","type-page","status-publish","hentry"],"yoast_head":"<!-- This site is optimized with the Yoast SEO plugin v27.1.1 - https:\/\/yoast.com\/product\/yoast-seo-wordpress\/ -->\n<title>Fotoshootings - ZPP Ostromecko<\/title>\n<meta name=\"robots\" content=\"index, follow, max-snippet:-1, max-image-preview:large, max-video-preview:-1\" \/>\n<link rel=\"canonical\" href=\"https:\/\/palaceostromecko.pl\/de\/fotoshootings\/\" \/>\n<meta property=\"og:locale\" content=\"de_DE\" \/>\n<meta property=\"og:type\" content=\"article\" \/>\n<meta property=\"og:title\" content=\"Fotoshootings - ZPP Ostromecko\" \/>\n<meta property=\"og:description\" content=\"Wir bieten Fotoshootings in den S\u00e4len des Neuen Schlosses an, nach Vereinbarung. Der Neue Palast wurde in der ersten H\u00e4lfte des 19. Jahrhunderts erbaut. Die klassizistische [&hellip;]\" \/>\n<meta property=\"og:url\" content=\"https:\/\/palaceostromecko.pl\/de\/fotoshootings\/\" \/>\n<meta property=\"og:site_name\" content=\"ZPP Ostromecko\" \/>\n<meta property=\"article:modified_time\" content=\"2023-12-04T10:13:30+00:00\" \/>\n<meta property=\"og:image\" content=\"https:\/\/palaceostromecko.pl\/wp-content\/uploads\/2021\/05\/DSC_7552-Kopiowanie.jpg\" \/>\n<meta name=\"twitter:card\" content=\"summary_large_image\" \/>\n<meta name=\"twitter:label1\" content=\"Est. reading time\" \/>\n\t<meta name=\"twitter:data1\" content=\"2 minutes\" \/>\n<script type=\"application\/ld+json\" class=\"yoast-schema-graph\">{\"@context\":\"https:\/\/schema.org\",\"@graph\":[{\"@type\":\"WebPage\",\"@id\":\"https:\/\/palaceostromecko.pl\/de\/fotoshootings\/\",\"url\":\"https:\/\/palaceostromecko.pl\/de\/fotoshootings\/\",\"name\":\"Fotoshootings - ZPP Ostromecko\",\"isPartOf\":{\"@id\":\"https:\/\/palaceostromecko.pl\/de\/#website\"},\"primaryImageOfPage\":{\"@id\":\"https:\/\/palaceostromecko.pl\/de\/fotoshootings\/#primaryimage\"},\"image\":{\"@id\":\"https:\/\/palaceostromecko.pl\/de\/fotoshootings\/#primaryimage\"},\"thumbnailUrl\":\"https:\/\/palaceostromecko.pl\/wp-content\/uploads\/2021\/05\/DSC_7552-Kopiowanie.jpg\",\"datePublished\":\"2021-03-03T20:02:55+00:00\",\"dateModified\":\"2023-12-04T10:13:30+00:00\",\"breadcrumb\":{\"@id\":\"https:\/\/palaceostromecko.pl\/de\/fotoshootings\/#breadcrumb\"},\"inLanguage\":\"de-DE\",\"potentialAction\":[{\"@type\":\"ReadAction\",\"target\":[\"https:\/\/palaceostromecko.pl\/de\/fotoshootings\/\"]}]},{\"@type\":\"ImageObject\",\"inLanguage\":\"de-DE\",\"@id\":\"https:\/\/palaceostromecko.pl\/de\/fotoshootings\/#primaryimage\",\"url\":\"https:\/\/palaceostromecko.pl\/wp-content\/uploads\/2021\/05\/DSC_7552-Kopiowanie.jpg\",\"contentUrl\":\"https:\/\/palaceostromecko.pl\/wp-content\/uploads\/2021\/05\/DSC_7552-Kopiowanie.jpg\"},{\"@type\":\"BreadcrumbList\",\"@id\":\"https:\/\/palaceostromecko.pl\/de\/fotoshootings\/#breadcrumb\",\"itemListElement\":[{\"@type\":\"ListItem\",\"position\":1,\"name\":\"Strona g\u0142\u00f3wna\",\"item\":\"https:\/\/palaceostromecko.pl\/de\/\"},{\"@type\":\"ListItem\",\"position\":2,\"name\":\"Fotoshootings\"}]},{\"@type\":\"WebSite\",\"@id\":\"https:\/\/palaceostromecko.pl\/de\/#website\",\"url\":\"https:\/\/palaceostromecko.pl\/de\/\",\"name\":\"ZPP Ostromecko\",\"description\":\"\",\"potentialAction\":[{\"@type\":\"SearchAction\",\"target\":{\"@type\":\"EntryPoint\",\"urlTemplate\":\"https:\/\/palaceostromecko.pl\/de\/?s={search_term_string}\"},\"query-input\":{\"@type\":\"PropertyValueSpecification\",\"valueRequired\":true,\"valueName\":\"search_term_string\"}}],\"inLanguage\":\"de-DE\"}]}<\/script>\n<!-- \/ Yoast SEO plugin. -->","yoast_head_json":{"title":"Fotoshootings - ZPP Ostromecko","robots":{"index":"index","follow":"follow","max-snippet":"max-snippet:-1","max-image-preview":"max-image-preview:large","max-video-preview":"max-video-preview:-1"},"canonical":"https:\/\/palaceostromecko.pl\/de\/fotoshootings\/","og_locale":"de_DE","og_type":"article","og_title":"Fotoshootings - ZPP Ostromecko","og_description":"Wir bieten Fotoshootings in den S\u00e4len des Neuen Schlosses an, nach Vereinbarung. Der Neue Palast wurde in der ersten H\u00e4lfte des 19. Jahrhunderts erbaut. Die klassizistische [&hellip;]","og_url":"https:\/\/palaceostromecko.pl\/de\/fotoshootings\/","og_site_name":"ZPP Ostromecko","article_modified_time":"2023-12-04T10:13:30+00:00","og_image":[{"url":"https:\/\/palaceostromecko.pl\/wp-content\/uploads\/2021\/05\/DSC_7552-Kopiowanie.jpg","type":"","width":"","height":""}],"twitter_card":"summary_large_image","twitter_misc":{"Est. reading time":"2 minutes"},"schema":{"@context":"https:\/\/schema.org","@graph":[{"@type":"WebPage","@id":"https:\/\/palaceostromecko.pl\/de\/fotoshootings\/","url":"https:\/\/palaceostromecko.pl\/de\/fotoshootings\/","name":"Fotoshootings - ZPP Ostromecko","isPartOf":{"@id":"https:\/\/palaceostromecko.pl\/de\/#website"},"primaryImageOfPage":{"@id":"https:\/\/palaceostromecko.pl\/de\/fotoshootings\/#primaryimage"},"image":{"@id":"https:\/\/palaceostromecko.pl\/de\/fotoshootings\/#primaryimage"},"thumbnailUrl":"https:\/\/palaceostromecko.pl\/wp-content\/uploads\/2021\/05\/DSC_7552-Kopiowanie.jpg","datePublished":"2021-03-03T20:02:55+00:00","dateModified":"2023-12-04T10:13:30+00:00","breadcrumb":{"@id":"https:\/\/palaceostromecko.pl\/de\/fotoshootings\/#breadcrumb"},"inLanguage":"de-DE","potentialAction":[{"@type":"ReadAction","target":["https:\/\/palaceostromecko.pl\/de\/fotoshootings\/"]}]},{"@type":"ImageObject","inLanguage":"de-DE","@id":"https:\/\/palaceostromecko.pl\/de\/fotoshootings\/#primaryimage","url":"https:\/\/palaceostromecko.pl\/wp-content\/uploads\/2021\/05\/DSC_7552-Kopiowanie.jpg","contentUrl":"https:\/\/palaceostromecko.pl\/wp-content\/uploads\/2021\/05\/DSC_7552-Kopiowanie.jpg"},{"@type":"BreadcrumbList","@id":"https:\/\/palaceostromecko.pl\/de\/fotoshootings\/#breadcrumb","itemListElement":[{"@type":"ListItem","position":1,"name":"Strona g\u0142\u00f3wna","item":"https:\/\/palaceostromecko.pl\/de\/"},{"@type":"ListItem","position":2,"name":"Fotoshootings"}]},{"@type":"WebSite","@id":"https:\/\/palaceostromecko.pl\/de\/#website","url":"https:\/\/palaceostromecko.pl\/de\/","name":"ZPP Ostromecko","description":"","potentialAction":[{"@type":"SearchAction","target":{"@type":"EntryPoint","urlTemplate":"https:\/\/palaceostromecko.pl\/de\/?s={search_term_string}"},"query-input":{"@type":"PropertyValueSpecification","valueRequired":true,"valueName":"search_term_string"}}],"inLanguage":"de-DE"}]}},"_links":{"self":[{"href":"https:\/\/palaceostromecko.pl\/de\/wp-json\/wp\/v2\/pages\/14804","targetHints":{"allow":["GET"]}}],"collection":[{"href":"https:\/\/palaceostromecko.pl\/de\/wp-json\/wp\/v2\/pages"}],"about":[{"href":"https:\/\/palaceostromecko.pl\/de\/wp-json\/wp\/v2\/types\/page"}],"author":[{"embeddable":true,"href":"https:\/\/palaceostromecko.pl\/de\/wp-json\/wp\/v2\/users\/6"}],"replies":[{"embeddable":true,"href":"https:\/\/palaceostromecko.pl\/de\/wp-json\/wp\/v2\/comments?post=14804"}],"version-history":[{"count":1,"href":"https:\/\/palaceostromecko.pl\/de\/wp-json\/wp\/v2\/pages\/14804\/revisions"}],"predecessor-version":[{"id":14821,"href":"https:\/\/palaceostromecko.pl\/de\/wp-json\/wp\/v2\/pages\/14804\/revisions\/14821"}],"wp:attachment":[{"href":"https:\/\/palaceostromecko.pl\/de\/wp-json\/wp\/v2\/media?parent=14804"}],"curies":[{"name":"wp","href":"https:\/\/api.w.org\/{rel}","templated":true}]}}