{"id":14800,"date":"2021-02-13T14:07:15","date_gmt":"2021-02-13T14:07:15","guid":{"rendered":"https:\/\/po.marcindziadek.pl\/kontakt\/"},"modified":"2023-12-04T12:49:42","modified_gmt":"2023-12-04T12:49:42","slug":"kontakt","status":"publish","type":"page","link":"https:\/\/palaceostromecko.pl\/de\/kontakt\/","title":{"rendered":"Kontakt"},"content":{"rendered":"\n<h1 class=\"wp-block-heading has-text-align-left\">Kontakt<\/h1>\n\n\n\n<div class=\"wp-block-columns is-layout-flex wp-container-core-columns-is-layout-9d6595d7 wp-block-columns-is-layout-flex\">\n<div class=\"wp-block-column is-layout-flow wp-block-column-is-layout-flow\">\n<p class=\"has-medium-font-size\">Der Schloss- und Parkkomplex in Ostromecko<br>ul. Bydgoska 9, 86-070 D\u0105browa Che\u0142mi\u0144ska<br><br>Sie k\u00f6nnen den Neuen Palast jeden Tag und den Alten Palast au\u00dfer montags besuchen.  <a href=\"https:\/\/palaceostromecko.pl\/de\/praktische-informationen\/\">Praktische Informationen<\/a><\/p>\n<\/div>\n<\/div>\n\n\n\n<div style=\"height:100px\" aria-hidden=\"true\" class=\"wp-block-spacer\"><\/div>\n\n\n\n<div class=\"wp-block-columns is-layout-flex wp-container-core-columns-is-layout-9d6595d7 wp-block-columns-is-layout-flex\">\n<div class=\"wp-block-column is-layout-flow wp-block-column-is-layout-flow\">\n<h2 class=\"wp-block-heading\">Organisation von Feierlichkeiten<\/h2>\n\n\n\n<p><strong>Dominika Mirus<\/strong><\/p>\n\n\n\n<p>+48 519 346 570<\/p>\n\n\n\n<p><a href=\"mailto:dominika.mirus@mck-bydgoszcz.pl\">dominika.mirus@mck-bydgoszcz.pl<\/a><\/p>\n\n\n\n<h2 class=\"wp-block-heading\">Buchung von G\u00e4stezimmern  <\/h2>\n\n\n\n<p>+48 785 250 182<br><a href=\"mailto:recepcja@palacwostromecku.pl\">recepcja@palaceostromecko.pl<\/a><br><br><a data-type=\"URL\" data-id=\"https:\/\/www.booking.com\/hotel\/pl\/zespol-palacowo-parkowy-w-ostromecku.pl.html\" href=\"https:\/\/www.booking.com\/hotel\/pl\/zespol-palacowo-parkowy-w-ostromecku.pl.html\">Buchen Sie \u00fcber Booking.com  &gt;<\/a><\/p>\n\n\n\n<h2 class=\"wp-block-heading\"><\/h2>\n\n\n\n<p><\/p>\n\n\n\n<p><\/p>\n\n\n\n<p><\/p>\n\n\n\n<p><\/p>\n\n\n\n<h2 class=\"wp-block-heading\">Organisation von kulturellen Veranstaltungen, Besichtigungen<\/h2>\n\n\n\n<p><strong>Abteilung f\u00fcr Kultur- und Heimatschutz ZPP Ostromecko &#8211; Altes Schloss<\/strong><br><br><strong>Manager, Verwalter der Sammlung historischer Instrumente in der ZPP Ostromecko &#8211; Andrzej Gawronski<\/strong><br>+48 52 364 64 41<br>+48 519 346 578<br><a href=\"mailto:andrzej.gawronski@mck-bydgoszcz.pl\">andrzej.gawronski@mck-bydgoszcz.pl<\/a><\/p>\n\n\n\n<div class=\"wp-block-columns is-layout-flex wp-container-core-columns-is-layout-9d6595d7 wp-block-columns-is-layout-flex\">\n<div class=\"wp-block-column is-layout-flow wp-block-column-is-layout-flow\"><\/div>\n\n\n\n<div class=\"wp-block-column is-layout-flow wp-block-column-is-layout-flow\"><\/div>\n<\/div>\n\n\n\n<p><strong>Spezialist\/Koordinator f\u00fcr die Bildung und Popularisierung des Erbes des ZPP Ostromecko &#8211; Pawe\u0142 \u015awieca<\/strong><br>+48 600 059 833<\/p>\n\n\n\n<p><\/p>\n<\/div>\n\n\n\n<div class=\"wp-block-column is-layout-flow wp-block-column-is-layout-flow\">\n<h2 class=\"wp-block-heading\">Reservierung von Restauranttischen \/ Picknick-K\u00f6rben<\/h2>\n\n\n\n<p>+48 785 251 162<\/p>\n\n\n\n<p><strong>*Bestellungen<\/strong> f\u00fcr<strong>K\u00f6rbe werden am Tag vor dem Besuch bis 18 Uhr entgegengenommen.<\/strong><br><a href=\"mailto:recepcja@palacwostromecku.pl\">recepcja@palaceostromecko.pl<\/a><\/p>\n\n\n\n<h2 class=\"wp-block-heading\">Verwaltung und Wirtschaftsabteilung<\/h2>\n\n\n\n<p><strong>Gesch\u00e4ftsf\u00fchrerin <\/strong>&#8211; <strong>Marta Zag\u00f3rska<\/strong><br>+ 48 785 250 861  <\/p>\n\n\n\n<p><\/p>\n\n\n\n<p><strong>Beauftragter f\u00fcr Technik und Investitionen <\/strong>&#8211; <strong>Slawomir Schmidt<\/strong><br>+48 785 250 869<br><a href=\"mailto:slawomir.schmidt@mck-bydgoszcz.pl\">slawomir.schmidt@mck-bydgoszcz.pl<\/a><\/p>\n\n\n\n<h2 class=\"wp-block-heading\">Bankkonto<\/h2>\n\n\n\n<p><strong>BNP Paribas Bank Polska Sp\u00f3\u0142ka Akcyjna<\/strong><br>92 1600 1462 1742 7185 8000 0002<\/p>\n<\/div>\n<\/div>\n\n\n\n<div style=\"height:58px\" aria-hidden=\"true\" class=\"wp-block-spacer\"><\/div>\n\n\n<div class=\"wp-block-image\">\n<figure class=\"aligncenter size-large\"><a href=\"https:\/\/palaceostromecko.pl\/wp-content\/uploads\/2021\/03\/plan-zpp-w-ostromecku.png\"><img data-dominant-color=\"b9cd9e\" data-has-transparency=\"true\" style=\"--dominant-color: #b9cd9e;\" loading=\"lazy\" decoding=\"async\" width=\"1105\" height=\"599\" src=\"https:\/\/palaceostromecko.pl\/wp-content\/uploads\/2021\/03\/plan-zpp-w-ostromecku.png\" alt=\"Plan des IPP in Ostromecko\" class=\"wp-image-11107 has-transparency\"\/><\/a><figcaption class=\"wp-element-caption\">Siehe den Plan des IPP in Ostromecko &gt;<\/figcaption><\/figure>\n<\/div>\n\n\n<p><\/p>\n","protected":false},"excerpt":{"rendered":"<p>Kontakt Der Schloss- und Parkkomplex in Ostromeckoul. Bydgoska 9, 86-070 D\u0105browa Che\u0142mi\u0144ska Sie k\u00f6nnen den Neuen Palast jeden Tag und den Alten Palast au\u00dfer montags besuchen. [&hellip;]<\/p>\n","protected":false},"author":6,"featured_media":0,"parent":0,"menu_order":0,"comment_status":"closed","ping_status":"closed","template":"","meta":{"footnotes":""},"class_list":["post-14800","page","type-page","status-publish","hentry"],"yoast_head":"<!-- This site is optimized with the Yoast SEO plugin v27.1.1 - https:\/\/yoast.com\/product\/yoast-seo-wordpress\/ -->\n<title>Kontakt - ZPP Ostromecko<\/title>\n<meta name=\"robots\" content=\"index, follow, max-snippet:-1, max-image-preview:large, max-video-preview:-1\" \/>\n<link rel=\"canonical\" href=\"https:\/\/palaceostromecko.pl\/de\/kontakt\/\" \/>\n<meta property=\"og:locale\" content=\"de_DE\" \/>\n<meta property=\"og:type\" content=\"article\" \/>\n<meta property=\"og:title\" content=\"Kontakt - ZPP Ostromecko\" \/>\n<meta property=\"og:description\" content=\"Kontakt Der Schloss- und Parkkomplex in Ostromeckoul. Bydgoska 9, 86-070 D\u0105browa Che\u0142mi\u0144ska Sie k\u00f6nnen den Neuen Palast jeden Tag und den Alten Palast au\u00dfer montags besuchen. [&hellip;]\" \/>\n<meta property=\"og:url\" content=\"https:\/\/palaceostromecko.pl\/de\/kontakt\/\" \/>\n<meta property=\"og:site_name\" content=\"ZPP Ostromecko\" \/>\n<meta property=\"article:modified_time\" content=\"2023-12-04T12:49:42+00:00\" \/>\n<meta property=\"og:image\" content=\"https:\/\/palaceostromecko.pl\/wp-content\/uploads\/2021\/03\/plan-zpp-w-ostromecku.png\" \/>\n<meta name=\"twitter:card\" content=\"summary_large_image\" \/>\n<meta name=\"twitter:label1\" content=\"Est. reading time\" \/>\n\t<meta name=\"twitter:data1\" content=\"2 minutes\" \/>\n<script type=\"application\/ld+json\" class=\"yoast-schema-graph\">{\"@context\":\"https:\/\/schema.org\",\"@graph\":[{\"@type\":\"WebPage\",\"@id\":\"https:\/\/palaceostromecko.pl\/de\/kontakt\/\",\"url\":\"https:\/\/palaceostromecko.pl\/de\/kontakt\/\",\"name\":\"Kontakt - ZPP Ostromecko\",\"isPartOf\":{\"@id\":\"https:\/\/palaceostromecko.pl\/de\/#website\"},\"primaryImageOfPage\":{\"@id\":\"https:\/\/palaceostromecko.pl\/de\/kontakt\/#primaryimage\"},\"image\":{\"@id\":\"https:\/\/palaceostromecko.pl\/de\/kontakt\/#primaryimage\"},\"thumbnailUrl\":\"https:\/\/palaceostromecko.pl\/wp-content\/uploads\/2021\/03\/plan-zpp-w-ostromecku.png\",\"datePublished\":\"2021-02-13T14:07:15+00:00\",\"dateModified\":\"2023-12-04T12:49:42+00:00\",\"breadcrumb\":{\"@id\":\"https:\/\/palaceostromecko.pl\/de\/kontakt\/#breadcrumb\"},\"inLanguage\":\"de-DE\",\"potentialAction\":[{\"@type\":\"ReadAction\",\"target\":[\"https:\/\/palaceostromecko.pl\/de\/kontakt\/\"]}]},{\"@type\":\"ImageObject\",\"inLanguage\":\"de-DE\",\"@id\":\"https:\/\/palaceostromecko.pl\/de\/kontakt\/#primaryimage\",\"url\":\"https:\/\/palaceostromecko.pl\/wp-content\/uploads\/2021\/03\/plan-zpp-w-ostromecku.png\",\"contentUrl\":\"https:\/\/palaceostromecko.pl\/wp-content\/uploads\/2021\/03\/plan-zpp-w-ostromecku.png\"},{\"@type\":\"BreadcrumbList\",\"@id\":\"https:\/\/palaceostromecko.pl\/de\/kontakt\/#breadcrumb\",\"itemListElement\":[{\"@type\":\"ListItem\",\"position\":1,\"name\":\"Strona g\u0142\u00f3wna\",\"item\":\"https:\/\/palaceostromecko.pl\/de\/\"},{\"@type\":\"ListItem\",\"position\":2,\"name\":\"Kontakt\"}]},{\"@type\":\"WebSite\",\"@id\":\"https:\/\/palaceostromecko.pl\/de\/#website\",\"url\":\"https:\/\/palaceostromecko.pl\/de\/\",\"name\":\"ZPP Ostromecko\",\"description\":\"\",\"potentialAction\":[{\"@type\":\"SearchAction\",\"target\":{\"@type\":\"EntryPoint\",\"urlTemplate\":\"https:\/\/palaceostromecko.pl\/de\/?s={search_term_string}\"},\"query-input\":{\"@type\":\"PropertyValueSpecification\",\"valueRequired\":true,\"valueName\":\"search_term_string\"}}],\"inLanguage\":\"de-DE\"}]}<\/script>\n<!-- \/ Yoast SEO plugin. -->","yoast_head_json":{"title":"Kontakt - ZPP Ostromecko","robots":{"index":"index","follow":"follow","max-snippet":"max-snippet:-1","max-image-preview":"max-image-preview:large","max-video-preview":"max-video-preview:-1"},"canonical":"https:\/\/palaceostromecko.pl\/de\/kontakt\/","og_locale":"de_DE","og_type":"article","og_title":"Kontakt - ZPP Ostromecko","og_description":"Kontakt Der Schloss- und Parkkomplex in Ostromeckoul. Bydgoska 9, 86-070 D\u0105browa Che\u0142mi\u0144ska Sie k\u00f6nnen den Neuen Palast jeden Tag und den Alten Palast au\u00dfer montags besuchen. [&hellip;]","og_url":"https:\/\/palaceostromecko.pl\/de\/kontakt\/","og_site_name":"ZPP Ostromecko","article_modified_time":"2023-12-04T12:49:42+00:00","og_image":[{"url":"https:\/\/palaceostromecko.pl\/wp-content\/uploads\/2021\/03\/plan-zpp-w-ostromecku.png","type":"","width":"","height":""}],"twitter_card":"summary_large_image","twitter_misc":{"Est. reading time":"2 minutes"},"schema":{"@context":"https:\/\/schema.org","@graph":[{"@type":"WebPage","@id":"https:\/\/palaceostromecko.pl\/de\/kontakt\/","url":"https:\/\/palaceostromecko.pl\/de\/kontakt\/","name":"Kontakt - ZPP Ostromecko","isPartOf":{"@id":"https:\/\/palaceostromecko.pl\/de\/#website"},"primaryImageOfPage":{"@id":"https:\/\/palaceostromecko.pl\/de\/kontakt\/#primaryimage"},"image":{"@id":"https:\/\/palaceostromecko.pl\/de\/kontakt\/#primaryimage"},"thumbnailUrl":"https:\/\/palaceostromecko.pl\/wp-content\/uploads\/2021\/03\/plan-zpp-w-ostromecku.png","datePublished":"2021-02-13T14:07:15+00:00","dateModified":"2023-12-04T12:49:42+00:00","breadcrumb":{"@id":"https:\/\/palaceostromecko.pl\/de\/kontakt\/#breadcrumb"},"inLanguage":"de-DE","potentialAction":[{"@type":"ReadAction","target":["https:\/\/palaceostromecko.pl\/de\/kontakt\/"]}]},{"@type":"ImageObject","inLanguage":"de-DE","@id":"https:\/\/palaceostromecko.pl\/de\/kontakt\/#primaryimage","url":"https:\/\/palaceostromecko.pl\/wp-content\/uploads\/2021\/03\/plan-zpp-w-ostromecku.png","contentUrl":"https:\/\/palaceostromecko.pl\/wp-content\/uploads\/2021\/03\/plan-zpp-w-ostromecku.png"},{"@type":"BreadcrumbList","@id":"https:\/\/palaceostromecko.pl\/de\/kontakt\/#breadcrumb","itemListElement":[{"@type":"ListItem","position":1,"name":"Strona g\u0142\u00f3wna","item":"https:\/\/palaceostromecko.pl\/de\/"},{"@type":"ListItem","position":2,"name":"Kontakt"}]},{"@type":"WebSite","@id":"https:\/\/palaceostromecko.pl\/de\/#website","url":"https:\/\/palaceostromecko.pl\/de\/","name":"ZPP Ostromecko","description":"","potentialAction":[{"@type":"SearchAction","target":{"@type":"EntryPoint","urlTemplate":"https:\/\/palaceostromecko.pl\/de\/?s={search_term_string}"},"query-input":{"@type":"PropertyValueSpecification","valueRequired":true,"valueName":"search_term_string"}}],"inLanguage":"de-DE"}]}},"_links":{"self":[{"href":"https:\/\/palaceostromecko.pl\/de\/wp-json\/wp\/v2\/pages\/14800","targetHints":{"allow":["GET"]}}],"collection":[{"href":"https:\/\/palaceostromecko.pl\/de\/wp-json\/wp\/v2\/pages"}],"about":[{"href":"https:\/\/palaceostromecko.pl\/de\/wp-json\/wp\/v2\/types\/page"}],"author":[{"embeddable":true,"href":"https:\/\/palaceostromecko.pl\/de\/wp-json\/wp\/v2\/users\/6"}],"replies":[{"embeddable":true,"href":"https:\/\/palaceostromecko.pl\/de\/wp-json\/wp\/v2\/comments?post=14800"}],"version-history":[{"count":3,"href":"https:\/\/palaceostromecko.pl\/de\/wp-json\/wp\/v2\/pages\/14800\/revisions"}],"predecessor-version":[{"id":14854,"href":"https:\/\/palaceostromecko.pl\/de\/wp-json\/wp\/v2\/pages\/14800\/revisions\/14854"}],"wp:attachment":[{"href":"https:\/\/palaceostromecko.pl\/de\/wp-json\/wp\/v2\/media?parent=14800"}],"curies":[{"name":"wp","href":"https:\/\/api.w.org\/{rel}","templated":true}]}}