{"id":14789,"date":"2021-03-11T11:06:00","date_gmt":"2021-03-11T11:06:00","guid":{"rendered":"https:\/\/po.marcindziadek.pl\/ueber-uns\/"},"modified":"2026-04-01T12:50:17","modified_gmt":"2026-04-01T12:50:17","slug":"ueber-uns","status":"publish","type":"page","link":"https:\/\/palaceostromecko.pl\/de\/ueber-uns\/","title":{"rendered":"\u00dcber uns"},"content":{"rendered":"<div class=\"lazyblock-hero-presentation-1xFCh9 wp-block-lazyblock-hero-presentation\"><div class=\"wp-block-columns\">\n    <div class=\"wp-block-column\">\n        <h1>\u00dcber uns<\/h1>\n        <p>Der Schloss- und Parkkomplex in Ostromecko ist ein einzigartiger Ort nicht nur in der Region, sondern im ganzen Land.<\/p>    <\/div>\n    <div class=\"wp-block-column\">\n                      \n <img loading=\"lazy\" decoding=\"async\" width=\"880\" height=\"640\" src=\"https:\/\/palaceostromecko.pl\/wp-content\/uploads\/2021\/01\/park-palacowy-staw-460x310.png\" alt=\"Oczko wodne. W tle drzewa i Stary Pa\u0142ac.\"\n        sizes=\"auto, max-width:960px 100vw, \n               50vw\"\n        srcset=\"https:\/\/palaceostromecko.pl\/wp-content\/uploads\/2021\/01\/park-palacowy-staw-460x310.png 430w, \n        https:\/\/palaceostromecko.pl\/wp-content\/uploads\/2021\/01\/park-palacowy-staw-730x490.png 730w, \n        https:\/\/palaceostromecko.pl\/wp-content\/uploads\/2021\/01\/park-palacowy-staw.png 1000w\">\n        \n        \n   \n            <\/div>\n<\/div><\/div>\n<p>Auf dem weitl\u00e4ufigen Gel\u00e4nde inmitten \u00fcppiger W\u00e4lder und englischer und italienischer G\u00e4rten befinden sich zwei Pal\u00e4ste, die beide der \u00d6ffentlichkeit zug\u00e4nglich sind und jeweils in einem anderen Baustil errichtet wurden. Im klassizistischen Neuen Palais k\u00f6nnen Sie R\u00e4ume im Stil der Epoche besichtigen, eine Sammlung von Instrumenten aus den Bromberger Fabriken (Sommerfeld-Lagerhaus) sehen sowie das Angebot des Palastrestaurants und der Unterbringung in G\u00e4stezimmern nutzen. Das barocke Alte Schloss beherbergt die historische Chopin-Klaviersammlung. Andrzej Szwalbe.<\/p>\n\n<p>Der Schloss- und Parkkomplex Ostromecko wird vom St\u00e4dtischen Kulturzentrum in Bydgoszcz verwaltet; Direktorin des MCK ist Marzena Matowska.<\/p>\n\n<p>Kommen Sie zu uns!<\/p>\n\n<figure class=\"wp-block-image size-large\"><picture class=\"wp-picture-11788\" style=\"display: contents;\"><source type=\"image\/webp\" srcset=\"https:\/\/palaceostromecko.pl\/wp-content\/uploads\/2021\/03\/DSC_0131-Kopiowanie-1-jpg.webp\"><img data-dominant-color=\"8c8f6d\" data-has-transparency=\"false\" style=\"--dominant-color: #8c8f6d;\" loading=\"lazy\" decoding=\"async\" width=\"1480\" height=\"988\" src=\"https:\/\/palaceostromecko.pl\/wp-content\/uploads\/2021\/03\/DSC_0131-Kopiowanie-1.jpg\" alt=\"Das neue Schloss in Ostromecko\" class=\"wp-image-11788 not-transparent\" \/><\/picture><\/figure>\n","protected":false},"excerpt":{"rendered":"<p>Auf dem weitl\u00e4ufigen Gel\u00e4nde inmitten \u00fcppiger W\u00e4lder und englischer und italienischer G\u00e4rten befinden sich zwei Pal\u00e4ste, die beide der \u00d6ffentlichkeit zug\u00e4nglich sind und jeweils in einem [&hellip;]<\/p>\n","protected":false},"author":6,"featured_media":14792,"parent":0,"menu_order":0,"comment_status":"closed","ping_status":"closed","template":"","meta":{"footnotes":""},"class_list":["post-14789","page","type-page","status-publish","has-post-thumbnail","hentry"],"yoast_head":"<!-- This site is optimized with the Yoast SEO plugin v27.1.1 - https:\/\/yoast.com\/product\/yoast-seo-wordpress\/ -->\n<title>\u00dcber uns - ZPP Ostromecko<\/title>\n<meta name=\"robots\" content=\"index, follow, max-snippet:-1, max-image-preview:large, max-video-preview:-1\" \/>\n<link rel=\"canonical\" href=\"https:\/\/palaceostromecko.pl\/de\/ueber-uns\/\" \/>\n<meta property=\"og:locale\" content=\"de_DE\" \/>\n<meta property=\"og:type\" content=\"article\" \/>\n<meta property=\"og:title\" content=\"\u00dcber uns - ZPP Ostromecko\" \/>\n<meta property=\"og:description\" content=\"Auf dem weitl\u00e4ufigen Gel\u00e4nde inmitten \u00fcppiger W\u00e4lder und englischer und italienischer G\u00e4rten befinden sich zwei Pal\u00e4ste, die beide der \u00d6ffentlichkeit zug\u00e4nglich sind und jeweils in einem [&hellip;]\" \/>\n<meta property=\"og:url\" content=\"https:\/\/palaceostromecko.pl\/de\/ueber-uns\/\" \/>\n<meta property=\"og:site_name\" content=\"ZPP Ostromecko\" \/>\n<meta property=\"article:modified_time\" content=\"2026-04-01T12:50:17+00:00\" \/>\n<meta property=\"og:image\" content=\"https:\/\/palaceostromecko.pl\/wp-content\/uploads\/2021\/01\/park-palacowy-staw.png\" \/>\n\t<meta property=\"og:image:width\" content=\"1105\" \/>\n\t<meta property=\"og:image:height\" content=\"720\" \/>\n\t<meta property=\"og:image:type\" content=\"image\/png\" \/>\n<meta name=\"twitter:card\" content=\"summary_large_image\" \/>\n<meta name=\"twitter:label1\" content=\"Est. reading time\" \/>\n\t<meta name=\"twitter:data1\" content=\"1 minute\" \/>\n<script type=\"application\/ld+json\" class=\"yoast-schema-graph\">{\"@context\":\"https:\/\/schema.org\",\"@graph\":[{\"@type\":\"WebPage\",\"@id\":\"https:\/\/palaceostromecko.pl\/de\/ueber-uns\/\",\"url\":\"https:\/\/palaceostromecko.pl\/de\/ueber-uns\/\",\"name\":\"\u00dcber uns - ZPP Ostromecko\",\"isPartOf\":{\"@id\":\"https:\/\/palaceostromecko.pl\/de\/#website\"},\"primaryImageOfPage\":{\"@id\":\"https:\/\/palaceostromecko.pl\/de\/ueber-uns\/#primaryimage\"},\"image\":{\"@id\":\"https:\/\/palaceostromecko.pl\/de\/ueber-uns\/#primaryimage\"},\"thumbnailUrl\":\"https:\/\/palaceostromecko.pl\/wp-content\/uploads\/2021\/01\/park-palacowy-staw.png\",\"datePublished\":\"2021-03-11T11:06:00+00:00\",\"dateModified\":\"2026-04-01T12:50:17+00:00\",\"breadcrumb\":{\"@id\":\"https:\/\/palaceostromecko.pl\/de\/ueber-uns\/#breadcrumb\"},\"inLanguage\":\"de-DE\",\"potentialAction\":[{\"@type\":\"ReadAction\",\"target\":[\"https:\/\/palaceostromecko.pl\/de\/ueber-uns\/\"]}]},{\"@type\":\"ImageObject\",\"inLanguage\":\"de-DE\",\"@id\":\"https:\/\/palaceostromecko.pl\/de\/ueber-uns\/#primaryimage\",\"url\":\"https:\/\/palaceostromecko.pl\/wp-content\/uploads\/2021\/01\/park-palacowy-staw.png\",\"contentUrl\":\"https:\/\/palaceostromecko.pl\/wp-content\/uploads\/2021\/01\/park-palacowy-staw.png\",\"width\":1105,\"height\":720},{\"@type\":\"BreadcrumbList\",\"@id\":\"https:\/\/palaceostromecko.pl\/de\/ueber-uns\/#breadcrumb\",\"itemListElement\":[{\"@type\":\"ListItem\",\"position\":1,\"name\":\"Strona g\u0142\u00f3wna\",\"item\":\"https:\/\/palaceostromecko.pl\/de\/\"},{\"@type\":\"ListItem\",\"position\":2,\"name\":\"\u00dcber uns\"}]},{\"@type\":\"WebSite\",\"@id\":\"https:\/\/palaceostromecko.pl\/de\/#website\",\"url\":\"https:\/\/palaceostromecko.pl\/de\/\",\"name\":\"ZPP Ostromecko\",\"description\":\"\",\"potentialAction\":[{\"@type\":\"SearchAction\",\"target\":{\"@type\":\"EntryPoint\",\"urlTemplate\":\"https:\/\/palaceostromecko.pl\/de\/?s={search_term_string}\"},\"query-input\":{\"@type\":\"PropertyValueSpecification\",\"valueRequired\":true,\"valueName\":\"search_term_string\"}}],\"inLanguage\":\"de-DE\"}]}<\/script>\n<!-- \/ Yoast SEO plugin. -->","yoast_head_json":{"title":"\u00dcber uns - ZPP Ostromecko","robots":{"index":"index","follow":"follow","max-snippet":"max-snippet:-1","max-image-preview":"max-image-preview:large","max-video-preview":"max-video-preview:-1"},"canonical":"https:\/\/palaceostromecko.pl\/de\/ueber-uns\/","og_locale":"de_DE","og_type":"article","og_title":"\u00dcber uns - ZPP Ostromecko","og_description":"Auf dem weitl\u00e4ufigen Gel\u00e4nde inmitten \u00fcppiger W\u00e4lder und englischer und italienischer G\u00e4rten befinden sich zwei Pal\u00e4ste, die beide der \u00d6ffentlichkeit zug\u00e4nglich sind und jeweils in einem [&hellip;]","og_url":"https:\/\/palaceostromecko.pl\/de\/ueber-uns\/","og_site_name":"ZPP Ostromecko","article_modified_time":"2026-04-01T12:50:17+00:00","og_image":[{"width":1105,"height":720,"url":"https:\/\/palaceostromecko.pl\/wp-content\/uploads\/2021\/01\/park-palacowy-staw.png","type":"image\/png"}],"twitter_card":"summary_large_image","twitter_misc":{"Est. reading time":"1 minute"},"schema":{"@context":"https:\/\/schema.org","@graph":[{"@type":"WebPage","@id":"https:\/\/palaceostromecko.pl\/de\/ueber-uns\/","url":"https:\/\/palaceostromecko.pl\/de\/ueber-uns\/","name":"\u00dcber uns - ZPP Ostromecko","isPartOf":{"@id":"https:\/\/palaceostromecko.pl\/de\/#website"},"primaryImageOfPage":{"@id":"https:\/\/palaceostromecko.pl\/de\/ueber-uns\/#primaryimage"},"image":{"@id":"https:\/\/palaceostromecko.pl\/de\/ueber-uns\/#primaryimage"},"thumbnailUrl":"https:\/\/palaceostromecko.pl\/wp-content\/uploads\/2021\/01\/park-palacowy-staw.png","datePublished":"2021-03-11T11:06:00+00:00","dateModified":"2026-04-01T12:50:17+00:00","breadcrumb":{"@id":"https:\/\/palaceostromecko.pl\/de\/ueber-uns\/#breadcrumb"},"inLanguage":"de-DE","potentialAction":[{"@type":"ReadAction","target":["https:\/\/palaceostromecko.pl\/de\/ueber-uns\/"]}]},{"@type":"ImageObject","inLanguage":"de-DE","@id":"https:\/\/palaceostromecko.pl\/de\/ueber-uns\/#primaryimage","url":"https:\/\/palaceostromecko.pl\/wp-content\/uploads\/2021\/01\/park-palacowy-staw.png","contentUrl":"https:\/\/palaceostromecko.pl\/wp-content\/uploads\/2021\/01\/park-palacowy-staw.png","width":1105,"height":720},{"@type":"BreadcrumbList","@id":"https:\/\/palaceostromecko.pl\/de\/ueber-uns\/#breadcrumb","itemListElement":[{"@type":"ListItem","position":1,"name":"Strona g\u0142\u00f3wna","item":"https:\/\/palaceostromecko.pl\/de\/"},{"@type":"ListItem","position":2,"name":"\u00dcber uns"}]},{"@type":"WebSite","@id":"https:\/\/palaceostromecko.pl\/de\/#website","url":"https:\/\/palaceostromecko.pl\/de\/","name":"ZPP Ostromecko","description":"","potentialAction":[{"@type":"SearchAction","target":{"@type":"EntryPoint","urlTemplate":"https:\/\/palaceostromecko.pl\/de\/?s={search_term_string}"},"query-input":{"@type":"PropertyValueSpecification","valueRequired":true,"valueName":"search_term_string"}}],"inLanguage":"de-DE"}]}},"_links":{"self":[{"href":"https:\/\/palaceostromecko.pl\/de\/wp-json\/wp\/v2\/pages\/14789","targetHints":{"allow":["GET"]}}],"collection":[{"href":"https:\/\/palaceostromecko.pl\/de\/wp-json\/wp\/v2\/pages"}],"about":[{"href":"https:\/\/palaceostromecko.pl\/de\/wp-json\/wp\/v2\/types\/page"}],"author":[{"embeddable":true,"href":"https:\/\/palaceostromecko.pl\/de\/wp-json\/wp\/v2\/users\/6"}],"replies":[{"embeddable":true,"href":"https:\/\/palaceostromecko.pl\/de\/wp-json\/wp\/v2\/comments?post=14789"}],"version-history":[{"count":68,"href":"https:\/\/palaceostromecko.pl\/de\/wp-json\/wp\/v2\/pages\/14789\/revisions"}],"predecessor-version":[{"id":19803,"href":"https:\/\/palaceostromecko.pl\/de\/wp-json\/wp\/v2\/pages\/14789\/revisions\/19803"}],"wp:featuredmedia":[{"embeddable":true,"href":"https:\/\/palaceostromecko.pl\/de\/wp-json\/wp\/v2\/media\/14792"}],"wp:attachment":[{"href":"https:\/\/palaceostromecko.pl\/de\/wp-json\/wp\/v2\/media?parent=14789"}],"curies":[{"name":"wp","href":"https:\/\/api.w.org\/{rel}","templated":true}]}}