{"id":14768,"date":"2021-03-03T19:56:23","date_gmt":"2021-03-03T19:56:23","guid":{"rendered":"https:\/\/po.marcindziadek.pl\/en\/familienpicknicks\/"},"modified":"2023-12-04T09:28:43","modified_gmt":"2023-12-04T09:28:43","slug":"familienpicknicks","status":"publish","type":"page","link":"https:\/\/palaceostromecko.pl\/de\/familienpicknicks\/","title":{"rendered":"Familienpicknicks"},"content":{"rendered":"<div class=\"lazyblock-hero-regular-cta-MbS80 wp-block-lazyblock-hero-regular-cta\"><style>\n                    .no-webp .lazyblock-hero-regular-cta-MbS80 .hero {\n                        background-image:url(\"https:\/\/palaceostromecko.pl\/wp-content\/uploads\/2022\/10\/pikniki-rodzinne-730x360.png\");\n                        background-position: center center;\n                    }\n                    .webp .lazyblock-hero-regular-cta-MbS80 .hero{\n                        background-image:url(\"https:\/\/palaceostromecko.pl\/wp-content\/uploads\/2022\/10\/pikniki-rodzinne-730x360.png\");\n                        background-position: center center;\n                    }\n                    @media screen and (min-width: 660px) {\n                        .no-webp .lazyblock-hero-regular-cta-MbS80 .hero {\n                            background-image:url(\"https:\/\/palaceostromecko.pl\/wp-content\/uploads\/2022\/10\/pikniki-rodzinne.png\");\n                            background-position: center center;\n                        }\n                        .webp .lazyblock-hero-regular-cta-MbS80 .hero{\n                            background-image:url(\"https:\/\/palaceostromecko.pl\/wp-content\/uploads\/2022\/10\/pikniki-rodzinne.png.\");\n                            background-position: center center;\n                        }\n                    }\n                    @media screen and (min-width: 1300px) {\n                        .no-webp .lazyblock-hero-regular-cta-MbS80 .hero {\n                            background-image:url(\"https:\/\/palaceostromecko.pl\/wp-content\/uploads\/2022\/10\/pikniki-rodzinne.png\");\n                            background-position: center center;\n                        }\n                        .webp .lazyblock-hero-regular-cta-MbS80 .hero{\n                            background-image:url(\"https:\/\/palaceostromecko.pl\/wp-content\/uploads\/2022\/10\/pikniki-rodzinne.png\");\n                            background-position: center center;\n                        }\n                    }\n                    <\/style><div class=\"hero\"><\/div>\n<h1>Familienpicknick &#8211; mieten Sie einen Korb und entspannen Sie sich im Gr\u00fcnen<\/h1>\n<div class=\"wp-block-columns\">\n    <div class=\"wp-block-column\">\n        <p>Der Park in Ostromecko ist der ideale Ort f\u00fcr idyllische Wochenenden und faule Nachmittage. Am 1. Mai er\u00f6ffnen wir also die Picknick-Saison &#8211; Sie k\u00f6nnen sich einen Korb voller Leckereien und gesunder Snacks, angereichert mit lokalen K\u00f6stlichkeiten, im Restaurant des Neuen Schlosses ausleihen. Wir haben alles f\u00fcr Sie &#8211; Besteck und Teller, Servietten und Decken.  <\/p>    <\/div>\n    <div class=\"wp-block-column\">\n        <div class=\"cta\">\n        <h2>Reservieren Sie einen Beh\u00e4lter<\/h2>\n<p>tel.  <strong>+48 785 251 162<\/strong><\/p>\n<p>Bitte bestellen Sie mindestens einen Tag im Voraus und kontaktieren Sie uns bis 18 Uhr.<\/p>    <\/div>\n    <\/div>\n<\/div><\/div>\n<p><\/p>\n\n<p>M\u00fclleimer-Bestellungen werden am Tag vor dem Besuch bis 18 Uhr entgegengenommen. Sammlung im Speisesaal des Neuen Schlosses in Ostromecko. Rufnummer <a><\/a>785 251 162. Der Preis f\u00fcr den Korb betr\u00e4gt 99 \u00a3. Das Picknick-Angebot gilt vom 1. Mai bis zum 31. August.<\/p>\n\n<p>Traditioneller Korb &#8211; Earl&#8217;s Treat:<\/p>\n\n<p>Baguette mit ger\u00e4uchertem H\u00e4hnchen, griechischer Chefsalat, frisches Gem\u00fcse mit Dip, Obst der Saison, Mini-Fruchtt\u00f6rtchen, Ostromecko-Wasser oder Saft Ihrer Wahl<\/p>\n\n<p>Veganer Korb &#8211; Die Delikatesse der Gr\u00e4fin:<\/p>\n\n<p>Hummus auf Kn\u00e4ckebrot, Chefsalat mit Gem\u00fcse und Kr\u00e4uterdressing, Obstsalat der Saison, frisches Gem\u00fcse mit Dip, Bananen-Haferkuchen, Ostromecko-Wasser oder Saft Ihrer Wahl.<\/p>\n\n<p><\/p>\n\n<p><strong>M\u00fclleimer-Bestellungen werden am Tag vor dem Besuch bis 18 Uhr entgegengenommen.  <\/strong><\/p>\n\n<p>Rufnummer <strong>785 251 162.<\/strong><\/p>\n\n<p>Sammlung im Speisesaal des Neuen Schlosses in Ostromecko.  <strong> <\/strong><\/p>\n\n<p><strong>Der Preis f\u00fcr den Korb betr\u00e4gt 99 \u00a3.<\/strong>  ( + Kaution von 50 PLN in bar)<\/p>\n","protected":false},"excerpt":{"rendered":"<p>M\u00fclleimer-Bestellungen werden am Tag vor dem Besuch bis 18 Uhr entgegengenommen. Sammlung im Speisesaal des Neuen Schlosses in Ostromecko. Rufnummer 785 251 162. Der Preis f\u00fcr [&hellip;]<\/p>\n","protected":false},"author":6,"featured_media":0,"parent":0,"menu_order":0,"comment_status":"closed","ping_status":"closed","template":"","meta":{"footnotes":""},"class_list":["post-14768","page","type-page","status-publish","hentry"],"yoast_head":"<!-- This site is optimized with the Yoast SEO plugin v27.1.1 - https:\/\/yoast.com\/product\/yoast-seo-wordpress\/ -->\n<title>Familienpicknicks - ZPP Ostromecko<\/title>\n<meta name=\"robots\" content=\"index, follow, max-snippet:-1, max-image-preview:large, max-video-preview:-1\" \/>\n<link rel=\"canonical\" href=\"https:\/\/palaceostromecko.pl\/de\/familienpicknicks\/\" \/>\n<meta property=\"og:locale\" content=\"de_DE\" \/>\n<meta property=\"og:type\" content=\"article\" \/>\n<meta property=\"og:title\" content=\"Familienpicknicks - ZPP Ostromecko\" \/>\n<meta property=\"og:description\" content=\"M\u00fclleimer-Bestellungen werden am Tag vor dem Besuch bis 18 Uhr entgegengenommen. Sammlung im Speisesaal des Neuen Schlosses in Ostromecko. Rufnummer 785 251 162. Der Preis f\u00fcr [&hellip;]\" \/>\n<meta property=\"og:url\" content=\"https:\/\/palaceostromecko.pl\/de\/familienpicknicks\/\" \/>\n<meta property=\"og:site_name\" content=\"ZPP Ostromecko\" \/>\n<meta property=\"article:modified_time\" content=\"2023-12-04T09:28:43+00:00\" \/>\n<meta name=\"twitter:card\" content=\"summary_large_image\" \/>\n<meta name=\"twitter:label1\" content=\"Est. reading time\" \/>\n\t<meta name=\"twitter:data1\" content=\"1 minute\" \/>\n<script type=\"application\/ld+json\" class=\"yoast-schema-graph\">{\"@context\":\"https:\/\/schema.org\",\"@graph\":[{\"@type\":\"WebPage\",\"@id\":\"https:\/\/palaceostromecko.pl\/de\/familienpicknicks\/\",\"url\":\"https:\/\/palaceostromecko.pl\/de\/familienpicknicks\/\",\"name\":\"Familienpicknicks - ZPP Ostromecko\",\"isPartOf\":{\"@id\":\"https:\/\/palaceostromecko.pl\/de\/#website\"},\"datePublished\":\"2021-03-03T19:56:23+00:00\",\"dateModified\":\"2023-12-04T09:28:43+00:00\",\"breadcrumb\":{\"@id\":\"https:\/\/palaceostromecko.pl\/de\/familienpicknicks\/#breadcrumb\"},\"inLanguage\":\"de-DE\",\"potentialAction\":[{\"@type\":\"ReadAction\",\"target\":[\"https:\/\/palaceostromecko.pl\/de\/familienpicknicks\/\"]}]},{\"@type\":\"BreadcrumbList\",\"@id\":\"https:\/\/palaceostromecko.pl\/de\/familienpicknicks\/#breadcrumb\",\"itemListElement\":[{\"@type\":\"ListItem\",\"position\":1,\"name\":\"Strona g\u0142\u00f3wna\",\"item\":\"https:\/\/palaceostromecko.pl\/de\/\"},{\"@type\":\"ListItem\",\"position\":2,\"name\":\"Familienpicknicks\"}]},{\"@type\":\"WebSite\",\"@id\":\"https:\/\/palaceostromecko.pl\/de\/#website\",\"url\":\"https:\/\/palaceostromecko.pl\/de\/\",\"name\":\"ZPP Ostromecko\",\"description\":\"\",\"potentialAction\":[{\"@type\":\"SearchAction\",\"target\":{\"@type\":\"EntryPoint\",\"urlTemplate\":\"https:\/\/palaceostromecko.pl\/de\/?s={search_term_string}\"},\"query-input\":{\"@type\":\"PropertyValueSpecification\",\"valueRequired\":true,\"valueName\":\"search_term_string\"}}],\"inLanguage\":\"de-DE\"}]}<\/script>\n<!-- \/ Yoast SEO plugin. -->","yoast_head_json":{"title":"Familienpicknicks - ZPP Ostromecko","robots":{"index":"index","follow":"follow","max-snippet":"max-snippet:-1","max-image-preview":"max-image-preview:large","max-video-preview":"max-video-preview:-1"},"canonical":"https:\/\/palaceostromecko.pl\/de\/familienpicknicks\/","og_locale":"de_DE","og_type":"article","og_title":"Familienpicknicks - ZPP Ostromecko","og_description":"M\u00fclleimer-Bestellungen werden am Tag vor dem Besuch bis 18 Uhr entgegengenommen. Sammlung im Speisesaal des Neuen Schlosses in Ostromecko. Rufnummer 785 251 162. Der Preis f\u00fcr [&hellip;]","og_url":"https:\/\/palaceostromecko.pl\/de\/familienpicknicks\/","og_site_name":"ZPP Ostromecko","article_modified_time":"2023-12-04T09:28:43+00:00","twitter_card":"summary_large_image","twitter_misc":{"Est. reading time":"1 minute"},"schema":{"@context":"https:\/\/schema.org","@graph":[{"@type":"WebPage","@id":"https:\/\/palaceostromecko.pl\/de\/familienpicknicks\/","url":"https:\/\/palaceostromecko.pl\/de\/familienpicknicks\/","name":"Familienpicknicks - ZPP Ostromecko","isPartOf":{"@id":"https:\/\/palaceostromecko.pl\/de\/#website"},"datePublished":"2021-03-03T19:56:23+00:00","dateModified":"2023-12-04T09:28:43+00:00","breadcrumb":{"@id":"https:\/\/palaceostromecko.pl\/de\/familienpicknicks\/#breadcrumb"},"inLanguage":"de-DE","potentialAction":[{"@type":"ReadAction","target":["https:\/\/palaceostromecko.pl\/de\/familienpicknicks\/"]}]},{"@type":"BreadcrumbList","@id":"https:\/\/palaceostromecko.pl\/de\/familienpicknicks\/#breadcrumb","itemListElement":[{"@type":"ListItem","position":1,"name":"Strona g\u0142\u00f3wna","item":"https:\/\/palaceostromecko.pl\/de\/"},{"@type":"ListItem","position":2,"name":"Familienpicknicks"}]},{"@type":"WebSite","@id":"https:\/\/palaceostromecko.pl\/de\/#website","url":"https:\/\/palaceostromecko.pl\/de\/","name":"ZPP Ostromecko","description":"","potentialAction":[{"@type":"SearchAction","target":{"@type":"EntryPoint","urlTemplate":"https:\/\/palaceostromecko.pl\/de\/?s={search_term_string}"},"query-input":{"@type":"PropertyValueSpecification","valueRequired":true,"valueName":"search_term_string"}}],"inLanguage":"de-DE"}]}},"_links":{"self":[{"href":"https:\/\/palaceostromecko.pl\/de\/wp-json\/wp\/v2\/pages\/14768","targetHints":{"allow":["GET"]}}],"collection":[{"href":"https:\/\/palaceostromecko.pl\/de\/wp-json\/wp\/v2\/pages"}],"about":[{"href":"https:\/\/palaceostromecko.pl\/de\/wp-json\/wp\/v2\/types\/page"}],"author":[{"embeddable":true,"href":"https:\/\/palaceostromecko.pl\/de\/wp-json\/wp\/v2\/users\/6"}],"replies":[{"embeddable":true,"href":"https:\/\/palaceostromecko.pl\/de\/wp-json\/wp\/v2\/comments?post=14768"}],"version-history":[{"count":3,"href":"https:\/\/palaceostromecko.pl\/de\/wp-json\/wp\/v2\/pages\/14768\/revisions"}],"predecessor-version":[{"id":14788,"href":"https:\/\/palaceostromecko.pl\/de\/wp-json\/wp\/v2\/pages\/14768\/revisions\/14788"}],"wp:attachment":[{"href":"https:\/\/palaceostromecko.pl\/de\/wp-json\/wp\/v2\/media?parent=14768"}],"curies":[{"name":"wp","href":"https:\/\/api.w.org\/{rel}","templated":true}]}}